{"id":123,"date":"2021-09-24T08:24:48","date_gmt":"2021-09-24T08:24:48","guid":{"rendered":"http:\/\/10.156.112.25\/kipiam\/?page_id=123"},"modified":"2021-12-01T08:42:17","modified_gmt":"2021-12-01T08:42:17","slug":"historia","status":"publish","type":"page","link":"https:\/\/kipiam.agh.edu.pl\/?page_id=123","title":{"rendered":"Historia"},"content":{"rendered":"\n<div class=\"wp-block-image\"><figure class=\"aligncenter size-large\"><img loading=\"lazy\" decoding=\"async\" width=\"1024\" height=\"951\" src=\"http:\/\/10.156.112.25\/kipiam\/wp-content\/uploads\/2021\/09\/zdjecie1-1024x951.jpg\" alt=\"\" class=\"wp-image-145\" srcset=\"https:\/\/kipiam.agh.edu.pl\/wp-content\/uploads\/2021\/09\/zdjecie1-1024x951.jpg 1024w, https:\/\/kipiam.agh.edu.pl\/wp-content\/uploads\/2021\/09\/zdjecie1-300x279.jpg 300w, https:\/\/kipiam.agh.edu.pl\/wp-content\/uploads\/2021\/09\/zdjecie1-768x713.jpg 768w, https:\/\/kipiam.agh.edu.pl\/wp-content\/uploads\/2021\/09\/zdjecie1-1536x1426.jpg 1536w, https:\/\/kipiam.agh.edu.pl\/wp-content\/uploads\/2021\/09\/zdjecie1-2048x1902.jpg 2048w\" sizes=\"auto, (max-width: 1024px) 100vw, 1024px\" \/><figcaption><em>Zak\u0142ad Analiz Strukturalnych doc. Karola Przyby\u0142owicza, 1972 rok. Siedz\u0105 od lewej: mgr Ewa Si\u0144czak, mgr Eleonora Urbaniec, doc. Karol Przyby\u0142owicz, dr Stanis\u0142awa Jasie\u0144ska, mgr Danuta Tolkowicz; Stoj\u0105 od lewej: mgr Jan Kusi\u0144ski, mgr Ireneusz Suliga , mgr Piotr Bolecha\u0142a, mgr Maciej Ko\u0142odziejczyk, mgr Andrzej Janas<\/em><br><\/figcaption><\/figure><\/div>\n\n\n\n<p>Zak\u0142ad Analiz Strukturalnych zosta\u0142 powo\u0142any 1 pa\u017adziernika 1969 roku (15.06.1969 rok) wraz z reorganizacj\u0105 struktury Uczelni, polegaj\u0105cej na utworzeniu na poszczeg\u00f3lnych Wydzia\u0142ach w miejsce Katedr, Instytut\u00f3w z Zak\u0142adami. Stanowisko kierownika zak\u0142adu obj\u0105\u0142 w\u00f3wczas doc. dr in\u017c. Karol Przyby\u0142owicz, a na potrzeby Zak\u0142adu wyremontowane zosta\u0142y pomieszczenia na parterze paw. B\u20135, po prawej stronie korytarza. By\u0142y to dawne pomieszczenia mieszkalne, adoptowane na potrzeby laboratoryjno\u2013administracyjne. Zak\u0142ad Analiz Strukturalnych mia\u0142 by\u0107 jednostka us\u0142ugow\u0105 dla innych Zak\u0142ad\u00f3w Instytutu Metalurgii, a tak\u017ce Huty im. Lenina, Instytutu Odlewnictwa i Uniwersytetu Jagiello\u0144skiego. Wyposa\u017cenie Zak\u0142adu mia\u0142y stanowi\u0107 urz\u0105dzenia, ju\u017c sprowadzone na AGH: mikroanalizator rentgenowski Cameca MS46, dyfraktometr rentgenowski DRON\u20131, z przystawkami nisko- i wysokotemperaturowymi oraz kamer\u0105 niskok\u0105tow\u0105 KRM\u20131 i transmisyjny mikroskop elektronowy.<\/p>\n\n\n\n<p>W okresie organizacji Zak\u0142adu, wiosn\u0105 1969 roku, propozycje odbycia sta\u017cu asystenckiego otrzymali dyplomanci specjalno\u015bci Metaloznawstwo i Obr\u00f3bka Cieplna: mgr in\u017c. Barbara Kastner, mgr in\u017c. Jan Kusi\u0144ski oraz mgr in\u017c. Ireneusz Suliga, kt\u00f3rzy ko\u0144czyli w\u00f3wczas 11\u2013semestralne studia. Sta\u017c asystencki rozpocz\u0119li 1 kwietnia 1969 roku, pozostaj\u0105c pocz\u0105tkowo w pomieszczeniach Zak\u0142adu Metaloznawstwa i Obr\u00f3bki Cieplnej. Decyzj\u0105 kierownika Zak\u0142adu mgr B. Kastner mia\u0142a zaj\u0105 si\u0119 organizacj\u0105 pracowni rentgenowskiej, mgr J. Kusi\u0144ski \u2013 pracowni mikroanalizy, a mgr I. Suliga \u2013 pracowni mikroskopii elektronowej. W zwi\u0105zku z unikalno\u015bci\u0105 techniki mikroanalizy rentgenowskiej mgr J. Kusi\u0144ski zosta\u0142 skierowany na p\u00f3\u0142 roczny sta\u017c do IM\u017b w Gliwicach, do pracowni mikroanalizy doc. Edwarda Barszcza. Po zako\u0144czeniu sta\u017cu odesz\u0142a z Zak\u0142adu mgr in\u017c. B. Kastner, podejmuj\u0105c prac\u0119 w Zak\u0142adach Mechanicznych BUMAR \u2013 \u0141ab\u0119dy, natomiast mgr J. Kusi\u0144ski i mgr I. Suliga zostali zatrudnieni na stanowiskach pracownik\u00f3w naukowo\u2013technicznych. W kwietniu 1970 roku rozpocz\u0119to monta\u017c mikroanalizatora rentgenowskiego CAMECA MS46, a w maju dyfraktometru rentgenowskiego DRON-1. Pracowni\u0119 mikroanalizy organizowa\u0142 mgr J. Kusi\u0144ski, a pracowni\u0119 rentgenowsk\u0105 mgr I. Suliga (pracownia mikroskopii elektronowej nie zosta\u0142a zorganizowana, a mikroskop Tesla zosta\u0142 przekazany do Zak\u0142adu MOC). Zak\u0142ad dysponowa\u0142 ju\u017c podstawowym wyposa\u017ceniem biurowym i laboratoryjnym. Zatrudniony by\u0142 elektronik mgr in\u017c. Piotr Bolechala, fotograf \u2013 kre\u015blarz p. Andrzej Janas \u2013 jednocze\u015bnie sta\u017cysta w pracowni mikroanalizy rentgenowskiej i laborant p. Krzysztof Malski. Podczas monta\u017cu mikroanalizatora zaproszona zosta\u0142a do Zak\u0142adu dr in\u017c. Stanis\u0142awa Jasie\u0144ska, z Zak\u0142adu Wielkopiecownictwa, biegle w\u0142adaj\u0105ca j\u0119z. francuskim, by u\u0142atwi\u0107 kontakt z monterem z Cameca. Skutkowa\u0142o to przeniesieniem dr S. Jasie\u0144skiej do Zak\u0142adu, na stanowisko adiunkta. Wraz z pani\u0105 dr Jasi\u0144sk\u0105 do Zak\u0142adu przeszed\u0142 jej dyplomant mgr in\u017c. Maciej Ko\u0142odziejczyk. Wkr\u00f3tce uformowa\u0142y si\u0119 dwa zespo\u0142y badawcze: mikroanalizy i analiz dyfrakcyjnych, kontynuowane by\u0142y prace nad dyfuzj\u0105 graniczn\u0105 (mgr in\u017c. Ewa Si\u0144czak) i odkszta\u0142caniem bikryszta\u0142\u00f3w (mgr I. Suliga). W\u0105tek bada\u0144 dyfuzyjnych poszerzono o problematyk\u0119 homogenizacji stali \u0142o\u017cyskowych (mgr J. Kusi\u0144ski). Od 1 pa\u017adziernika 1970 roku stanowisko asystenta obj\u0105\u0142 mgr I. Suliga, a od 1 marca 1971 \u2013 mgr in\u017c. Jan Kusi\u0144ski. Do Zak\u0142adu przyjmowani byli kolejni sta\u017cy\u015bci \u2013 mgr in\u017c. Ewa Si\u0144czak, mgr in\u017c. Eleonora Urbaniec, pracownicy naukowo \u2013 techniczni \u2013 mgr Danuta Tomkowicz (pracownia rentgenowska). Z Zak\u0142adu Chemii Fizycznej do zespo\u0142u dr Jasie\u0144skiej przesz\u0142a wraz urz\u0105dzeniem (termowaga) pani dr Jadwiga Orewczyk. Zak\u0142ad zajmowa\u0142 ju\u017c pomieszczenia po lewej i prawej stronie ko\u0144ca korytarza parteru B\u20135. Funkcjonowa\u0142y pracownie, sekretariat, ciemnia fotograficzna, laboratorium. Zaj\u0119cia dydaktyczne wykonywano w Zak\u0142adzie Metaloznawstwa i Obr\u00f3bki Cieplnej, podejmuj\u0105c r\u00f3wnocze\u015bnie w\u0142asne, z zakresu metod badawczych. Sta\u0142ym konsultantem pracowni mikroanalizy by\u0142 doc. Edward Barszcz z IM\u017b.<\/p>\n\n\n\n<p>Pierwsz\u0105 habilitacj\u0119 zrobi\u0142 w 1977 roku doc. Karol Przyby\u0142owicz, a pierwszy doktorat \u2013 mgr in\u017c. Barbara Kastner, sta\u017cystka z lat 1969\/70. W lipcu 1980 roku Zak\u0142ad obj\u0105\u0142 pomieszczenia na VIII pi\u0119trze nowo wybudowanego paw. B\u20135. Przeniesiono tam pracowni\u0119 rentgenowsk\u0105, ciemni\u0119, pracowni\u0119 mikroskopow\u0105, sekretariat i gabinet kierownika Zak\u0142adu. W 1988 roku zak\u0142ad by\u0142 organizatorem XXII Kongresu Mikroanalizy i Optyki Rentgenowskiej. W &#8230; 1991 roku w wyniku wybor\u00f3w stanowisko Kierownika Zak\u0142adu obj\u0119\u0142a prof. dr hab. in\u017c. Stanis\u0142awa Jasi\u0144ska.<\/p>\n\n\n\n<div class=\"wp-block-image\"><figure class=\"aligncenter size-large\"><img loading=\"lazy\" decoding=\"async\" width=\"1024\" height=\"636\" src=\"http:\/\/10.156.112.25\/kipiam\/wp-content\/uploads\/2021\/09\/zdjecie2-1024x636.jpg\" alt=\"\" class=\"wp-image-146\" srcset=\"https:\/\/kipiam.agh.edu.pl\/wp-content\/uploads\/2021\/09\/zdjecie2-1024x636.jpg 1024w, https:\/\/kipiam.agh.edu.pl\/wp-content\/uploads\/2021\/09\/zdjecie2-300x186.jpg 300w, https:\/\/kipiam.agh.edu.pl\/wp-content\/uploads\/2021\/09\/zdjecie2-768x477.jpg 768w, https:\/\/kipiam.agh.edu.pl\/wp-content\/uploads\/2021\/09\/zdjecie2-1536x953.jpg 1536w, https:\/\/kipiam.agh.edu.pl\/wp-content\/uploads\/2021\/09\/zdjecie2.jpg 1993w\" sizes=\"auto, (max-width: 1024px) 100vw, 1024px\" \/><figcaption><em>Doc. Karol Przyby\u0142owicz w\u015br\u00f3d pracownik\u00f3w Zak\u0142adu Analiz Strukturalnych po obronie pracy habilitacyjnej, 1977 rok. Od lewej: dr Stanis\u0142awa Jasie\u0144ska, mgr Ewa Stefa\u0144ska, mgr Jan Kusi\u0144ski, mgr Maciej Ko\u0142odziejczyk, doc.Karol Przyby\u0142owicz, mgr Piotr Bolecha\u0142a, mgr D. Tomkowicz, mgr Ireneusz Suliga, sta\u017cysta z Baku &#8211; dr Imanow<\/em><\/figcaption><\/figure><\/div>\n\n\n\n<div class=\"wp-block-image\"><figure class=\"aligncenter size-full\"><img loading=\"lazy\" decoding=\"async\" width=\"712\" height=\"493\" src=\"http:\/\/10.156.112.25\/kipiam\/wp-content\/uploads\/2021\/09\/zdjecie3.jpg\" alt=\"\" class=\"wp-image-147\" srcset=\"https:\/\/kipiam.agh.edu.pl\/wp-content\/uploads\/2021\/09\/zdjecie3.jpg 712w, https:\/\/kipiam.agh.edu.pl\/wp-content\/uploads\/2021\/09\/zdjecie3-300x208.jpg 300w\" sizes=\"auto, (max-width: 712px) 100vw, 712px\" \/><figcaption><em>Uczestnicy seminarium jubileuszowego 20- lecia Zak\u0142adu Analiz Strukturalnych, 1989 rok. Dyplomaci, doktoranci i pracownicy Zak\u0142adu. Od lewej: p. M. Tarka, mgr M. Szyda, in\u017c. H. Maziarz, mgr M. Lech-Grega, mgr S. Ha\u0142aduda, xx, dr H. Klimczyk, xx, mgr A. Mazurkiewicz, prof. S. Jasie\u0144ska, dr S. Gut, dr J. Kusi\u0144ski, prof. Karol Przyby\u0142owicz, prof. J. Pietrzyk, dr B. Kastner, prof. J. Le\u017ca\u0144ski, dr H. Stupnicka, mgr M. Moro\u0144ska, mgr A. Becla, p. A. Marendziuk, xx, mgr M. Ko\u0142odziejczyk, dr S. Kowalczyk, mgr H. Zalewska, mgr W. Kope\u0107, mgr P. Zalewski, dr I. Suliga<\/em><\/figcaption><\/figure><\/div>\n\n\n\n<p>W 1993 roku w zwi\u0105zku z rozszerzeniem prac Zak\u0142ad Analiz Strukturalnych zmieni\u0142 nazw\u0119 na Zak\u0142ad In\u017cynierii i Analiz Materia\u0142\u00f3w. 15 kwietnia 1998 roku zmar\u0142a prof. Stanis\u0142awa Jasi\u0144ska, a stanowisko Kierownika obj\u0105\u0142 prof. dr hab. in\u017c. Jan Kusi\u0144ski. W wyniku reorganizacji Uczelni 2007 w miejsce zak\u0142adu powo\u0142ano Katedr\u0119 In\u017cynierii Powierzchni i Analiz Materia\u0142\u00f3w. Z dniem 1 listopada 2012 Kierownikiem Katedry zosta\u0142 prof. dr hab. in\u017c. Stanis\u0142aw Dymek. Obecnie Katedra liczy 26 os\u00f3b, w tym 14 pracownik\u00f3w naukowo \u2013 dydaktycznych, 2 pracownik\u00f3w administracyjnych, 2 pracownik\u00f3w technicznych i 8 doktorant\u00f3w.<\/p>\n\n\n\n<div class=\"wp-block-image\"><figure class=\"aligncenter size-full\"><img loading=\"lazy\" decoding=\"async\" width=\"1024\" height=\"497\" src=\"http:\/\/10.156.112.25\/kipiam\/wp-content\/uploads\/2021\/09\/zdjecie4.jpg\" alt=\"\" class=\"wp-image-148\" srcset=\"https:\/\/kipiam.agh.edu.pl\/wp-content\/uploads\/2021\/09\/zdjecie4.jpg 1024w, https:\/\/kipiam.agh.edu.pl\/wp-content\/uploads\/2021\/09\/zdjecie4-300x146.jpg 300w, https:\/\/kipiam.agh.edu.pl\/wp-content\/uploads\/2021\/09\/zdjecie4-768x373.jpg 768w\" sizes=\"auto, (max-width: 1024px) 100vw, 1024px\" \/><figcaption><em>Spotkanie Wigilijne Katery In\u017cynierii Powierzchni i Analiz Materia\u0142\u00f3w, 2012 rok. Od lewej siedz\u0105: mgr in\u017c. Jaros\u0142aw Szelc, p. Maria Traka, dr in\u017c. Katarzyna Faryj, dr in\u017c. Agnieszka Radziszewska, mgr Marta G\u00f3ra, dr hab. in\u017c. Agnieszka Kopia, dr in\u017c. Izabela Kalemba, mgr in\u017c. Monika Solecka; Od lewej stoj\u0105: prof. dr hab. in\u017c. Marek Blicharski, dr in\u017c. S\u0142awomir K\u0105c &#8211;  <em>obecny Kierownik KIPiAM<\/em> , go\u015bcinie Kierownik KMiMP &#8211; dr hab. in\u017c. Andrzej Cia\u015b prof AGH, prof. dr hab. in\u017c. Jan Kusi\u0144ski, prof. dr hab. in\u017c. Stanis\u0142aw Dymek, dr in\u017c. \u0141ukasz Cieniek, Dziekan WIMiIP &#8211; dr hab. in\u017c. Tadeusz Telejko prof. AGH, dr in\u017c. Stanis\u0142aw Gut, mgr in\u017c. Wies\u0142aw Brzegowy, mgr in\u017c. Mateusz Kopy\u015bcia\u0144ski, dr hab. in\u017c. Miros\u0142aw Wr\u00f3bel, dr hab. in\u017c. Kazimierz Kowalski, mgr in\u017c. Agnieszka Uniwersa\u0142, mgr in\u017c. Wac\u0142aw Cie\u015bla, mgr in\u017c. Pawe\u0142 Petrzak, mgr in\u017c. Grzegorz Szwachta<\/em><\/figcaption><\/figure><\/div>\n\n\n\n<p>Sk\u0142adamy serdeczne podzi\u0119kowania mgr in\u017c. Agnieszce Uniwersa\u0142, dr in\u017c. Ireneuszowi Sulidze oraz prof. dr hab. in\u017c. Janowi Kusi\u0144skiemu za pomoc przy tworzeniu historii KIPiAM.<\/p>\n","protected":false},"excerpt":{"rendered":"<p>Zak\u0142ad Analiz Strukturalnych zosta\u0142 powo\u0142any 1 pa\u017adziernika 1969 roku (15.06.1969 rok) wraz z reorganizacj\u0105 struktury Uczelni, polegaj\u0105cej na utworzeniu na poszczeg\u00f3lnych Wydzia\u0142ach w miejsce Katedr, Instytut\u00f3w z Zak\u0142adami. Stanowisko kierownika zak\u0142adu obj\u0105\u0142 w\u00f3wczas doc. dr in\u017c. Karol Przyby\u0142owicz, a na potrzeby Zak\u0142adu wyremontowane zosta\u0142y pomieszczenia na parterze paw. B\u20135, po prawej stronie korytarza. By\u0142y to&#8230;<\/p>\n<p class=\"more-link-wrap\"><a href=\"https:\/\/kipiam.agh.edu.pl\/?page_id=123\" class=\"more-link\">Read More<span class=\"screen-reader-text\"> &ldquo;Historia&rdquo;<\/span> &raquo;<\/a><\/p>\n","protected":false},"author":1,"featured_media":0,"parent":0,"menu_order":0,"comment_status":"closed","ping_status":"closed","template":"","meta":{"footnotes":""},"class_list":["post-123","page","type-page","status-publish","hentry"],"_links":{"self":[{"href":"https:\/\/kipiam.agh.edu.pl\/index.php?rest_route=\/wp\/v2\/pages\/123","targetHints":{"allow":["GET"]}}],"collection":[{"href":"https:\/\/kipiam.agh.edu.pl\/index.php?rest_route=\/wp\/v2\/pages"}],"about":[{"href":"https:\/\/kipiam.agh.edu.pl\/index.php?rest_route=\/wp\/v2\/types\/page"}],"author":[{"embeddable":true,"href":"https:\/\/kipiam.agh.edu.pl\/index.php?rest_route=\/wp\/v2\/users\/1"}],"replies":[{"embeddable":true,"href":"https:\/\/kipiam.agh.edu.pl\/index.php?rest_route=%2Fwp%2Fv2%2Fcomments&post=123"}],"version-history":[{"count":4,"href":"https:\/\/kipiam.agh.edu.pl\/index.php?rest_route=\/wp\/v2\/pages\/123\/revisions"}],"predecessor-version":[{"id":536,"href":"https:\/\/kipiam.agh.edu.pl\/index.php?rest_route=\/wp\/v2\/pages\/123\/revisions\/536"}],"wp:attachment":[{"href":"https:\/\/kipiam.agh.edu.pl\/index.php?rest_route=%2Fwp%2Fv2%2Fmedia&parent=123"}],"curies":[{"name":"wp","href":"https:\/\/api.w.org\/{rel}","templated":true}]}}