{"id":151,"date":"2021-09-24T09:17:45","date_gmt":"2021-09-24T09:17:45","guid":{"rendered":"http:\/\/10.156.112.25\/kipiam\/?page_id=151"},"modified":"2021-09-24T09:31:50","modified_gmt":"2021-09-24T09:31:50","slug":"tematyka-badawcz","status":"publish","type":"page","link":"https:\/\/kipiam.agh.edu.pl\/?page_id=151","title":{"rendered":"Tematyka badawcza"},"content":{"rendered":"\n<p>Katedra In\u017cynierii Powierzchni i Analiz Materia\u0142\u00f3w zajmuje si\u0119 zar\u00f3wno wytwarzaniem cienkich warstw i pow\u0142ok, jak i ich wszechstronn\u0105 charakterystyk\u0105 mikrostrukturaln\u0105. Do najwa\u017cniejszych obszar\u00f3w badawczych nale\u017c\u0105:<br>\u2013 powierzchniowa obr\u00f3bka laserowa (stopowanie, hartownie itp.),<br>\u2013 wytwarzanie i badanie cienkich warstw o okre\u015blonym sk\u0142adzie stechiometrycznym na r\u00f3\u017cnorodnych pod\u0142o\u017cach (metalicznych, tlenkowych i polimerowych) za pomoc\u0105 techniki ablacji laserowej (PLD) lub metod\u0105 osadzania za pomoc\u0105 impulsowego dzia\u0142a elektronowego (PED),<br>\u2013 otrzymywanie pow\u0142ok (metalicznych, konwersyjnych, tlenkowych) metodami elektrochemicznymi, chemicznymi oraz technik\u0105 syntezy zol-\u017cel,<br>\u2013 modyfikacja mikrostruktury warstwy wierzchniej materia\u0142\u00f3w metalicznych metod\u0105 tarciow\u0105 z przemieszaniem materia\u0142u (ang. Friction Stir Processing \u2013 FSP),<br>\u2013 badania napoin wykonywanych metodami spawalniczymi,<br>\u2013 hartowanie indukcyjne powierzchni wyrob\u00f3w stalowych,<br>\u2013 mechaniczne wytwarzanie stop\u00f3w (ang. Mechanical Alloying).<\/p>\n\n\n\n<p>Katedra dysponuje nowoczesnymi\u00a0laboratoriami badawczymi\u00a0umo\u017cliwiaj\u0105cymi wszechstronne badania mikroskopowe za pomoc\u0105 mikroskopii \u015bwietlnej i elektronowej skaningowej, badania odporno\u015bci materia\u0142\u00f3w na agresywne \u015brodowiska korozyjne, badania makro-, mikro- i nanotwardo\u015bci materia\u0142\u00f3w, okre\u015blanie sk\u0142adu chemicznego, fazowego badanych materia\u0142\u00f3w (EDS, WDS, EBSD, XRD, XPS) oraz badania stanu powierzchni materia\u0142\u00f3w (pomiary chropowato\u015bci, topografii, mikroskopia si\u0142 atomowych). Do wyposa\u017cenia katedry nale\u017c\u0105 r\u00f3wnie\u017c piece do obr\u00f3bki cieplnej, nowoczesne urz\u0105dzenia do preparatyki pr\u00f3bek do bada\u0144 metalograficznych za pomoc\u0105 mikroskopii \u015bwietlnej oraz elektronowej transmisyjnej i skangowej (urz\u0105dzenia do wycinania i inkludowania pr\u00f3bek, tokarka laboratoryjna, szlifierki, polerki, dimpler, \u015bcieniarka jonowa i elektrolityczna) oraz nowoczesne laboratorium chemiczne.<\/p>\n","protected":false},"excerpt":{"rendered":"<p>Katedra In\u017cynierii Powierzchni i Analiz Materia\u0142\u00f3w zajmuje si\u0119 zar\u00f3wno wytwarzaniem cienkich warstw i pow\u0142ok, jak i ich wszechstronn\u0105 charakterystyk\u0105 mikrostrukturaln\u0105. Do najwa\u017cniejszych obszar\u00f3w badawczych nale\u017c\u0105:\u2013 powierzchniowa obr\u00f3bka laserowa (stopowanie, hartownie itp.),\u2013 wytwarzanie i badanie cienkich warstw o okre\u015blonym sk\u0142adzie stechiometrycznym na r\u00f3\u017cnorodnych pod\u0142o\u017cach (metalicznych, tlenkowych i polimerowych) za pomoc\u0105 techniki ablacji laserowej (PLD) lub metod\u0105&#8230;<\/p>\n<p class=\"more-link-wrap\"><a href=\"https:\/\/kipiam.agh.edu.pl\/?page_id=151\" class=\"more-link\">Read More<span class=\"screen-reader-text\"> &ldquo;Tematyka badawcza&rdquo;<\/span> &raquo;<\/a><\/p>\n","protected":false},"author":1,"featured_media":0,"parent":0,"menu_order":0,"comment_status":"closed","ping_status":"closed","template":"","meta":{"footnotes":""},"class_list":["post-151","page","type-page","status-publish","hentry"],"_links":{"self":[{"href":"https:\/\/kipiam.agh.edu.pl\/index.php?rest_route=\/wp\/v2\/pages\/151","targetHints":{"allow":["GET"]}}],"collection":[{"href":"https:\/\/kipiam.agh.edu.pl\/index.php?rest_route=\/wp\/v2\/pages"}],"about":[{"href":"https:\/\/kipiam.agh.edu.pl\/index.php?rest_route=\/wp\/v2\/types\/page"}],"author":[{"embeddable":true,"href":"https:\/\/kipiam.agh.edu.pl\/index.php?rest_route=\/wp\/v2\/users\/1"}],"replies":[{"embeddable":true,"href":"https:\/\/kipiam.agh.edu.pl\/index.php?rest_route=%2Fwp%2Fv2%2Fcomments&post=151"}],"version-history":[{"count":3,"href":"https:\/\/kipiam.agh.edu.pl\/index.php?rest_route=\/wp\/v2\/pages\/151\/revisions"}],"predecessor-version":[{"id":180,"href":"https:\/\/kipiam.agh.edu.pl\/index.php?rest_route=\/wp\/v2\/pages\/151\/revisions\/180"}],"wp:attachment":[{"href":"https:\/\/kipiam.agh.edu.pl\/index.php?rest_route=%2Fwp%2Fv2%2Fmedia&parent=151"}],"curies":[{"name":"wp","href":"https:\/\/api.w.org\/{rel}","templated":true}]}}