{"id":158,"date":"2021-09-24T09:20:15","date_gmt":"2021-09-24T09:20:15","guid":{"rendered":"http:\/\/10.156.112.25\/kipiam\/?page_id=158"},"modified":"2021-09-24T09:44:21","modified_gmt":"2021-09-24T09:44:21","slug":"wspolpraca-krajowa","status":"publish","type":"page","link":"https:\/\/kipiam.agh.edu.pl\/?page_id=158","title":{"rendered":"Wsp\u00f3\u0142praca krajowa"},"content":{"rendered":"\n<h3 class=\"wp-block-heading\">Wsp\u00f3\u0142praca mi\u0119dzywydzia\u0142owa AGH<\/h3>\n\n\n\n<p><br>1.<a href=\"http:\/\/www.ftj.agh.edu.pl\/\" target=\"_blank\" rel=\"noreferrer noopener\">&nbsp;Wydzia\u0142 Fizyki i Informatyki Stosowanej<\/a><br>2.<a href=\"http:\/\/www.wmn.agh.edu.pl\/pl\/\" target=\"_blank\" rel=\"noreferrer noopener\">&nbsp;Wydzia\u0142 Metali Nie\u017celaznych<\/a><br>3.<a href=\"http:\/\/www.odlewnictwo.agh.edu.pl\/\" target=\"_blank\" rel=\"noreferrer noopener\">&nbsp;Wydzia\u0142 Odlewnictwa<\/a><br>4.<a href=\"http:\/\/www.ceramika.agh.edu.pl\/index.php?id=193\" target=\"_blank\" rel=\"noreferrer noopener\">&nbsp;Wydzia\u0142 In\u017cynierii Materia\u0142owej i Ceramiki<\/a><br>5.<a href=\"http:\/\/www.imir.agh.edu.pl\/\" target=\"_blank\" rel=\"noreferrer noopener\">&nbsp;Wydzia\u0142 Inzynierii Mechanicznej i Robotyki<\/a><br>6.<a href=\"http:\/\/weip.agh.edu.pl\/\" target=\"_blank\" rel=\"noreferrer noopener\">&nbsp;Wydzia\u0142 Energii i Paliw<\/a><br>7.<a href=\"http:\/\/www.acmin.agh.edu.pl\/index.php\/pl\/\" target=\"_blank\" rel=\"noreferrer noopener\">&nbsp;Akademickie Centrum Materia\u0142\u00f3w i Nanotechnologii<\/a><br><\/p>\n\n\n\n<hr class=\"wp-block-separator\"\/>\n\n\n\n<h3 class=\"wp-block-heading\">Wsp\u00f3\u0142praca z krajowymi o\u015brodkami badawczymi<\/h3>\n\n\n\n<p><br>1.<a href=\"http:\/\/www.is.gliwice.pl\/\" target=\"_blank\" rel=\"noreferrer noopener\">&nbsp;Instytut Spawalnictwa w Gliwicach<\/a><br>2.<a href=\"http:\/\/www.imim.pl\/\" target=\"_blank\" rel=\"noreferrer noopener\">&nbsp;Instytut Metalurgii i In\u017cynierii Materia\u0142owej PAN<\/a><br>3.<a href=\"http:\/\/www.iod.krakow.pl\/stronaiod\/strona\/index.php?lang=pl\" target=\"_blank\" rel=\"noreferrer noopener\">&nbsp;Instytut Odlewnictwa<\/a><br>4.<a href=\"http:\/\/www.ifj.edu.pl\/\" target=\"_blank\" rel=\"noreferrer noopener\">&nbsp;Instytut Fizyki J\u0105drowej<\/a><br>5.<a href=\"http:\/\/www.tu.kielce.pl\/\" target=\"_blank\" rel=\"noreferrer noopener\">&nbsp;Politechnika \u015awi\u0119tokrzyska (Centrum Laserowych Technologii Metali)<\/a><br>6.<a href=\"http:\/\/www.ioe.wat.edu.pl\/\" target=\"_blank\" rel=\"noreferrer noopener\">&nbsp;Wojskowa Akademia Techniczna (Instytut Optoelektroniki)<\/a><br>7.<a href=\"http:\/\/www.polsl.pl\/Wydzialy\/RT\/Strony\/Witamy.aspx\" target=\"_blank\" rel=\"noreferrer noopener\">&nbsp;Politechnika \u015al\u0105ska (Wydzia\u0142 Transportu)<\/a><br>8.<a href=\"https:\/\/www.polsl.pl\/Wydzialy\/RCh\/RCh1\/Strony\/Glowna.aspx\" target=\"_blank\" rel=\"noreferrer noopener\">&nbsp;Politechnika \u015al\u0105ska (Wydzia\u0142 Chemiczny)<\/a><br>9.<a href=\"http:\/\/www.mechaniczny.p.lodz.pl\/\" target=\"_blank\" rel=\"noreferrer noopener\">&nbsp;Politechnika \u0141\u00f3dzka (Wydzia\u0142 Mechaniczny)<\/a><br>10.<a href=\"http:\/\/www.ur.edu.pl\/wydzialy\/matematyczno-przyrodniczy\" target=\"_blank\" rel=\"noreferrer noopener\">&nbsp;Uniwersytet Rzeszowski (Wydzia\u0142 Matematyczno Przyrodniczy)<\/a><br>11.<a href=\"http:\/\/www.uz.zgora.pl\/index.php?pl\" target=\"_blank\" rel=\"noreferrer noopener\">&nbsp;Uniwersytet Zielonog\u00f3rski (Wydzia\u0142 Mechaniczny)<\/a><br>12.<a href=\"http:\/\/wmft.up.krakow.pl\/\" target=\"_blank\" rel=\"noreferrer noopener\">&nbsp;Uniwersytet Pedagogiczny (Wydzia\u0142 Matematyczno-Fizyczno-Techniczny)<\/a><br>13.<a href=\"http:\/\/www.wl.uj.edu.pl\/\" target=\"_blank\" rel=\"noreferrer noopener\">&nbsp;Uniwersytet Jagiello\u0144ski (Wydzia\u0142 Lekarski)<\/a><br>15.<a href=\"http:\/\/www.cm-uj.krakow.pl\/uj_2010\/collegium_medicum\/struktura1.php?50028489\" target=\"_blank\" rel=\"noreferrer noopener\">&nbsp;Zak\u0142ad Stomatologii Zachowawczej z Endodoncj\u0105 CMUJ w Krakowie<\/a><br>16.<a href=\"http:\/\/www.imn.gliwice.pl\/\" target=\"_blank\" rel=\"noreferrer noopener\">&nbsp;Instytut Metali Nie\u017celaznych w Gliwicach<\/a><br><\/p>\n\n\n\n<hr class=\"wp-block-separator\"\/>\n\n\n\n<h3 class=\"wp-block-heading\">Krajowa wsp\u00f3\u0142praca naukowo-badawcza z przemys\u0142em<\/h3>\n\n\n\n<p><br>1.<a rel=\"noreferrer noopener\" href=\"http:\/\/www.sefako.com.pl\/O_spolce\/Dzialalnosc\" target=\"_blank\">\u00a0Fabryka Kot\u0142\u00f3w SEFAKO S.A.<\/a><br>2.<a rel=\"noreferrer noopener\" href=\"http:\/\/www.armatura-chemar.pl\/\" target=\"_blank\">\u00a0CHEMAR ARMATURA Sp. z o.o.<\/a><br>3.<a rel=\"noreferrer noopener\" href=\"http:\/\/www.kghm.pl\/index.dhtml?category_id=266\" target=\"_blank\">\u00a0KGHM Polska Mied\u017a S.A. (Oddzia\u0142 Zak\u0142ady Wzbogacania Rud)<\/a><br>4.<a rel=\"noreferrer noopener\" href=\"http:\/\/www.zibet.pl\/\" target=\"_blank\">\u00a0KZibet Sp. z.o.o\u00a0<\/a><br>5.<a rel=\"noreferrer noopener\" href=\"http:\/\/www.adctechnologies.pl\/pl\/\" target=\"_blank\">\u00a0ADC Technologies s.c.\u00a0<\/a><br>5.<a rel=\"noreferrer noopener\" href=\"http:\/\/www.npa.pl\/\" target=\"_blank\">\u00a0Boryszew SA. Oddzia\u0142 Nowoczesne Produkty Aluminiowe (NPA) Skawina\u00a0<\/a><br>6.<a rel=\"noreferrer noopener\" href=\"https:\/\/www.ge.com\/\" target=\"_blank\">\u00a0General Electric Company Polska, Warszawa<\/a><br>7.<a rel=\"noreferrer noopener\" href=\"https:\/\/tokaicobex.com\/\" target=\"_blank\">\u00a0Tokai Cobex Polska<\/a><br>8.<a rel=\"noreferrer noopener\" href=\"https:\/\/eclpolska.pl\/\" target=\"_blank\">\u00a0ECL Tech<\/a><\/p>\n\n\n\n<hr class=\"wp-block-separator\"\/>\n","protected":false},"excerpt":{"rendered":"<p>Wsp\u00f3\u0142praca mi\u0119dzywydzia\u0142owa AGH 1.&nbsp;Wydzia\u0142 Fizyki i Informatyki Stosowanej2.&nbsp;Wydzia\u0142 Metali Nie\u017celaznych3.&nbsp;Wydzia\u0142 Odlewnictwa4.&nbsp;Wydzia\u0142 In\u017cynierii Materia\u0142owej i Ceramiki5.&nbsp;Wydzia\u0142 Inzynierii Mechanicznej i Robotyki6.&nbsp;Wydzia\u0142 Energii i Paliw7.&nbsp;Akademickie Centrum Materia\u0142\u00f3w i Nanotechnologii Wsp\u00f3\u0142praca z krajowymi o\u015brodkami badawczymi 1.&nbsp;Instytut Spawalnictwa w Gliwicach2.&nbsp;Instytut Metalurgii i In\u017cynierii Materia\u0142owej PAN3.&nbsp;Instytut Odlewnictwa4.&nbsp;Instytut Fizyki J\u0105drowej5.&nbsp;Politechnika \u015awi\u0119tokrzyska (Centrum Laserowych Technologii Metali)6.&nbsp;Wojskowa Akademia Techniczna (Instytut Optoelektroniki)7.&nbsp;Politechnika \u015al\u0105ska (Wydzia\u0142 Transportu)8.&nbsp;Politechnika&#8230;<\/p>\n<p class=\"more-link-wrap\"><a href=\"https:\/\/kipiam.agh.edu.pl\/?page_id=158\" class=\"more-link\">Read More<span class=\"screen-reader-text\"> &ldquo;Wsp\u00f3\u0142praca krajowa&rdquo;<\/span> &raquo;<\/a><\/p>\n","protected":false},"author":1,"featured_media":0,"parent":0,"menu_order":0,"comment_status":"closed","ping_status":"closed","template":"","meta":{"footnotes":""},"class_list":["post-158","page","type-page","status-publish","hentry"],"_links":{"self":[{"href":"https:\/\/kipiam.agh.edu.pl\/index.php?rest_route=\/wp\/v2\/pages\/158","targetHints":{"allow":["GET"]}}],"collection":[{"href":"https:\/\/kipiam.agh.edu.pl\/index.php?rest_route=\/wp\/v2\/pages"}],"about":[{"href":"https:\/\/kipiam.agh.edu.pl\/index.php?rest_route=\/wp\/v2\/types\/page"}],"author":[{"embeddable":true,"href":"https:\/\/kipiam.agh.edu.pl\/index.php?rest_route=\/wp\/v2\/users\/1"}],"replies":[{"embeddable":true,"href":"https:\/\/kipiam.agh.edu.pl\/index.php?rest_route=%2Fwp%2Fv2%2Fcomments&post=158"}],"version-history":[{"count":3,"href":"https:\/\/kipiam.agh.edu.pl\/index.php?rest_route=\/wp\/v2\/pages\/158\/revisions"}],"predecessor-version":[{"id":195,"href":"https:\/\/kipiam.agh.edu.pl\/index.php?rest_route=\/wp\/v2\/pages\/158\/revisions\/195"}],"wp:attachment":[{"href":"https:\/\/kipiam.agh.edu.pl\/index.php?rest_route=%2Fwp%2Fv2%2Fmedia&parent=158"}],"curies":[{"name":"wp","href":"https:\/\/api.w.org\/{rel}","templated":true}]}}