{"id":160,"date":"2021-09-24T09:20:49","date_gmt":"2021-09-24T09:20:49","guid":{"rendered":"http:\/\/10.156.112.25\/kipiam\/?page_id=160"},"modified":"2021-09-24T09:45:03","modified_gmt":"2021-09-24T09:45:03","slug":"wspolpraca-miedzynarodowa","status":"publish","type":"page","link":"https:\/\/kipiam.agh.edu.pl\/?page_id=160","title":{"rendered":"Wsp\u00f3\u0142praca mi\u0119dzynarodowa"},"content":{"rendered":"\n<h3 class=\"wp-block-heading\">Wsp\u00f3\u0142praca z zagranicznymi o\u015brodkami badawczymi<\/h3>\n\n\n\n<p><br>1.<a href=\"http:\/\/www.bam.de\/en\/index.htm\" target=\"_blank\" rel=\"noreferrer noopener\">&nbsp;Bundesanstalt f\u00fcr Materialforschung und -pr\u00fcfung BAM, Niemcy<\/a><br>2.<a href=\"http:\/\/www.univ-tln.fr\/\" target=\"_blank\" rel=\"noreferrer noopener\">&nbsp;Universit\u00e9 du Sud &#8211; Toulon \u2013 Var, Francja<\/a><br>3.<a href=\"http:\/\/www.kuleuven.be\/english\/\" target=\"_blank\" rel=\"noreferrer noopener\">&nbsp;Katholieke Universiteit Leuven, Belgia<\/a><br>4.<a href=\"http:\/\/www.ub.edu\/web\/ub\/en\/index.html\" target=\"_blank\" rel=\"noreferrer noopener\">&nbsp;University of Barcelona (Thermal Spray Centre), Hiszpania<\/a><br>5.<a href=\"http:\/\/www.imnr.ro\/\" target=\"_blank\" rel=\"noreferrer noopener\">&nbsp;Institute for Nonferrous and Rare Metals, Rumunia<\/a><br>6.<a href=\"http:\/\/www.jinr.ru\/main-en\/\" target=\"_blank\" rel=\"noreferrer noopener\">&nbsp;Joint Institute for Nuclear Research, Dubna, Russia<\/a><br>7.<a href=\"http:\/\/miamioh.edu\/\" target=\"_blank\" rel=\"noreferrer noopener\">&nbsp;Miami University, Oxford, Ohio, USA<\/a><br>8.<a href=\"https:\/\/www.biomat.tf.fau.eu\/\" target=\"_blank\" rel=\"noreferrer noopener\">&nbsp;Institute of Biomaterials, Department of Materials Science and Engineering University of Erlangen-Nuremberg, Niemcy<\/a><br>9.<a href=\"https:\/\/www.bfh.ch\/ti\/de\/forschung\/forschungsbereiche\/institut-applied-laser-photonics-surface-technologies\/\" target=\"_blank\" rel=\"noreferrer noopener\">&nbsp;Berner Fachhochschule (Bern University of Applied Sciences), Szwajcaria<\/a><br><\/p>\n\n\n\n<hr class=\"wp-block-separator\"\/>\n\n\n\n<h3 class=\"wp-block-heading\">Zagraniczna wsp\u00f3\u0142praca naukowo-badawcza z przemys\u0142em<\/h3>\n\n\n\n<p><br>1.<a rel=\"noreferrer noopener\" href=\"http:\/\/www.mbn.it\/eng\/\" target=\"_blank\">\u00a0MBN Nanomaterialia S.p.A., W\u0142ochy<\/a><br>2.<a rel=\"noreferrer noopener\" href=\"http:\/\/www.matres.org\/Sito\/Home.html\" target=\"_blank\">\u00a0Matres scrl , W\u0142ochy<\/a><br>3.<a rel=\"noreferrer noopener\" href=\"http:\/\/www.impact-innovations.com\/en\/index_en.html\" target=\"_blank\">\u00a0Impact, Niemcy<\/a><br>4.<a rel=\"noreferrer noopener\" href=\"http:\/\/www.alhenia.com\/en\/home.html\" target=\"_blank\">\u00a0Alhenia AG, Szwajcaria<\/a><br>5.<a rel=\"noreferrer noopener\" href=\"http:\/\/www.grantadesign.com\/\" target=\"_blank\">\u00a0Granta ltd, Wielka Brytania<\/a><br>6.<a rel=\"noreferrer noopener\" href=\"http:\/\/www.falexint.com\/en\/solutions\" target=\"_blank\">\u00a0Falex Tribology NV, Belgia<\/a><\/p>\n\n\n\n<hr class=\"wp-block-separator\"\/>\n","protected":false},"excerpt":{"rendered":"<p>Wsp\u00f3\u0142praca z zagranicznymi o\u015brodkami badawczymi 1.&nbsp;Bundesanstalt f\u00fcr Materialforschung und -pr\u00fcfung BAM, Niemcy2.&nbsp;Universit\u00e9 du Sud &#8211; Toulon \u2013 Var, Francja3.&nbsp;Katholieke Universiteit Leuven, Belgia4.&nbsp;University of Barcelona (Thermal Spray Centre), Hiszpania5.&nbsp;Institute for Nonferrous and Rare Metals, Rumunia6.&nbsp;Joint Institute for Nuclear Research, Dubna, Russia7.&nbsp;Miami University, Oxford, Ohio, USA8.&nbsp;Institute of Biomaterials, Department of Materials Science and Engineering University of Erlangen-Nuremberg,&#8230;<\/p>\n<p class=\"more-link-wrap\"><a href=\"https:\/\/kipiam.agh.edu.pl\/?page_id=160\" class=\"more-link\">Read More<span class=\"screen-reader-text\"> &ldquo;Wsp\u00f3\u0142praca mi\u0119dzynarodowa&rdquo;<\/span> &raquo;<\/a><\/p>\n","protected":false},"author":1,"featured_media":0,"parent":0,"menu_order":0,"comment_status":"closed","ping_status":"closed","template":"","meta":{"footnotes":""},"class_list":["post-160","page","type-page","status-publish","hentry"],"_links":{"self":[{"href":"https:\/\/kipiam.agh.edu.pl\/index.php?rest_route=\/wp\/v2\/pages\/160","targetHints":{"allow":["GET"]}}],"collection":[{"href":"https:\/\/kipiam.agh.edu.pl\/index.php?rest_route=\/wp\/v2\/pages"}],"about":[{"href":"https:\/\/kipiam.agh.edu.pl\/index.php?rest_route=\/wp\/v2\/types\/page"}],"author":[{"embeddable":true,"href":"https:\/\/kipiam.agh.edu.pl\/index.php?rest_route=\/wp\/v2\/users\/1"}],"replies":[{"embeddable":true,"href":"https:\/\/kipiam.agh.edu.pl\/index.php?rest_route=%2Fwp%2Fv2%2Fcomments&post=160"}],"version-history":[{"count":2,"href":"https:\/\/kipiam.agh.edu.pl\/index.php?rest_route=\/wp\/v2\/pages\/160\/revisions"}],"predecessor-version":[{"id":196,"href":"https:\/\/kipiam.agh.edu.pl\/index.php?rest_route=\/wp\/v2\/pages\/160\/revisions\/196"}],"wp:attachment":[{"href":"https:\/\/kipiam.agh.edu.pl\/index.php?rest_route=%2Fwp%2Fv2%2Fmedia&parent=160"}],"curies":[{"name":"wp","href":"https:\/\/api.w.org\/{rel}","templated":true}]}}