{"id":168,"date":"2021-09-24T09:25:37","date_gmt":"2021-09-24T09:25:37","guid":{"rendered":"http:\/\/10.156.112.25\/kipiam\/?page_id=168"},"modified":"2026-03-17T09:44:12","modified_gmt":"2026-03-17T08:44:12","slug":"konsultacje","status":"publish","type":"page","link":"https:\/\/kipiam.agh.edu.pl\/?page_id=168","title":{"rendered":"Konsultacje"},"content":{"rendered":"\n<p class=\"has-text-align-center\">Konsultacje pracownik\u00f3w Katedry In\u017cynierii Powierzchni i Analiz Materia\u0142\u00f3w w roku akademickim<br>2025\/2026 sem. letni<\/p>\n\n\n\n<p class=\"has-text-align-center\"><\/p>\n\n\n\n<figure class=\"wp-block-table\"><table class=\"has-fixed-layout\"><tbody><tr><td>Imi\u0119 i nazwisko<\/td><td>Budynek, pok\u00f3j<\/td><td>Termin konsultacji<\/td><\/tr><tr><td>dr in\u017c. <strong>\u0141ukasz CIENIEK<\/strong><\/td><td>B5, pok. 802<\/td><td>wtorek, godz. &nbsp;10:00-11:00<\/td><\/tr><tr><td>dr in\u017c. <strong>Aleksandra FIO\u0141EK<\/strong><\/td><td>B5, pok. 303<\/td><td>wtorek, godz. &nbsp;8:00-9:00<\/td><\/tr><tr><td>dr in\u017c. <strong>Izabela KALEMBA-REC<\/strong><\/td><td>B5, pok. 807<\/td><td>wtorek, godz. &nbsp;13:00-14:00<\/td><\/tr><tr><td>dr hab. in\u017c. <strong>S\u0142awomir K\u0104C<\/strong>, prof. AGH<\/td><td>B5, pok. 805<\/td><td>\u015broda, godz. 9.45 &#8211; 10:30<\/td><\/tr><tr><td>prof. dr hab. in\u017c. <strong>Agnieszka KOPIA<\/strong><\/td><td>B5, pok. 804<\/td><td>wtorek, godz. &nbsp;9:30-10:30<\/td><\/tr><tr><td>dr in\u017c. <strong>Mateusz KOPY\u015aCIA\u0143SKI<\/strong><\/td><td>B5, pok. 803<\/td><td>czwartek, godz. &nbsp;8:30-9:30<\/td><\/tr><tr><td>prof. dr hab. in\u017c. <strong>Tomasz MOSKALEWICZ<\/strong><\/td><td>B5, pok. 302<\/td><td>\u015broda, godz. 12.00 &#8211; 13:00<\/td><\/tr><tr><td>dr hab. in\u017c. <strong>Agnieszka RADZISZEWSKA<\/strong>, prof. AGH<\/td><td>B5, pok. 806<\/td><td>wtorek, godz. &nbsp;10:00-11:00<\/td><\/tr><tr><td>dr hab in\u017c. <strong>Magdalena<\/strong><br><strong>ROZMUS-G\u00d3RNIKOWSKA<\/strong><\/td><td>B5, pok. 807<\/td><td>\u015broda, godz. 10.30 &#8211; 11:30<\/td><\/tr><\/tbody><\/table><\/figure>\n\n\n\n<p class=\"has-text-align-center\"><\/p>\n","protected":false},"excerpt":{"rendered":"<p>Konsultacje pracownik\u00f3w Katedry In\u017cynierii Powierzchni i Analiz Materia\u0142\u00f3w w roku akademickim2025\/2026 sem. letni Imi\u0119 i nazwisko Budynek, pok\u00f3j Termin konsultacji dr in\u017c. \u0141ukasz CIENIEK B5, pok. 802 wtorek, godz. &nbsp;10:00-11:00 dr in\u017c. Aleksandra FIO\u0141EK B5, pok. 303 wtorek, godz. &nbsp;8:00-9:00 dr in\u017c. Izabela KALEMBA-REC B5, pok. 807 wtorek, godz. &nbsp;13:00-14:00 dr hab. in\u017c. S\u0142awomir K\u0104C,&#8230;<\/p>\n<p class=\"more-link-wrap\"><a href=\"https:\/\/kipiam.agh.edu.pl\/?page_id=168\" class=\"more-link\">Read More<span class=\"screen-reader-text\"> &ldquo;Konsultacje&rdquo;<\/span> &raquo;<\/a><\/p>\n","protected":false},"author":1,"featured_media":0,"parent":0,"menu_order":0,"comment_status":"closed","ping_status":"closed","template":"","meta":{"footnotes":""},"class_list":["post-168","page","type-page","status-publish","hentry"],"_links":{"self":[{"href":"https:\/\/kipiam.agh.edu.pl\/index.php?rest_route=\/wp\/v2\/pages\/168","targetHints":{"allow":["GET"]}}],"collection":[{"href":"https:\/\/kipiam.agh.edu.pl\/index.php?rest_route=\/wp\/v2\/pages"}],"about":[{"href":"https:\/\/kipiam.agh.edu.pl\/index.php?rest_route=\/wp\/v2\/types\/page"}],"author":[{"embeddable":true,"href":"https:\/\/kipiam.agh.edu.pl\/index.php?rest_route=\/wp\/v2\/users\/1"}],"replies":[{"embeddable":true,"href":"https:\/\/kipiam.agh.edu.pl\/index.php?rest_route=%2Fwp%2Fv2%2Fcomments&post=168"}],"version-history":[{"count":8,"href":"https:\/\/kipiam.agh.edu.pl\/index.php?rest_route=\/wp\/v2\/pages\/168\/revisions"}],"predecessor-version":[{"id":1034,"href":"https:\/\/kipiam.agh.edu.pl\/index.php?rest_route=\/wp\/v2\/pages\/168\/revisions\/1034"}],"wp:attachment":[{"href":"https:\/\/kipiam.agh.edu.pl\/index.php?rest_route=%2Fwp%2Fv2%2Fmedia&parent=168"}],"curies":[{"name":"wp","href":"https:\/\/api.w.org\/{rel}","templated":true}]}}