{"id":170,"date":"2021-09-24T09:26:14","date_gmt":"2021-09-24T09:26:14","guid":{"rendered":"http:\/\/10.156.112.25\/kipiam\/?page_id=170"},"modified":"2021-09-24T09:49:45","modified_gmt":"2021-09-24T09:49:45","slug":"specjalnosc","status":"publish","type":"page","link":"https:\/\/kipiam.agh.edu.pl\/?page_id=170","title":{"rendered":"Specjalno\u015b\u0107"},"content":{"rendered":"\n<p>In\u017cynieria powierzchni jest sub-dyscyplina in\u017cynierii materia\u0142owej i nauki o materia\u0142ach, kt\u00f3ra zajmuje si\u0119 w\u0142asno\u015bciami powierzchni cia\u0142 sta\u0142ych. Czerpie ona wiedz\u0119 z takich dziedzin jak fizyka, mechanika kwantowa, chemia, fizykochemia powierzchni, in\u017cynieria mechaniczna, tribologia i elektryka.<\/p>\n\n\n\n<p>In\u017cynieria powierzchni bada zmiany w\u0142a\u015bciwo\u015bci powierzchni i granic mi\u0119dzyfazowych w celu zmniejszenia ich degradacji w czasie. Spektrum temat\u00f3w, kt\u00f3re reprezentuj\u0105 zr\u00f3\u017cnicowany charakter dziedzinie in\u017cynierii powierzchni obejmuje technologie:<br>&#8211; galwanotechnika,<br>&#8211; badania mikroskopowe,<br>&#8211; nanotechnologia,<br>&#8211; badania w\u0142asno\u015bci materia\u0142\u00f3w ,<br>&#8211; badania mechanizm\u00f3w zu\u017cycia powierzchni,<br>&#8211; wzbogacanie powierzchni,<br>&#8211; tworzenie nowych warstw wierzchnich i pow\u0142ok.<\/p>\n\n\n\n<p>Techniki in\u017cynierii powierzchni stosowane s\u0105 w przemy\u015ble motoryzacyjnym, lotniczym, energetycznym, elektronicznym, biomedycznym, w\u0142\u00f3kienniczym, naftowym, petrochemicznym, chemicznym, budowlanym oraz wojskowym. Wykorzystuje si\u0119 je r\u00f3wnie\u017c do opracowania szerokiego zakresu w\u0142a\u015bciwo\u015bci funkcjonalnych pod\u0142o\u017ca, w tym fizycznych, chemicznych, elektrycznych, elektronicznych, magnetycznych, mechanicznych, odporno\u015bci na zu\u017cycie i korozj\u0119. Prawie wszystkie rodzaje materia\u0142\u00f3w, w tym metale, materia\u0142y ceramiczne, cermetale, polimery i kompozyty mog\u0105 by\u0107 pokryte z materia\u0142\u00f3w podobnych lub niepodobnych. Jest tak\u017ce mo\u017cliwe wytworzenie pow\u0142ok o zupe\u0142nie nowych, unikalnych sk\u0142adach chemicznych.<\/p>\n\n\n\n<p>W ostatnich latach nast\u0105pi\u0142a drastyczna zmiana paradygmatu w in\u017cynierii powierzchni. Zacz\u0119to odchodzi\u0107 od galwanotechniki na rzecz technik pr\u00f3\u017cniowego tworzenia pow\u0142ok, dyfuzji, natryskiwania i napawania przy u\u017cyciu zaawansowanych \u017ar\u00f3de\u0142 ciep\u0142a takich jak plazma, laser, jony, elektrony, \u0142uk elektryczny, tarcie i indukcja elektromagnetyczna.<\/p>\n\n\n\n<p>In\u017cynieria powierzchni zaczyna r\u00f3wnie\u017c odchodzi\u0107 od typowego wzbogacania w\u0142asno\u015bci powierzchni na rzecz tworzenia nowych materia\u0142\u00f3w. Sta\u0142o si\u0119 to za przyczyn\u0105 zauwa\u017cenia, \u017ce techniki wcze\u015bniej wykorzystywane do nak\u0142adania pow\u0142ok idealnie nadaj\u0105 si\u0119 do produkcji bardzo wymagaj\u0105cych materia\u0142\u00f3w. Niekt\u00f3re z nich do dzi\u015b mog\u0105 by\u0107 wytwarzane tylko metodami dost\u0119pnymi w in\u017cynierii powierzchni. Jednymi z najlepiej znanych rodzaj\u00f3w takich materia\u0142\u00f3w s\u0105 nanomateria\u0142y, grafen, nanorurki w\u0119glowe, niekt\u00f3re p\u00f3\u0142przewodniki oraz nadprzewodniki.<\/p>\n\n\n\n<p>In\u017cynieria powierzchni jako jedna z nielicznych oferuje r\u00f3wnoprawne dwie \u015bcie\u017cki kariery. Mo\u017cna znale\u017a\u0107 zatrudnienie w przemy\u015ble jako projektant, technolog i wytw\u00f3rca warstw wierzchnich, pow\u0142ok (dekoracyjnych, technicznych) oraz niekt\u00f3rych przysz\u0142o\u015bciowych materia\u0142\u00f3w. Drug\u0105 drog\u0105 jest praca w zakresie badacza i naukowca. In\u017cynieria powierzchni dostarcza wiele technik spektralnych, chemicznych, mikroskopowych bada\u0144 materia\u0142\u00f3w; umo\u017cliwia w pe\u0142nym zakresie poznawanie ich w\u0142asno\u015bci.<\/p>\n","protected":false},"excerpt":{"rendered":"<p>In\u017cynieria powierzchni jest sub-dyscyplina in\u017cynierii materia\u0142owej i nauki o materia\u0142ach, kt\u00f3ra zajmuje si\u0119 w\u0142asno\u015bciami powierzchni cia\u0142 sta\u0142ych. Czerpie ona wiedz\u0119 z takich dziedzin jak fizyka, mechanika kwantowa, chemia, fizykochemia powierzchni, in\u017cynieria mechaniczna, tribologia i elektryka. In\u017cynieria powierzchni bada zmiany w\u0142a\u015bciwo\u015bci powierzchni i granic mi\u0119dzyfazowych w celu zmniejszenia ich degradacji w czasie. Spektrum temat\u00f3w, kt\u00f3re reprezentuj\u0105&#8230;<\/p>\n<p class=\"more-link-wrap\"><a href=\"https:\/\/kipiam.agh.edu.pl\/?page_id=170\" class=\"more-link\">Read More<span class=\"screen-reader-text\"> &ldquo;Specjalno\u015b\u0107&rdquo;<\/span> &raquo;<\/a><\/p>\n","protected":false},"author":1,"featured_media":0,"parent":0,"menu_order":0,"comment_status":"closed","ping_status":"closed","template":"","meta":{"footnotes":""},"class_list":["post-170","page","type-page","status-publish","hentry"],"_links":{"self":[{"href":"https:\/\/kipiam.agh.edu.pl\/index.php?rest_route=\/wp\/v2\/pages\/170","targetHints":{"allow":["GET"]}}],"collection":[{"href":"https:\/\/kipiam.agh.edu.pl\/index.php?rest_route=\/wp\/v2\/pages"}],"about":[{"href":"https:\/\/kipiam.agh.edu.pl\/index.php?rest_route=\/wp\/v2\/types\/page"}],"author":[{"embeddable":true,"href":"https:\/\/kipiam.agh.edu.pl\/index.php?rest_route=\/wp\/v2\/users\/1"}],"replies":[{"embeddable":true,"href":"https:\/\/kipiam.agh.edu.pl\/index.php?rest_route=%2Fwp%2Fv2%2Fcomments&post=170"}],"version-history":[{"count":2,"href":"https:\/\/kipiam.agh.edu.pl\/index.php?rest_route=\/wp\/v2\/pages\/170\/revisions"}],"predecessor-version":[{"id":198,"href":"https:\/\/kipiam.agh.edu.pl\/index.php?rest_route=\/wp\/v2\/pages\/170\/revisions\/198"}],"wp:attachment":[{"href":"https:\/\/kipiam.agh.edu.pl\/index.php?rest_route=%2Fwp%2Fv2%2Fmedia&parent=170"}],"curies":[{"name":"wp","href":"https:\/\/api.w.org\/{rel}","templated":true}]}}