{"id":172,"date":"2021-09-24T09:26:41","date_gmt":"2021-09-24T09:26:41","guid":{"rendered":"http:\/\/10.156.112.25\/kipiam\/?page_id=172"},"modified":"2021-09-24T09:51:03","modified_gmt":"2021-09-24T09:51:03","slug":"prace-dyplomowe","status":"publish","type":"page","link":"https:\/\/kipiam.agh.edu.pl\/?page_id=172","title":{"rendered":"Prace dyplomowe"},"content":{"rendered":"\n<p>Propozycje, uwagi i sugestie odno\u015bne ewidencji prac dyplomowych w Katedrze prosz\u0119 kierowa\u0107 do:\u00a0dr in\u017c. Izabela Kalemba-Rec<\/p>\n\n\n\n<h4 class=\"wp-block-heading\">Propozycje temat\u00f3w prac dyplomowych<\/h4>\n\n\n\n<p><br><a href=\"http:\/\/galaxy.uci.agh.edu.pl\/~ziam\/pliki\/Tematy-prac-dyplomowych.pdf\">Lista temat\u00f3w<\/a><\/p>\n","protected":false},"excerpt":{"rendered":"<p>Propozycje, uwagi i sugestie odno\u015bne ewidencji prac dyplomowych w Katedrze prosz\u0119 kierowa\u0107 do:\u00a0dr in\u017c. Izabela Kalemba-Rec Propozycje temat\u00f3w prac dyplomowych Lista temat\u00f3w<\/p>\n","protected":false},"author":1,"featured_media":0,"parent":0,"menu_order":0,"comment_status":"closed","ping_status":"closed","template":"","meta":{"footnotes":""},"class_list":["post-172","page","type-page","status-publish","hentry"],"_links":{"self":[{"href":"https:\/\/kipiam.agh.edu.pl\/index.php?rest_route=\/wp\/v2\/pages\/172","targetHints":{"allow":["GET"]}}],"collection":[{"href":"https:\/\/kipiam.agh.edu.pl\/index.php?rest_route=\/wp\/v2\/pages"}],"about":[{"href":"https:\/\/kipiam.agh.edu.pl\/index.php?rest_route=\/wp\/v2\/types\/page"}],"author":[{"embeddable":true,"href":"https:\/\/kipiam.agh.edu.pl\/index.php?rest_route=\/wp\/v2\/users\/1"}],"replies":[{"embeddable":true,"href":"https:\/\/kipiam.agh.edu.pl\/index.php?rest_route=%2Fwp%2Fv2%2Fcomments&post=172"}],"version-history":[{"count":2,"href":"https:\/\/kipiam.agh.edu.pl\/index.php?rest_route=\/wp\/v2\/pages\/172\/revisions"}],"predecessor-version":[{"id":199,"href":"https:\/\/kipiam.agh.edu.pl\/index.php?rest_route=\/wp\/v2\/pages\/172\/revisions\/199"}],"wp:attachment":[{"href":"https:\/\/kipiam.agh.edu.pl\/index.php?rest_route=%2Fwp%2Fv2%2Fmedia&parent=172"}],"curies":[{"name":"wp","href":"https:\/\/api.w.org\/{rel}","templated":true}]}}