{"id":174,"date":"2021-09-24T09:27:19","date_gmt":"2021-09-24T09:27:19","guid":{"rendered":"http:\/\/10.156.112.25\/kipiam\/?page_id=174"},"modified":"2023-09-19T11:24:38","modified_gmt":"2023-09-19T09:24:38","slug":"kolo-naukowe-powierzchnia","status":"publish","type":"page","link":"https:\/\/kipiam.agh.edu.pl\/?page_id=174","title":{"rendered":"Ko\u0142o naukowe &#8222;Powierzchnia&#8221;"},"content":{"rendered":"\n<p>Czym si\u0119 zajmujemy? Seminaria naukowo techniczne w Instytutach Naukowych w Krakowie. Organizujemy wycieczki naukowe do Zak\u0142ad\u00f3w Colorex, HMS Niepo\u0142omice, Instytutu Technologii Eksploatacji w Radomiu oraz Centrum Laserowego w Kielcach celem zapoznania si\u0119 z nowoczesnymi technikami nanoszenia pow\u0142ok jak r\u00f3wnie\u017c urz\u0105dzeniami i metodami badawczymi. Spotkania integracyjne pracownik\u00f3w naszego Wydzia\u0142u z cz\u0142onkami Ko\u0142a. Czynnie uczestniczymy w Dniach Otwartych naszej Uczelni oraz Festiwalu Nauki. <\/p>\n\n\n\n<p><\/p>\n\n\n\n<p>Mo\u017cecie nas znale\u017a\u0107 na facebook&#8217;u:<\/p>\n\n\n\n<p><a href=\"https:\/\/www.facebook.com\/powierzchnia.wimiip\/\">https:\/\/www.facebook.com\/powierzchnia.wimiip\/<\/a><\/p>\n","protected":false},"excerpt":{"rendered":"<p>Czym si\u0119 zajmujemy? Seminaria naukowo techniczne w Instytutach Naukowych w Krakowie. Organizujemy wycieczki naukowe do Zak\u0142ad\u00f3w Colorex, HMS Niepo\u0142omice, Instytutu Technologii Eksploatacji w Radomiu oraz Centrum Laserowego w Kielcach celem zapoznania si\u0119 z nowoczesnymi technikami nanoszenia pow\u0142ok jak r\u00f3wnie\u017c urz\u0105dzeniami i metodami badawczymi. Spotkania integracyjne pracownik\u00f3w naszego Wydzia\u0142u z cz\u0142onkami Ko\u0142a. Czynnie uczestniczymy w Dniach&#8230;<\/p>\n<p class=\"more-link-wrap\"><a href=\"https:\/\/kipiam.agh.edu.pl\/?page_id=174\" class=\"more-link\">Read More<span class=\"screen-reader-text\"> &ldquo;Ko\u0142o naukowe &#8222;Powierzchnia&#8221;&rdquo;<\/span> &raquo;<\/a><\/p>\n","protected":false},"author":1,"featured_media":0,"parent":0,"menu_order":0,"comment_status":"closed","ping_status":"closed","template":"","meta":{"footnotes":""},"class_list":["post-174","page","type-page","status-publish","hentry"],"_links":{"self":[{"href":"https:\/\/kipiam.agh.edu.pl\/index.php?rest_route=\/wp\/v2\/pages\/174","targetHints":{"allow":["GET"]}}],"collection":[{"href":"https:\/\/kipiam.agh.edu.pl\/index.php?rest_route=\/wp\/v2\/pages"}],"about":[{"href":"https:\/\/kipiam.agh.edu.pl\/index.php?rest_route=\/wp\/v2\/types\/page"}],"author":[{"embeddable":true,"href":"https:\/\/kipiam.agh.edu.pl\/index.php?rest_route=\/wp\/v2\/users\/1"}],"replies":[{"embeddable":true,"href":"https:\/\/kipiam.agh.edu.pl\/index.php?rest_route=%2Fwp%2Fv2%2Fcomments&post=174"}],"version-history":[{"count":5,"href":"https:\/\/kipiam.agh.edu.pl\/index.php?rest_route=\/wp\/v2\/pages\/174\/revisions"}],"predecessor-version":[{"id":868,"href":"https:\/\/kipiam.agh.edu.pl\/index.php?rest_route=\/wp\/v2\/pages\/174\/revisions\/868"}],"wp:attachment":[{"href":"https:\/\/kipiam.agh.edu.pl\/index.php?rest_route=%2Fwp%2Fv2%2Fmedia&parent=174"}],"curies":[{"name":"wp","href":"https:\/\/api.w.org\/{rel}","templated":true}]}}