{"id":337,"date":"2021-11-19T11:06:12","date_gmt":"2021-11-19T11:06:12","guid":{"rendered":"http:\/\/10.156.112.25\/kipiam\/?page_id=337"},"modified":"2023-09-22T11:00:37","modified_gmt":"2023-09-22T09:00:37","slug":"laboratorium-techniki-laserowej-lb-2","status":"publish","type":"page","link":"https:\/\/kipiam.agh.edu.pl\/?page_id=337","title":{"rendered":"Laboratorium Techniki Laserowej (LB-2)"},"content":{"rendered":"\n<p>Lokalizacja: Budynek B-5 pok. 801 i 814<br>Opiekunowie laboratorium:\u00a0dr in\u017c. \u0141ukasz Cieniek,\u00a0dr hab. in\u017c. S\u0142awomir K\u0105c, prof. AGH<br>Specyfikacja:\u00a0<a rel=\"noreferrer noopener\" href=\"https:\/\/www.cri.agh.edu.pl\/laboratoria\/laboratorium.php?a=410\" data-type=\"URL\" data-id=\"https:\/\/www.cri.agh.edu.pl\/laboratoria\/laboratorium.php?a=410\" target=\"_blank\">LB-2<\/a><\/p>\n\n\n\n<p>W laboratorium odbywa si\u0119 wytwarzanie cienkich warstw, o okre\u015blonym sk\u0142adzie stechiometrycznym: metalicznych, niemetalicznych, tlenkowych, o grubo\u015bci od kilkunastu nanometr\u00f3w do kilku mikrometr\u00f3w, na r\u00f3\u017cnorodnych pod\u0142o\u017cach (metalicznych, polimerowych i in.) metod\u0105 osadzania za pomoc\u0105 lasera impulsowego PLD (ang. Pulsed Laser Deposition), wykorzystuj\u0105c zjawisko ablacji laserowej lub metod\u0105 osadzania za pomoc\u0105 impulsowego dzia\u0142a elektronowego PED (ang. Pulsed Electron Deposition).<\/p>\n\n\n\n<p>Ka\u017cdy system do osadzania cienkich warstw wyposa\u017cony jest w laser impulsowy\/impulsowe dzia\u0142o elektronowe oraz reakcyjn\u0105 komor\u0119 pr\u00f3\u017cniow\u0105 o obj\u0119to\u015bci ok. 20 l z mo\u017cliwo\u015bci\u0105 stosowania r\u00f3\u017cnych atmosfer gazowych (tlen, azot, argon i in.) Wielko\u015b\u0107 osi\u0105ganej pr\u00f3\u017cni wynosi ok. 8&#215;10<sup>-6<\/sup>&nbsp;mbar dzi\u0119ki zastosowaniu uk\u0142adu pomp: rotacyjnej i turbomolekularnej. Istnieje mo\u017cliwo\u015b\u0107 podgrzewania pod\u0142o\u017cy do 950<sup>o<\/sup>C (piecyk oporowy firmy NEOCERA).<\/p>\n\n\n\n<p>Wykonuje si\u0119 r\u00f3wnie\u017c modyfikacje warstw wierzchnich metali i innych materia\u0142\u00f3w za pomoc\u0105 obr\u00f3bki laserowej, np.: laserowe powierzchniowe hartowanie, stopowanie, napawanie, ci\u0119cie, spawanie cienkich blach do grubo\u015bci ok. 1,5 mm z dok\u0142adno\u015bci\u0105 przesuwu wi\u0105zki 0,01 mm.<\/p>\n\n\n\n<p><strong>1. System pr\u00f3\u017cniowy do ablacji laserowej i elektronowej prod. NEOCERA<\/strong><br>W sk\u0142ad stanowiska do ablacji laserowej i elektronowej wchodz\u0105 trzy po\u0142\u0105czone i wsp\u00f3\u0142pracuj\u0105ce ze sob\u0105 urz\u0105dzenia:<br>&#8211; laser impulsowy wysokiej mocy na ciele sta\u0142ym Nd:YAG (Powerlite Precision II 9010 DLS prod. Continuum)<br>&#8211; komora pr\u00f3zniowa (Pioneer 180 prod. Neocera LCC)<br>&#8211; impulsowe dzia\u0142o elektronowe PED Neocera PEBS-20<\/p>\n\n\n\n<figure class=\"wp-block-image size-full\"><img loading=\"lazy\" decoding=\"async\" width=\"1024\" height=\"768\" src=\"http:\/\/10.156.112.25\/kipiam\/wp-content\/uploads\/2021\/11\/DSCN1005.jpg\" alt=\"\" class=\"wp-image-363\" srcset=\"https:\/\/kipiam.agh.edu.pl\/wp-content\/uploads\/2021\/11\/DSCN1005.jpg 1024w, https:\/\/kipiam.agh.edu.pl\/wp-content\/uploads\/2021\/11\/DSCN1005-300x225.jpg 300w, https:\/\/kipiam.agh.edu.pl\/wp-content\/uploads\/2021\/11\/DSCN1005-768x576.jpg 768w\" sizes=\"auto, (max-width: 1024px) 100vw, 1024px\" \/><\/figure>\n\n\n\n<p><strong>2. System pr\u00f3\u017cniowy do ablacji laserowej z laserem impulsowym LOTIS Tii Nd:YAG, LS-2147<\/strong><\/p>\n\n\n\n<figure class=\"wp-block-image size-full\"><img loading=\"lazy\" decoding=\"async\" width=\"1024\" height=\"768\" src=\"http:\/\/10.156.112.25\/kipiam\/wp-content\/uploads\/2021\/11\/DSCN1003.jpg\" alt=\"\" class=\"wp-image-365\" srcset=\"https:\/\/kipiam.agh.edu.pl\/wp-content\/uploads\/2021\/11\/DSCN1003.jpg 1024w, https:\/\/kipiam.agh.edu.pl\/wp-content\/uploads\/2021\/11\/DSCN1003-300x225.jpg 300w, https:\/\/kipiam.agh.edu.pl\/wp-content\/uploads\/2021\/11\/DSCN1003-768x576.jpg 768w\" sizes=\"auto, (max-width: 1024px) 100vw, 1024px\" \/><\/figure>\n\n\n\n<p><strong>3. Laser Nd:YAG CTL-1503<\/strong><\/p>\n\n\n\n<figure class=\"wp-block-image size-large\"><img loading=\"lazy\" decoding=\"async\" width=\"1024\" height=\"768\" src=\"http:\/\/10.156.112.25\/kipiam\/wp-content\/uploads\/2021\/11\/Laser_Nd_YAG-1024x768.jpg\" alt=\"\" class=\"wp-image-441\" srcset=\"https:\/\/kipiam.agh.edu.pl\/wp-content\/uploads\/2021\/11\/Laser_Nd_YAG-1024x768.jpg 1024w, https:\/\/kipiam.agh.edu.pl\/wp-content\/uploads\/2021\/11\/Laser_Nd_YAG-300x225.jpg 300w, https:\/\/kipiam.agh.edu.pl\/wp-content\/uploads\/2021\/11\/Laser_Nd_YAG-768x576.jpg 768w, https:\/\/kipiam.agh.edu.pl\/wp-content\/uploads\/2021\/11\/Laser_Nd_YAG.jpg 1137w\" sizes=\"auto, (max-width: 1024px) 100vw, 1024px\" \/><\/figure>\n","protected":false},"excerpt":{"rendered":"<p>Lokalizacja: Budynek B-5 pok. 801 i 814Opiekunowie laboratorium:\u00a0dr in\u017c. \u0141ukasz Cieniek,\u00a0dr hab. in\u017c. S\u0142awomir K\u0105c, prof. AGHSpecyfikacja:\u00a0LB-2 W laboratorium odbywa si\u0119 wytwarzanie cienkich warstw, o okre\u015blonym sk\u0142adzie stechiometrycznym: metalicznych, niemetalicznych, tlenkowych, o grubo\u015bci od kilkunastu nanometr\u00f3w do kilku mikrometr\u00f3w, na r\u00f3\u017cnorodnych pod\u0142o\u017cach (metalicznych, polimerowych i in.) metod\u0105 osadzania za pomoc\u0105 lasera impulsowego PLD (ang. Pulsed&#8230;<\/p>\n<p class=\"more-link-wrap\"><a href=\"https:\/\/kipiam.agh.edu.pl\/?page_id=337\" class=\"more-link\">Read More<span class=\"screen-reader-text\"> &ldquo;Laboratorium Techniki Laserowej (LB-2)&rdquo;<\/span> &raquo;<\/a><\/p>\n","protected":false},"author":1,"featured_media":0,"parent":0,"menu_order":0,"comment_status":"closed","ping_status":"closed","template":"","meta":{"footnotes":""},"class_list":["post-337","page","type-page","status-publish","hentry"],"_links":{"self":[{"href":"https:\/\/kipiam.agh.edu.pl\/index.php?rest_route=\/wp\/v2\/pages\/337","targetHints":{"allow":["GET"]}}],"collection":[{"href":"https:\/\/kipiam.agh.edu.pl\/index.php?rest_route=\/wp\/v2\/pages"}],"about":[{"href":"https:\/\/kipiam.agh.edu.pl\/index.php?rest_route=\/wp\/v2\/types\/page"}],"author":[{"embeddable":true,"href":"https:\/\/kipiam.agh.edu.pl\/index.php?rest_route=\/wp\/v2\/users\/1"}],"replies":[{"embeddable":true,"href":"https:\/\/kipiam.agh.edu.pl\/index.php?rest_route=%2Fwp%2Fv2%2Fcomments&post=337"}],"version-history":[{"count":5,"href":"https:\/\/kipiam.agh.edu.pl\/index.php?rest_route=\/wp\/v2\/pages\/337\/revisions"}],"predecessor-version":[{"id":877,"href":"https:\/\/kipiam.agh.edu.pl\/index.php?rest_route=\/wp\/v2\/pages\/337\/revisions\/877"}],"wp:attachment":[{"href":"https:\/\/kipiam.agh.edu.pl\/index.php?rest_route=%2Fwp%2Fv2%2Fmedia&parent=337"}],"curies":[{"name":"wp","href":"https:\/\/api.w.org\/{rel}","templated":true}]}}