{"id":342,"date":"2021-11-19T11:08:55","date_gmt":"2021-11-19T11:08:55","guid":{"rendered":"http:\/\/10.156.112.25\/kipiam\/?page_id=342"},"modified":"2021-11-19T12:01:24","modified_gmt":"2021-11-19T12:01:24","slug":"laboratorium-rentgenowskich-badan-strukturalnych-lb-3","status":"publish","type":"page","link":"https:\/\/kipiam.agh.edu.pl\/?page_id=342","title":{"rendered":"Laboratorium Rentgenowskich Bada\u0144 Strukturalnych (LB-3)"},"content":{"rendered":"\n<p>Lokalizacja: Budynek B-5 pok. 11<br>Opiekun laboratorium:\u00a0dr hab. in\u017c. Miros\u0142aw Wr\u00f3bel, prof. AGH<br>Specyfikacja:\u00a0<a rel=\"noreferrer noopener\" href=\"https:\/\/www.cri.agh.edu.pl\/laboratoria\/laboratorium.php?a=398&amp;l=1\" data-type=\"URL\" data-id=\"https:\/\/www.cri.agh.edu.pl\/laboratoria\/laboratorium.php?a=398&amp;l=1\" target=\"_blank\">LB-3<\/a><\/p>\n\n\n\n<p>W laboratorium przeprowadza si\u0119 dyfrakcyjn\u0105 rentgenowsk\u0105 analiz\u0119 fazow\u0105. Odbywa si\u0119 identyfikacja faz, pomiary parametr\u00f3w sieci krystalicznej, pomiary wielko\u015bci ziaren nanomateria\u0142\u00f3w i napr\u0119\u017ce\u0144.<\/p>\n\n\n\n<p><strong>1. Dyfraktometr rentgenowski HZG-4 z przystawk\u0105 wysokotemperaturow\u0105 UWD-2000<\/strong><br>&#8211; aparat rentgenowski uniwersalny URS60<br>&#8211; kamera niskok\u0105towa KRM-1<\/p>\n\n\n\n<figure class=\"wp-block-image size-large\"><img loading=\"lazy\" decoding=\"async\" width=\"1024\" height=\"768\" src=\"http:\/\/10.156.112.25\/kipiam\/wp-content\/uploads\/2021\/11\/WP_007-1024x768.jpg\" alt=\"\" class=\"wp-image-373\" srcset=\"https:\/\/kipiam.agh.edu.pl\/wp-content\/uploads\/2021\/11\/WP_007-1024x768.jpg 1024w, https:\/\/kipiam.agh.edu.pl\/wp-content\/uploads\/2021\/11\/WP_007-300x225.jpg 300w, https:\/\/kipiam.agh.edu.pl\/wp-content\/uploads\/2021\/11\/WP_007-768x576.jpg 768w, https:\/\/kipiam.agh.edu.pl\/wp-content\/uploads\/2021\/11\/WP_007-1536x1152.jpg 1536w, https:\/\/kipiam.agh.edu.pl\/wp-content\/uploads\/2021\/11\/WP_007.jpg 1632w\" sizes=\"auto, (max-width: 1024px) 100vw, 1024px\" \/><\/figure>\n\n\n\n<p><strong>2. Dyfraktometr rentgenowski Panalytical Empyrean DY 1061<\/strong><\/p>\n\n\n\n<figure class=\"wp-block-image size-large\"><img loading=\"lazy\" decoding=\"async\" width=\"768\" height=\"1024\" src=\"http:\/\/10.156.112.25\/kipiam\/wp-content\/uploads\/2021\/11\/dyfr-768x1024.jpg\" alt=\"\" class=\"wp-image-375\" srcset=\"https:\/\/kipiam.agh.edu.pl\/wp-content\/uploads\/2021\/11\/dyfr-768x1024.jpg 768w, https:\/\/kipiam.agh.edu.pl\/wp-content\/uploads\/2021\/11\/dyfr-225x300.jpg 225w, https:\/\/kipiam.agh.edu.pl\/wp-content\/uploads\/2021\/11\/dyfr-1152x1536.jpg 1152w, https:\/\/kipiam.agh.edu.pl\/wp-content\/uploads\/2021\/11\/dyfr-1536x2048.jpg 1536w, https:\/\/kipiam.agh.edu.pl\/wp-content\/uploads\/2021\/11\/dyfr.jpg 1920w\" sizes=\"auto, (max-width: 768px) 100vw, 768px\" \/><\/figure>\n","protected":false},"excerpt":{"rendered":"<p>Lokalizacja: Budynek B-5 pok. 11Opiekun laboratorium:\u00a0dr hab. in\u017c. Miros\u0142aw Wr\u00f3bel, prof. AGHSpecyfikacja:\u00a0LB-3 W laboratorium przeprowadza si\u0119 dyfrakcyjn\u0105 rentgenowsk\u0105 analiz\u0119 fazow\u0105. Odbywa si\u0119 identyfikacja faz, pomiary parametr\u00f3w sieci krystalicznej, pomiary wielko\u015bci ziaren nanomateria\u0142\u00f3w i napr\u0119\u017ce\u0144. 1. Dyfraktometr rentgenowski HZG-4 z przystawk\u0105 wysokotemperaturow\u0105 UWD-2000&#8211; aparat rentgenowski uniwersalny URS60&#8211; kamera niskok\u0105towa KRM-1 2. Dyfraktometr rentgenowski Panalytical Empyrean DY&#8230;<\/p>\n<p class=\"more-link-wrap\"><a href=\"https:\/\/kipiam.agh.edu.pl\/?page_id=342\" class=\"more-link\">Read More<span class=\"screen-reader-text\"> &ldquo;Laboratorium Rentgenowskich Bada\u0144 Strukturalnych (LB-3)&rdquo;<\/span> &raquo;<\/a><\/p>\n","protected":false},"author":1,"featured_media":0,"parent":0,"menu_order":0,"comment_status":"closed","ping_status":"closed","template":"","meta":{"footnotes":""},"class_list":["post-342","page","type-page","status-publish","hentry"],"_links":{"self":[{"href":"https:\/\/kipiam.agh.edu.pl\/index.php?rest_route=\/wp\/v2\/pages\/342","targetHints":{"allow":["GET"]}}],"collection":[{"href":"https:\/\/kipiam.agh.edu.pl\/index.php?rest_route=\/wp\/v2\/pages"}],"about":[{"href":"https:\/\/kipiam.agh.edu.pl\/index.php?rest_route=\/wp\/v2\/types\/page"}],"author":[{"embeddable":true,"href":"https:\/\/kipiam.agh.edu.pl\/index.php?rest_route=\/wp\/v2\/users\/1"}],"replies":[{"embeddable":true,"href":"https:\/\/kipiam.agh.edu.pl\/index.php?rest_route=%2Fwp%2Fv2%2Fcomments&post=342"}],"version-history":[{"count":3,"href":"https:\/\/kipiam.agh.edu.pl\/index.php?rest_route=\/wp\/v2\/pages\/342\/revisions"}],"predecessor-version":[{"id":397,"href":"https:\/\/kipiam.agh.edu.pl\/index.php?rest_route=\/wp\/v2\/pages\/342\/revisions\/397"}],"wp:attachment":[{"href":"https:\/\/kipiam.agh.edu.pl\/index.php?rest_route=%2Fwp%2Fv2%2Fmedia&parent=342"}],"curies":[{"name":"wp","href":"https:\/\/api.w.org\/{rel}","templated":true}]}}