{"id":349,"date":"2021-11-19T11:14:55","date_gmt":"2021-11-19T11:14:55","guid":{"rendered":"http:\/\/10.156.112.25\/kipiam\/?page_id=349"},"modified":"2021-11-23T11:13:25","modified_gmt":"2021-11-23T11:13:25","slug":"laboratorium-preparatyki-materialow-i-charakterystyki-mikrostruktury-lb-4","status":"publish","type":"page","link":"https:\/\/kipiam.agh.edu.pl\/?page_id=349","title":{"rendered":"Laboratorium Preparatyki Materia\u0142\u00f3w i Charakterystyki Mikrostruktury (LB-4)"},"content":{"rendered":"\n<p>Lokalizacja: Budynek B-5 pok. 608, 811 i 814<br>Opiekunowie laboratorium:&nbsp;mgr in\u017c. Wies\u0142aw Brzegowy,&nbsp;dr in\u017c. Mateusz Kopy\u015bcia\u0144ski<br>Specyfikacja:&nbsp;<a href=\"https:\/\/www.cri.agh.edu.pl\/laboratoria\/laboratorium.php?a=650&amp;l=0\" data-type=\"URL\" data-id=\"https:\/\/www.cri.agh.edu.pl\/laboratoria\/laboratorium.php?a=650&amp;l=0\" target=\"_blank\" rel=\"noreferrer noopener\">LB-4<\/a><\/p>\n\n\n\n<p>W laboratorium wykonuje si\u0119 kompleksowo preparatyk\u0119 materia\u0142\u00f3w do bada\u0144 metalograficznych za pomoc\u0105 mikroskopii \u015bwietlnej oraz transmisyjnej i skaningowej mikroskopii elektronowej. Przygotowywanie pr\u00f3bek w postaci zg\u0142ad\u00f3w metalograficznych (ci\u0119cie, szlifowanie, polerowanie mechaniczne, inkludowanie, trawienie), cienkich folii do TEM (ci\u0119cie, szlifowanie, polerowanie mechaniczne, dimplowanie, polerowanie elektrolityczne i jonowe), oraz tarcz do ablacji laserowej. W tym przypadku poszczeg\u00f3lne etapy obejmuj\u0105: mieszanie, odmierzanie proszk\u00f3w o okre\u015blonym sk\u0142adzie (r\u00f3wnie\u017c w warunkach beztlenowych), prasowanie i spiekanie.<\/p>\n\n\n\n<p>Mikroskopy \u015bwietlne umo\u017cliwiaj\u0105 obserwacje mikrostruktury pr\u00f3bek w \u015bwietle odbitym i przechodz\u0105cym (dla preparat\u00f3w transparentnych), cyfrowy zapis i obr\u00f3bk\u0119 obrazu oraz prowadzenie analizy stereologicznej.<\/p>\n\n\n\n<p><strong>1. Mikroskopy metalograficzne<\/strong><br>a) mikroskop metalograficzny Axio Imager M1m firmy ZEISS<\/p>\n\n\n\n<div class=\"wp-block-image\"><figure class=\"aligncenter size-full\"><img loading=\"lazy\" decoding=\"async\" width=\"400\" height=\"599\" src=\"http:\/\/10.156.112.25\/kipiam\/wp-content\/uploads\/2021\/11\/DSC_0648.jpg\" alt=\"\" class=\"wp-image-378\" srcset=\"https:\/\/kipiam.agh.edu.pl\/wp-content\/uploads\/2021\/11\/DSC_0648.jpg 400w, https:\/\/kipiam.agh.edu.pl\/wp-content\/uploads\/2021\/11\/DSC_0648-200x300.jpg 200w\" sizes=\"auto, (max-width: 400px) 100vw, 400px\" \/><\/figure><\/div>\n\n\n\n<p>b) mikroskop \u015bwietlny Epityp firmy ZEISS<\/p>\n\n\n\n<div class=\"wp-block-image\"><figure class=\"aligncenter size-large\"><img loading=\"lazy\" decoding=\"async\" width=\"1024\" height=\"768\" src=\"http:\/\/10.156.112.25\/kipiam\/wp-content\/uploads\/2021\/11\/Mikroskop_metalograficzny-1024x768.jpg\" alt=\"\" class=\"wp-image-379\" srcset=\"https:\/\/kipiam.agh.edu.pl\/wp-content\/uploads\/2021\/11\/Mikroskop_metalograficzny-1024x768.jpg 1024w, https:\/\/kipiam.agh.edu.pl\/wp-content\/uploads\/2021\/11\/Mikroskop_metalograficzny-300x225.jpg 300w, https:\/\/kipiam.agh.edu.pl\/wp-content\/uploads\/2021\/11\/Mikroskop_metalograficzny-768x576.jpg 768w, https:\/\/kipiam.agh.edu.pl\/wp-content\/uploads\/2021\/11\/Mikroskop_metalograficzny-1536x1152.jpg 1536w, https:\/\/kipiam.agh.edu.pl\/wp-content\/uploads\/2021\/11\/Mikroskop_metalograficzny-2048x1536.jpg 2048w\" sizes=\"auto, (max-width: 1024px) 100vw, 1024px\" \/><\/figure><\/div>\n\n\n\n<p>c) mikroskop Leica DMS300<\/p>\n\n\n\n<figure class=\"wp-block-image size-large\"><img loading=\"lazy\" decoding=\"async\" width=\"1024\" height=\"768\" src=\"http:\/\/10.156.112.25\/kipiam\/wp-content\/uploads\/2021\/11\/Mikroskop_Leica_DMS300-1024x768.jpg\" alt=\"\" class=\"wp-image-384\" srcset=\"https:\/\/kipiam.agh.edu.pl\/wp-content\/uploads\/2021\/11\/Mikroskop_Leica_DMS300-1024x768.jpg 1024w, https:\/\/kipiam.agh.edu.pl\/wp-content\/uploads\/2021\/11\/Mikroskop_Leica_DMS300-300x225.jpg 300w, https:\/\/kipiam.agh.edu.pl\/wp-content\/uploads\/2021\/11\/Mikroskop_Leica_DMS300-768x576.jpg 768w, https:\/\/kipiam.agh.edu.pl\/wp-content\/uploads\/2021\/11\/Mikroskop_Leica_DMS300-1536x1152.jpg 1536w, https:\/\/kipiam.agh.edu.pl\/wp-content\/uploads\/2021\/11\/Mikroskop_Leica_DMS300-2048x1536.jpg 2048w\" sizes=\"auto, (max-width: 1024px) 100vw, 1024px\" \/><\/figure>\n\n\n\n<p><strong>2. Dimpler 656 firmy GATAN<\/strong><\/p>\n\n\n\n<figure class=\"wp-block-image size-large\"><img loading=\"lazy\" decoding=\"async\" width=\"1024\" height=\"768\" src=\"http:\/\/10.156.112.25\/kipiam\/wp-content\/uploads\/2021\/11\/Dimpler_Gatan_Model_656-1024x768.jpg\" alt=\"\" class=\"wp-image-382\" srcset=\"https:\/\/kipiam.agh.edu.pl\/wp-content\/uploads\/2021\/11\/Dimpler_Gatan_Model_656-1024x768.jpg 1024w, https:\/\/kipiam.agh.edu.pl\/wp-content\/uploads\/2021\/11\/Dimpler_Gatan_Model_656-300x225.jpg 300w, https:\/\/kipiam.agh.edu.pl\/wp-content\/uploads\/2021\/11\/Dimpler_Gatan_Model_656-768x576.jpg 768w, https:\/\/kipiam.agh.edu.pl\/wp-content\/uploads\/2021\/11\/Dimpler_Gatan_Model_656-1536x1152.jpg 1536w, https:\/\/kipiam.agh.edu.pl\/wp-content\/uploads\/2021\/11\/Dimpler_Gatan_Model_656-2048x1536.jpg 2048w\" sizes=\"auto, (max-width: 1024px) 100vw, 1024px\" \/><\/figure>\n\n\n\n<p><strong>3. \u015acieniarka jonowa Leica EM RES101<\/strong><\/p>\n\n\n\n<figure class=\"wp-block-image size-full\"><img loading=\"lazy\" decoding=\"async\" width=\"640\" height=\"853\" src=\"http:\/\/10.156.112.25\/kipiam\/wp-content\/uploads\/2021\/11\/leica.jpg\" alt=\"\" class=\"wp-image-437\" srcset=\"https:\/\/kipiam.agh.edu.pl\/wp-content\/uploads\/2021\/11\/leica.jpg 640w, https:\/\/kipiam.agh.edu.pl\/wp-content\/uploads\/2021\/11\/leica-225x300.jpg 225w\" sizes=\"auto, (max-width: 640px) 100vw, 640px\" \/><\/figure>\n\n\n\n<p><strong>4. \u015acieniarka jonowa PIPS firmy GATAN<\/strong><\/p>\n\n\n\n<figure class=\"wp-block-image size-large\"><img loading=\"lazy\" decoding=\"async\" width=\"1024\" height=\"768\" src=\"http:\/\/10.156.112.25\/kipiam\/wp-content\/uploads\/2021\/11\/WP_20130724_004-1024x768.jpg\" alt=\"\" class=\"wp-image-385\" srcset=\"https:\/\/kipiam.agh.edu.pl\/wp-content\/uploads\/2021\/11\/WP_20130724_004-1024x768.jpg 1024w, https:\/\/kipiam.agh.edu.pl\/wp-content\/uploads\/2021\/11\/WP_20130724_004-300x225.jpg 300w, https:\/\/kipiam.agh.edu.pl\/wp-content\/uploads\/2021\/11\/WP_20130724_004-768x576.jpg 768w, https:\/\/kipiam.agh.edu.pl\/wp-content\/uploads\/2021\/11\/WP_20130724_004-1536x1152.jpg 1536w, https:\/\/kipiam.agh.edu.pl\/wp-content\/uploads\/2021\/11\/WP_20130724_004.jpg 1632w\" sizes=\"auto, (max-width: 1024px) 100vw, 1024px\" \/><\/figure>\n\n\n\n<p><strong>5. Precyzyjna przecinarka Minitom firmy GATAN<\/strong><\/p>\n\n\n\n<div class=\"wp-block-image\"><figure class=\"aligncenter size-large is-resized\"><img loading=\"lazy\" decoding=\"async\" src=\"http:\/\/10.156.112.25\/kipiam\/wp-content\/uploads\/2021\/11\/WP_20130724_002-768x1024.jpg\" alt=\"\" class=\"wp-image-387\" width=\"479\" height=\"639\" srcset=\"https:\/\/kipiam.agh.edu.pl\/wp-content\/uploads\/2021\/11\/WP_20130724_002-768x1024.jpg 768w, https:\/\/kipiam.agh.edu.pl\/wp-content\/uploads\/2021\/11\/WP_20130724_002-225x300.jpg 225w, https:\/\/kipiam.agh.edu.pl\/wp-content\/uploads\/2021\/11\/WP_20130724_002-1152x1536.jpg 1152w, https:\/\/kipiam.agh.edu.pl\/wp-content\/uploads\/2021\/11\/WP_20130724_002.jpg 1224w\" sizes=\"auto, (max-width: 479px) 100vw, 479px\" \/><\/figure><\/div>\n\n\n\n<p><strong>6. \u015acieniarka elektrolityczna TenuPol-5 firmy STUERS<\/strong><br><strong>7. Szlifierko-polerki<\/strong><br>a) LaboPol 5<\/p>\n\n\n\n<div class=\"wp-block-image\"><figure class=\"aligncenter size-large\"><img loading=\"lazy\" decoding=\"async\" width=\"1024\" height=\"768\" src=\"http:\/\/10.156.112.25\/kipiam\/wp-content\/uploads\/2021\/11\/szlif-1024x768.jpg\" alt=\"\" class=\"wp-image-389\" srcset=\"https:\/\/kipiam.agh.edu.pl\/wp-content\/uploads\/2021\/11\/szlif-1024x768.jpg 1024w, https:\/\/kipiam.agh.edu.pl\/wp-content\/uploads\/2021\/11\/szlif-300x225.jpg 300w, https:\/\/kipiam.agh.edu.pl\/wp-content\/uploads\/2021\/11\/szlif-768x576.jpg 768w, https:\/\/kipiam.agh.edu.pl\/wp-content\/uploads\/2021\/11\/szlif-1536x1152.jpg 1536w, https:\/\/kipiam.agh.edu.pl\/wp-content\/uploads\/2021\/11\/szlif.jpg 1632w\" sizes=\"auto, (max-width: 1024px) 100vw, 1024px\" \/><\/figure><\/div>\n\n\n\n<p>b) Szlifierko-polerki firmy STUERS i PROSPECTA<\/p>\n\n\n\n<figure class=\"wp-block-image size-large\"><img loading=\"lazy\" decoding=\"async\" width=\"1024\" height=\"768\" src=\"http:\/\/10.156.112.25\/kipiam\/wp-content\/uploads\/2021\/11\/poler-1024x768.jpg\" alt=\"\" class=\"wp-image-390\" srcset=\"https:\/\/kipiam.agh.edu.pl\/wp-content\/uploads\/2021\/11\/poler-1024x768.jpg 1024w, https:\/\/kipiam.agh.edu.pl\/wp-content\/uploads\/2021\/11\/poler-300x225.jpg 300w, https:\/\/kipiam.agh.edu.pl\/wp-content\/uploads\/2021\/11\/poler-768x576.jpg 768w, https:\/\/kipiam.agh.edu.pl\/wp-content\/uploads\/2021\/11\/poler-1536x1152.jpg 1536w, https:\/\/kipiam.agh.edu.pl\/wp-content\/uploads\/2021\/11\/poler.jpg 1632w\" sizes=\"auto, (max-width: 1024px) 100vw, 1024px\" \/><\/figure>\n\n\n\n<p>c) Polerka wibracyjna Saphir vibro firmy ATM<\/p>\n\n\n\n<figure class=\"wp-block-image size-large\"><img loading=\"lazy\" decoding=\"async\" width=\"1024\" height=\"768\" src=\"http:\/\/10.156.112.25\/kipiam\/wp-content\/uploads\/2021\/11\/Polerka_wibracyjna-1024x768.jpg\" alt=\"\" class=\"wp-image-391\" srcset=\"https:\/\/kipiam.agh.edu.pl\/wp-content\/uploads\/2021\/11\/Polerka_wibracyjna-1024x768.jpg 1024w, https:\/\/kipiam.agh.edu.pl\/wp-content\/uploads\/2021\/11\/Polerka_wibracyjna-300x225.jpg 300w, https:\/\/kipiam.agh.edu.pl\/wp-content\/uploads\/2021\/11\/Polerka_wibracyjna-768x576.jpg 768w, https:\/\/kipiam.agh.edu.pl\/wp-content\/uploads\/2021\/11\/Polerka_wibracyjna-1536x1152.jpg 1536w, https:\/\/kipiam.agh.edu.pl\/wp-content\/uploads\/2021\/11\/Polerka_wibracyjna-2048x1536.jpg 2048w\" sizes=\"auto, (max-width: 1024px) 100vw, 1024px\" \/><\/figure>\n\n\n\n<p><strong>8. Prasa hydrauliczna do inkludowania pr\u00f3bek na gor\u0105co firmy PROCPECTA<\/strong><\/p>\n\n\n\n<figure class=\"wp-block-image size-large\"><img loading=\"lazy\" decoding=\"async\" width=\"768\" height=\"1024\" src=\"http:\/\/10.156.112.25\/kipiam\/wp-content\/uploads\/2021\/11\/WP_20130724_003-768x1024.jpg\" alt=\"\" class=\"wp-image-393\" srcset=\"https:\/\/kipiam.agh.edu.pl\/wp-content\/uploads\/2021\/11\/WP_20130724_003-768x1024.jpg 768w, https:\/\/kipiam.agh.edu.pl\/wp-content\/uploads\/2021\/11\/WP_20130724_003-225x300.jpg 225w, https:\/\/kipiam.agh.edu.pl\/wp-content\/uploads\/2021\/11\/WP_20130724_003-1152x1536.jpg 1152w, https:\/\/kipiam.agh.edu.pl\/wp-content\/uploads\/2021\/11\/WP_20130724_003.jpg 1224w\" sizes=\"auto, (max-width: 768px) 100vw, 768px\" \/><\/figure>\n\n\n\n<p><strong>9. Prasa hydrauliczna do pracy na zimno Imperial Press 2000<\/strong><\/p>\n\n\n\n<figure class=\"wp-block-image size-large\"><img loading=\"lazy\" decoding=\"async\" width=\"768\" height=\"1024\" src=\"http:\/\/10.156.112.25\/kipiam\/wp-content\/uploads\/2021\/11\/WP_004-768x1024.jpg\" alt=\"\" class=\"wp-image-396\" srcset=\"https:\/\/kipiam.agh.edu.pl\/wp-content\/uploads\/2021\/11\/WP_004-768x1024.jpg 768w, https:\/\/kipiam.agh.edu.pl\/wp-content\/uploads\/2021\/11\/WP_004-225x300.jpg 225w, https:\/\/kipiam.agh.edu.pl\/wp-content\/uploads\/2021\/11\/WP_004-1152x1536.jpg 1152w, https:\/\/kipiam.agh.edu.pl\/wp-content\/uploads\/2021\/11\/WP_004.jpg 1224w\" sizes=\"auto, (max-width: 768px) 100vw, 768px\" \/><\/figure>\n\n\n\n<p><strong>10. Przecinarka do ci\u0119cia pr\u00f3bek Brillant 201 firmy PROSPECTA<\/strong><\/p>\n\n\n\n<figure class=\"wp-block-image size-large\"><img loading=\"lazy\" decoding=\"async\" width=\"1024\" height=\"768\" src=\"http:\/\/10.156.112.25\/kipiam\/wp-content\/uploads\/2021\/11\/WP_20130724_001-1024x768.jpg\" alt=\"\" class=\"wp-image-398\" srcset=\"https:\/\/kipiam.agh.edu.pl\/wp-content\/uploads\/2021\/11\/WP_20130724_001-1024x768.jpg 1024w, https:\/\/kipiam.agh.edu.pl\/wp-content\/uploads\/2021\/11\/WP_20130724_001-300x225.jpg 300w, https:\/\/kipiam.agh.edu.pl\/wp-content\/uploads\/2021\/11\/WP_20130724_001-768x576.jpg 768w, https:\/\/kipiam.agh.edu.pl\/wp-content\/uploads\/2021\/11\/WP_20130724_001-1536x1152.jpg 1536w, https:\/\/kipiam.agh.edu.pl\/wp-content\/uploads\/2021\/11\/WP_20130724_001.jpg 1632w\" sizes=\"auto, (max-width: 1024px) 100vw, 1024px\" \/><\/figure>\n","protected":false},"excerpt":{"rendered":"<p>Lokalizacja: Budynek B-5 pok. 608, 811 i 814Opiekunowie laboratorium:&nbsp;mgr in\u017c. Wies\u0142aw Brzegowy,&nbsp;dr in\u017c. Mateusz Kopy\u015bcia\u0144skiSpecyfikacja:&nbsp;LB-4 W laboratorium wykonuje si\u0119 kompleksowo preparatyk\u0119 materia\u0142\u00f3w do bada\u0144 metalograficznych za pomoc\u0105 mikroskopii \u015bwietlnej oraz transmisyjnej i skaningowej mikroskopii elektronowej. Przygotowywanie pr\u00f3bek w postaci zg\u0142ad\u00f3w metalograficznych (ci\u0119cie, szlifowanie, polerowanie mechaniczne, inkludowanie, trawienie), cienkich folii do TEM (ci\u0119cie, szlifowanie, polerowanie mechaniczne,&#8230;<\/p>\n<p class=\"more-link-wrap\"><a href=\"https:\/\/kipiam.agh.edu.pl\/?page_id=349\" class=\"more-link\">Read More<span class=\"screen-reader-text\"> &ldquo;Laboratorium Preparatyki Materia\u0142\u00f3w i Charakterystyki Mikrostruktury (LB-4)&rdquo;<\/span> &raquo;<\/a><\/p>\n","protected":false},"author":1,"featured_media":0,"parent":0,"menu_order":0,"comment_status":"closed","ping_status":"closed","template":"","meta":{"footnotes":""},"class_list":["post-349","page","type-page","status-publish","hentry"],"_links":{"self":[{"href":"https:\/\/kipiam.agh.edu.pl\/index.php?rest_route=\/wp\/v2\/pages\/349","targetHints":{"allow":["GET"]}}],"collection":[{"href":"https:\/\/kipiam.agh.edu.pl\/index.php?rest_route=\/wp\/v2\/pages"}],"about":[{"href":"https:\/\/kipiam.agh.edu.pl\/index.php?rest_route=\/wp\/v2\/types\/page"}],"author":[{"embeddable":true,"href":"https:\/\/kipiam.agh.edu.pl\/index.php?rest_route=\/wp\/v2\/users\/1"}],"replies":[{"embeddable":true,"href":"https:\/\/kipiam.agh.edu.pl\/index.php?rest_route=%2Fwp%2Fv2%2Fcomments&post=349"}],"version-history":[{"count":4,"href":"https:\/\/kipiam.agh.edu.pl\/index.php?rest_route=\/wp\/v2\/pages\/349\/revisions"}],"predecessor-version":[{"id":438,"href":"https:\/\/kipiam.agh.edu.pl\/index.php?rest_route=\/wp\/v2\/pages\/349\/revisions\/438"}],"wp:attachment":[{"href":"https:\/\/kipiam.agh.edu.pl\/index.php?rest_route=%2Fwp%2Fv2%2Fmedia&parent=349"}],"curies":[{"name":"wp","href":"https:\/\/api.w.org\/{rel}","templated":true}]}}