{"id":671,"date":"2022-01-18T12:42:21","date_gmt":"2022-01-18T12:42:21","guid":{"rendered":"http:\/\/10.156.112.25\/kipiam\/?page_id=671"},"modified":"2025-10-30T13:22:53","modified_gmt":"2025-10-30T12:22:53","slug":"grupa-badawcza-projektowanie-i-wytwarzanie-powlok-do-zastosowan-biomedycznych","status":"publish","type":"page","link":"https:\/\/kipiam.agh.edu.pl\/?page_id=671","title":{"rendered":"Grupa badawcza &#8211; Projektowanie i wytwarzanie pow\u0142ok do zastosowa\u0144 biomedycznych"},"content":{"rendered":"\n<p><strong>Sk\u0142ad osobowy:<\/strong><br><a href=\"https:\/\/kipiam.agh.edu.pl\/?staff-member=tomasz-moskalewicz-prof-agh\">Prof. dr hab. in\u017c. Tomasz Moskalewicz <\/a>&#8211; lider<br><a href=\"https:\/\/kipiam.agh.edu.pl\/?staff-member=aleksandra-bloniarz\">Dr Aleksandra B\u0142oniarz<\/a><br><a href=\"https:\/\/kipiam.agh.edu.pl\/?staff-member=aleksandra-kruk\">Dr in\u017c. Aleksandra Fio\u0142ek<\/a><br><a href=\"https:\/\/kipiam.agh.edu.pl\/?staff-member=amelia-zieba\">Dr in\u017c. Amelia Zi\u0119ba<\/a><br><strong>Doktoranci:<\/strong><br><a href=\"https:\/\/kipiam.agh.edu.pl\/?staff-member=mikolaj-mielczarek\">Mgr in\u017c. Miko\u0142aj Mielczarek<\/a><br><a href=\"https:\/\/kipiam.agh.edu.pl\/?staff-member=tomasz-cudak\">Mgr in\u017c. Tomasz Cudak<\/a><br><a href=\"https:\/\/kipiam.agh.edu.pl\/?staff-member=robert-karpinski\">Mgr in\u017c. Robert Karpi\u0144ski<\/a><br><\/p>\n\n\n\n<p><strong>Opis grupy:<\/strong><br>Grupa badawcza zajmuje si\u0119 projektowaniem, optymalizacj\u0105 proces\u00f3w wytwarzania i wytwarzaniem oraz charakterystyk\u0105 nowatorskich pow\u0142ok polimerowych, ceramicznych i kompozytowych. Podstawow\u0105 technologi\u0105 jest osadzanie elektroforetyczne i obr\u00f3bka cieplna oraz technologie hybrydowe osadzanie elektroforetyczne\/techniki laserowe. Powleczone materia\u0142y maj\u0105 zastosowanie zw\u0142aszcza w in\u017cynierii biomedycznej i in\u017cynierii mechanicznej do poprawy w\u0142a\u015bciwo\u015bci metali i ich stop\u00f3w.<\/p>\n\n\n\n<p><strong>Tematyka badawcza:<\/strong><br>&#8211; kinetyka i mechanizmy osadzania elektroforetycznego<br>&#8211; pow\u0142oki bioaktywne, antybakteryjne i biodegradowalne<br>&#8211; pow\u0142oki odporne na zu\u017cycie przez tarcie i niskotarciowe<br>&#8211; obr\u00f3bka cieplna powleczonych materia\u0142\u00f3w.<\/p>\n\n\n\n<p><strong>Oferta naukowo-badawcza:<\/strong><br>Celem naukowym bada\u0144 jest opracowanie warunk\u00f3w wytwarzania pow\u0142ok i ustalenie ich wp\u0142ywu na wybrane w\u0142a\u015bciwo\u015bci fizyko-chemiczne metali i ich stop\u00f3w w aspekcie ich perspektywicznych zastosowa\u0144 w in\u017cynierii biomedycznej i in\u017cynierii mechanicznej.<\/p>\n\n\n\n<ul class=\"wp-block-list\">\n<li>projektowanie i wytwarzanie pow\u0142ok<\/li>\n\n\n\n<li>badania potencja\u0142u dzeta i ruchliwo\u015bci elektroforetycznej<\/li>\n\n\n\n<li>badania wielko\u015bci cz\u0105stek<\/li>\n\n\n\n<li>badania adhezji pow\u0142ok do pod\u0142o\u017cy<\/li>\n\n\n\n<li>charakterystyka mikrostruktury i topografii powierzchni pow\u0142ok<\/li>\n\n\n\n<li>badania w\u0142a\u015bciwo\u015bci powierzchni materia\u0142\u00f3w, takich jak zwil\u017calno\u015b\u0107, energia powierzchniowa i potencja\u0142 dzeta<\/li>\n<\/ul>\n\n\n\n<p><strong>Infrastruktura badawcza:<\/strong><br>&#8211; stanowiska do osadzania elektroforetycznego pow\u0142ok wraz z wyposa\u017ceniem<br>&#8211; urz\u0105dzenia do przygotowania roztwor\u00f3w koloidalnych i zawiesin<br>&#8211; analizator potencja\u0142u elektrokinetycznego dzeta, masy cz\u0105steczkowej i wielko\u015bci cz\u0105stek, wraz z titratorem<br>&#8211; precyzyjny piec niskotemperaturowy do temperatury 400\u00b0C<br>&#8211; oprzyrz\u0105dowanie do badania adhezji pow\u0142ok do pod\u0142o\u017cy metod\u0105 siatki naci\u0119\u0107 zgodnie z normami ASTM D3359 i ISO 2409<br>&#8211; tester przyczepno\u015bci pow\u0142ok metod\u0105 pull-off<br>&#8211; cieplarka laboratoryjna, autoklaw<br>&#8211; inkubator z wytrz\u0105saniem<br>&#8211; lampa UV<br>&#8211; goniometr &#8211; analizator kszta\u0142tu kropli i napi\u0119cia powierzchniowego<\/p>\n\n\n\n<div class=\"wp-block-columns is-layout-flex wp-container-core-columns-is-layout-9d6595d7 wp-block-columns-is-layout-flex\">\n<div class=\"wp-block-column is-layout-flow wp-block-column-is-layout-flow\"><div class=\"wp-block-image\">\n<figure class=\"aligncenter size-large is-resized\"><img loading=\"lazy\" decoding=\"async\" width=\"1024\" height=\"544\" src=\"https:\/\/kipiam.agh.edu.pl\/wp-content\/uploads\/2023\/03\/1-1-1024x544.jpg\" alt=\"\" class=\"wp-image-781\" style=\"width:768px;height:408px\" srcset=\"https:\/\/kipiam.agh.edu.pl\/wp-content\/uploads\/2023\/03\/1-1-1024x544.jpg 1024w, https:\/\/kipiam.agh.edu.pl\/wp-content\/uploads\/2023\/03\/1-1-300x159.jpg 300w, https:\/\/kipiam.agh.edu.pl\/wp-content\/uploads\/2023\/03\/1-1-768x408.jpg 768w, https:\/\/kipiam.agh.edu.pl\/wp-content\/uploads\/2023\/03\/1-1.jpg 1126w\" sizes=\"auto, (max-width: 1024px) 100vw, 1024px\" \/><figcaption class=\"wp-element-caption\">Stanowiska do osadzania elektroforetycznego pow\u0142ok<\/figcaption><\/figure>\n<\/div><\/div>\n<\/div>\n\n\n\n<div class=\"wp-block-columns is-layout-flex wp-container-core-columns-is-layout-9d6595d7 wp-block-columns-is-layout-flex\">\n<div class=\"wp-block-column is-layout-flow wp-block-column-is-layout-flow\">\n<figure class=\"wp-block-image size-full\"><img loading=\"lazy\" decoding=\"async\" width=\"676\" height=\"507\" src=\"https:\/\/kipiam.agh.edu.pl\/wp-content\/uploads\/2023\/03\/2.jpg\" alt=\"\" class=\"wp-image-779\" srcset=\"https:\/\/kipiam.agh.edu.pl\/wp-content\/uploads\/2023\/03\/2.jpg 676w, https:\/\/kipiam.agh.edu.pl\/wp-content\/uploads\/2023\/03\/2-300x225.jpg 300w\" sizes=\"auto, (max-width: 676px) 100vw, 676px\" \/><figcaption class=\"wp-element-caption\">Analizator potencja\u0142u elektrokinetycznego dzeta<\/figcaption><\/figure>\n<\/div>\n\n\n\n<div class=\"wp-block-column is-layout-flow wp-block-column-is-layout-flow\">\n<figure class=\"wp-block-image size-full\"><img loading=\"lazy\" decoding=\"async\" width=\"676\" height=\"507\" src=\"https:\/\/kipiam.agh.edu.pl\/wp-content\/uploads\/2023\/03\/3.jpg\" alt=\"\" class=\"wp-image-780\" srcset=\"https:\/\/kipiam.agh.edu.pl\/wp-content\/uploads\/2023\/03\/3.jpg 676w, https:\/\/kipiam.agh.edu.pl\/wp-content\/uploads\/2023\/03\/3-300x225.jpg 300w\" sizes=\"auto, (max-width: 676px) 100vw, 676px\" \/><figcaption class=\"wp-element-caption\">Precyzyjny piec niskotemperaturowy<\/figcaption><\/figure>\n<\/div>\n<\/div>\n\n\n\n<div class=\"wp-block-columns is-layout-flex wp-container-core-columns-is-layout-9d6595d7 wp-block-columns-is-layout-flex\">\n<div class=\"wp-block-column is-layout-flow wp-block-column-is-layout-flow\"><div class=\"wp-block-image\">\n<figure class=\"aligncenter size-full is-resized\"><img loading=\"lazy\" decoding=\"async\" width=\"693\" height=\"924\" src=\"https:\/\/kipiam.agh.edu.pl\/wp-content\/uploads\/2023\/03\/4-1.jpg\" alt=\"\" class=\"wp-image-784\" style=\"width:347px;height:462px\" srcset=\"https:\/\/kipiam.agh.edu.pl\/wp-content\/uploads\/2023\/03\/4-1.jpg 693w, https:\/\/kipiam.agh.edu.pl\/wp-content\/uploads\/2023\/03\/4-1-225x300.jpg 225w\" sizes=\"auto, (max-width: 693px) 100vw, 693px\" \/><figcaption class=\"wp-element-caption\">Cieplarka laboratoryjna<\/figcaption><\/figure>\n<\/div><\/div>\n\n\n\n<div class=\"wp-block-column is-layout-flow wp-block-column-is-layout-flow\"><div class=\"wp-block-image\">\n<figure class=\"aligncenter size-full is-resized\"><img loading=\"lazy\" decoding=\"async\" width=\"693\" height=\"924\" src=\"https:\/\/kipiam.agh.edu.pl\/wp-content\/uploads\/2023\/03\/5-1.jpg\" alt=\"\" class=\"wp-image-785\" style=\"width:347px;height:462px\" srcset=\"https:\/\/kipiam.agh.edu.pl\/wp-content\/uploads\/2023\/03\/5-1.jpg 693w, https:\/\/kipiam.agh.edu.pl\/wp-content\/uploads\/2023\/03\/5-1-225x300.jpg 225w\" sizes=\"auto, (max-width: 693px) 100vw, 693px\" \/><figcaption class=\"wp-element-caption\">Autoklaw<\/figcaption><\/figure>\n<\/div><\/div>\n<\/div>\n\n\n\n<div class=\"wp-block-columns is-layout-flex wp-container-core-columns-is-layout-9d6595d7 wp-block-columns-is-layout-flex\">\n<div class=\"wp-block-column is-layout-flow wp-block-column-is-layout-flow\"><div class=\"wp-block-image\">\n<figure class=\"aligncenter size-full is-resized\"><img loading=\"lazy\" decoding=\"async\" width=\"1381\" height=\"1596\" src=\"https:\/\/kipiam.agh.edu.pl\/wp-content\/uploads\/2024\/12\/IMG20241218101039_01-1.jpg\" alt=\"\" class=\"wp-image-1016\" style=\"width:347px;height:462px\" srcset=\"https:\/\/kipiam.agh.edu.pl\/wp-content\/uploads\/2024\/12\/IMG20241218101039_01-1.jpg 1381w, https:\/\/kipiam.agh.edu.pl\/wp-content\/uploads\/2024\/12\/IMG20241218101039_01-1-260x300.jpg 260w, https:\/\/kipiam.agh.edu.pl\/wp-content\/uploads\/2024\/12\/IMG20241218101039_01-1-886x1024.jpg 886w, https:\/\/kipiam.agh.edu.pl\/wp-content\/uploads\/2024\/12\/IMG20241218101039_01-1-768x888.jpg 768w, https:\/\/kipiam.agh.edu.pl\/wp-content\/uploads\/2024\/12\/IMG20241218101039_01-1-1329x1536.jpg 1329w\" sizes=\"auto, (max-width: 1381px) 100vw, 1381px\" \/><figcaption class=\"wp-element-caption\">Inkubator z wytrz\u0105saniem<\/figcaption><\/figure>\n<\/div><\/div>\n\n\n\n<div class=\"wp-block-column is-layout-flow wp-block-column-is-layout-flow\"><div class=\"wp-block-image\">\n<figure class=\"aligncenter size-full is-resized\"><img loading=\"lazy\" decoding=\"async\" width=\"1585\" height=\"1536\" src=\"https:\/\/kipiam.agh.edu.pl\/wp-content\/uploads\/2024\/12\/IMG20241218101155.jpg\" alt=\"\" class=\"wp-image-1017\" style=\"width:347px;height:462px\" srcset=\"https:\/\/kipiam.agh.edu.pl\/wp-content\/uploads\/2024\/12\/IMG20241218101155.jpg 1585w, https:\/\/kipiam.agh.edu.pl\/wp-content\/uploads\/2024\/12\/IMG20241218101155-300x291.jpg 300w, https:\/\/kipiam.agh.edu.pl\/wp-content\/uploads\/2024\/12\/IMG20241218101155-1024x992.jpg 1024w, https:\/\/kipiam.agh.edu.pl\/wp-content\/uploads\/2024\/12\/IMG20241218101155-768x744.jpg 768w, https:\/\/kipiam.agh.edu.pl\/wp-content\/uploads\/2024\/12\/IMG20241218101155-1536x1489.jpg 1536w\" sizes=\"auto, (max-width: 1585px) 100vw, 1585px\" \/><figcaption class=\"wp-element-caption\">Lampa UV<\/figcaption><\/figure>\n<\/div><\/div>\n<\/div>\n\n\n<div class=\"wp-block-image\">\n<figure class=\"aligncenter size-large is-resized\"><img loading=\"lazy\" decoding=\"async\" width=\"1024\" height=\"576\" src=\"https:\/\/kipiam.agh.edu.pl\/wp-content\/uploads\/2023\/10\/Goniometr-1024x576.jpg\" alt=\"\" class=\"wp-image-906\" style=\"object-fit:cover;width:768px;height:408px\" srcset=\"https:\/\/kipiam.agh.edu.pl\/wp-content\/uploads\/2023\/10\/Goniometr-1024x576.jpg 1024w, https:\/\/kipiam.agh.edu.pl\/wp-content\/uploads\/2023\/10\/Goniometr-300x169.jpg 300w, https:\/\/kipiam.agh.edu.pl\/wp-content\/uploads\/2023\/10\/Goniometr-768x432.jpg 768w, https:\/\/kipiam.agh.edu.pl\/wp-content\/uploads\/2023\/10\/Goniometr.jpg 1386w\" sizes=\"auto, (max-width: 1024px) 100vw, 1024px\" \/><figcaption class=\"wp-element-caption\">Goniometr<\/figcaption><\/figure>\n<\/div>\n\n\n<p><strong>Projekty:<\/strong><\/p>\n\n\n\n<ul class=\"wp-block-list\">\n<li>Projekt OPUS-23: Bioinspirowane pow\u0142oki z biodegradowalnych polimer\u00f3w anionowych i kationowych oraz naturalnych substancji przeciwdrobnoustrojowych dla implant\u00f3w metalowych, Umowa z NCN: nr UMO-2022\/45\/B\/ST5\/00242, Kierownik prof. dr hab. in\u017c. Tomasz Moskalewicz, okres realizacji: 20.01.2023 \u2013 19.01.2026, projekt we wsp\u00f3\u0142pracy z Uniwersytet Jagiello\u0144ski, Collegium Medicum, Prof. dr hab. n. med. Monika Brzychczy-W\u0142och (kwota projektu: 1 456&nbsp;680 PLN)<\/li>\n<\/ul>\n\n\n\n<p style=\"line-height:1.7\">Celem projektu jest opracowanie nowatorskich naturalnych pow\u0142ok o osnowie biopolimer\u00f3w pochodzenia morskiego (chitozanu i alginianu, oddzielnie oraz wzmocnione nanokrystaliczn\u0105 celuloz\u0105) o w\u0142a\u015bciwo\u015bciach przeciwdrobnoustrojowych i ma\u0142ej cytotoksyczno\u015bci, takich jak:<br>&#8211; pow\u0142oki o osnowie chitozanu i alginianu z dodatkiem olejk\u00f3w eterycznych lub ich podstawowych sk\u0142adnik\u00f3w,<br>&#8211; pow\u0142oki wielosk\u0142adnikowe nanokrystaliczna celuloza\/chitozan i nanokrystaliczna celuloza\/alginian<br>z dodatkiem kardamonu i kurkuminy.<br>Pow\u0142oki zostan\u0105 wytworzone przy u\u017cyciu osadzania elektroforetycznego na pod\u0142o\u017cach tytanu technicznego i stali nierdzewnej austenitycznej.<\/p>\n\n\n\n<p><\/p>\n\n\n\n<p style=\"line-height:1.4\"><strong>Wybrane projekty zrealizowane<\/strong><\/p>\n\n\n\n<p>1. Projekt NCN-DFG, Beethoven Classic 3: Development of electrophoretic co-deposition of bioactive and antibacterial ceramics with biodegradable polymers to produce novel composite coatings for biomedical applications, NCN: nr UMO-2018\/31\/G\/ST5\/00429, Kierownik dr hab. in\u017c. Tomasz Moskalewicz\/Prof. Aldo R. Boccaccini (Friedrich-Alexander-University Erlangen-Nuremberg, Niemcy, okres realizacji: 15.01.2020 \u2013 14.07.2023, kwota dla AGH: 996 250 PLN<\/p>\n\n\n\n<p>2. Projekt OPUS11: Optymalizacja wsp\u00f3\u0142osadzania elektroforetycznego ceramiki i polimer\u00f3w w celu wytworzenia kompozytowych pow\u0142ok niskotarciowych odpornych na zu\u017cycie \u015bcierne, Umowa z NCN: nr UMO-2016\/21\/B\/ST8\/00238, Kierownik dr hab. in\u017c. Tomasz Moskalewicz, okres realizacji: 16.01.2017 \u2013 15.01.2020, kwota dla AGH: 596&nbsp;990 PLN<\/p>\n\n\n\n<p>3. Projekt OPUS5: Opracowanie bioaktywnych i biodegradowalnych pow\u0142ok kompozytowych o osnowie polimerowej w celu poprawy w\u0142a\u015bciwo\u015bci osteoinduktywnych stop\u00f3w tytanu, Umowa z NCN: nr UMO-2013\/09\/B\/ST8\/00145, Kierownik dr hab. in\u017c. Tomasz Moskalewicz, okres realizacji: 20.02.2014 \u2013 19.02.2017, kwota dla AGH: 831&nbsp;950 PLN<\/p>\n\n\n\n<p>4. Projekt MNiSW\/NCN: Kszta\u0142towanie mikro\/nanostruktury warstw kwazikrystalicznych w celu poprawy w\u0142a\u015bciwo\u015bci stop\u00f3w tytanu, Umowa z MNiSW: nr 2784\/B\/T02\/2009\/36, Kierownik dr in\u017c. Tomasz Moskalewicz, okres realizacji: 04.06.2009\u2013 3.06.2012, kwota dla AGH: 350 000 PLN<\/p>\n\n\n\n<p>5. Pol-Nor\/208189\/105\/2015 2015-2016 Ma\u0142e granty w ramach Programu Polsko \u2013Norweskiego &#8211; \u201eHight-temperature corrosion of metalic boiler materials due to ash deposited from renewable fuels\u201d \u2013 dr Aleksandra B\u0142oniarz wykonawca<\/p>\n\n\n\n<p>6. NCN, Dzia\u0142anie naukowe Miniatura 6: Wp\u0142yw warunk\u00f3w wytwarzania na mikrostruktur\u0119 i wybrane w\u0142a\u015bciwo\u015bci pow\u0142ok politetrafluoroetylenu; nr umowy: 18.18.110.09980; kierownik dr in\u017c. Aleksandra Fio\u0142ek, okres realizacji: 11.2022 \u2013 11.2023<\/p>\n\n\n\n<p>7. NCN, Dzia\u0142anie naukowe Miniatura 7: Opracowanie pow\u0142ok z polimer\u00f3w naturalnych osadzanych elektroforetycznie na stali austenitycznej do zastosowa\u0144 chirurgicznych; nr umowy: 18.18.110.099; kierownik dr Aleksandra B\u0142oniarz, okres realizacji: 10.2023 \u2013 10.2024<\/p>\n\n\n\n<p>8. Grant dzieka\u0144ski nr 15.11.110.513 \u2013 \u201eCharakterystyka zjawiska korozji wysokotemperaturowej materia\u0142\u00f3w typu Inconel oraz ich napoin, powodowanej popio\u0142ami powsta\u0142ymi w wyniku spalania biomasy oraz osadu \u015bciekowego\u201d &#8211; kierownik projektu dr Aleksandra B\u0142oniarz (opiekun naukowy dr hab. in\u017c. Agnieszka Kopia, prof. AGH)<\/p>\n\n\n\n<p>9. Grant dzieka\u0144ski nr 15.11.110.603 \u2013 \u201eBadania korozji wysokotemperaturowej materia\u0142\u00f3w napawanych metod\u0105 CMT pod wp\u0142ywem popio\u0142\u00f3w powsta\u0142ych w wyniku spalania biomasy pochodz\u0105cej z p\u00f3\u0142wyspu Iberyjskiego w piecu DTF\u201d \u2013 dr Aleksandra B\u0142oniarz kierownik projektu (opiekun naukowy dr hab. in\u017c. Agnieszka Kopia, prof. AGH)<\/p>\n\n\n\n<p>10. Grant dzieka\u0144ski nr 16.16.110.663 zadanie nr. 7 &#8211;&nbsp; \u201eOcena jako\u015bciowa i ilo\u015bciowa zjawiska korozji wysokotemperaturowej napoin CMT stali austenitycznych 309 i 310 oraz Inconelu 625 w \u015brodowisku agresywnych popio\u0142\u00f3w z paliw odnawialnych\u201d \u2013 dr Aleksandra B\u0142oniarz kierownik projektu (opiekun naukowy dr hab. in\u017c. Agnieszka Kopia, prof. AGH)<\/p>\n\n\n\n<p>11. Grant dzieka\u0144ski nr 16.16.110.663 zadanie nr 10 &#8211; \u201eOsadzanie elektroforetyczne oraz charakterystyka mikrostruktury i w\u0142a\u015bciwo\u015bci tribologicznych pow\u0142ok grafen\/PEEK 708 na stopie Ti-6Al-4V&#8221; \u2013 kierownik projektu dr in\u017c. Aleksandra Fio\u0142ek<\/p>\n\n\n\n<p>12. Grant dzieka\u0144ski nr 16.16.110.663 zadanie nr 11 \u2013 \u201eOptymalizacja zawarto\u015bci sk\u0142adnik\u00f3w niskotarciowych w pow\u0142okach kompozytowych osadzanych elektroforetycznie na stopie tytanu\u201d \u2013 kierownik projektu dr in\u017c. Aleksandra Fio\u0142ek<\/p>\n\n\n\n<p>13. Grant dzieka\u0144ski nr 16.16.110.663 zadanie nr 10 \u2013 \u201eWytwarzanie i charakterystyka wielosk\u0142adnikowych pow\u0142ok o osnowie chitozanu do zastosowa\u0144 biomedycznych\u201d \u2013 kierownik projektu dr Aleksandra B\u0142oniarz<\/p>\n\n\n\n<p>14. Grant dzieka\u0144ski nr 16.16.110.663 zadanie nr 9 \u2013 \u201eWp\u0142yw \u015brodk\u00f3w dysperguj\u0105cych na kinetyk\u0119 i mechanizmy osadzania elektroforetycznego oraz morfologi\u0119 i adhezj\u0119 wielosk\u0142adnikowych pow\u0142ok TiN\/PTFE\/PEEK\u201d \u2013 kierownik projektu dr in\u017c. Aleksandra Fio\u0142ek<\/p>\n\n\n\n<p><strong>Wsp\u00f3\u0142praca krajowa:<\/strong><br>&#8211; Uniwersytet Jagiello\u0144ski, Collegium Medicum, prof. dr hab. n. med. Monika Brzychczy-W\u0142och; prof. dr hab. Tomasz Gosiewski<br>&#8211; WIMiR AGH: dr hab. in\u017c. S\u0142awomir Zimowski, prof. AGH; dr hab. in\u017c. Marcin Kot, prof. AGH<br>&#8211; WIMiC AGH, prof. dr hab. in\u017c. Maciej Sitarz, dr hab. in\u017c. Katarzyna Cholewa-Kowalska, prof. AGH<br>&#8211; WO AGH: dr in\u017c. Alicja \u0141ukaszczyk<br>&#8211; Politechnika \u0141\u00f3dzka: Dr Wojciech Pawlak<br>&#8211; Instytut Metalurgii i In\u017cynierii Materia\u0142owej Polskiej Akademii Nauk: dr hab. in\u017c. \u0141ukasz Major, prof. PAN<\/p>\n\n\n\n<p><strong>Wsp\u00f3\u0142praca mi\u0119dzynarodowa:<\/strong><br>&#8211; Friedrich-Alexander-University Erlangen-Nuremberg, Niemcy, Prof. Aldo R. Boccaccini<\/p>\n\n\n\n<p><strong>S\u0142owa kluczowe: <\/strong>pow\u0142oki ochronne; osadzanie elektroforetyczne; pow\u0142oki kompozytowe; pow\u0142oki polimerowe; pow\u0142oki ceramiczne; pow\u0142oki niskotarciowe; pow\u0142oki biodegradowalne; pow\u0142oki antybakteryjne; mikrostruktura; topografia powierzchni; odporno\u015b\u0107 na korozj\u0119; bioaktywno\u015b\u0107; odporno\u015b\u0107 na zu\u017cycie przez tarcie; adhezja<\/p>\n\n\n\n<p><strong>Kontakt:<\/strong><br>Prof. dr hab. in\u017c. Tomasz Moskalewicz<br>Katedra In\u017cynierii Powierzchni i Analiz Materia\u0142\u00f3w<br>e-mail: tmoskale@agh.edu.pl<br>tel. 12&nbsp;617 45 27<\/p>\n\n\n\n<div class=\"wp-block-columns is-layout-flex wp-container-core-columns-is-layout-9d6595d7 wp-block-columns-is-layout-flex\">\n<div class=\"wp-block-column is-layout-flow wp-block-column-is-layout-flow\">\n<figure class=\"wp-block-image size-full\"><img loading=\"lazy\" decoding=\"async\" width=\"968\" height=\"662\" src=\"https:\/\/kipiam.agh.edu.pl\/wp-content\/uploads\/2023\/03\/Beznazwy-1.jpg\" alt=\"\" class=\"wp-image-786\" srcset=\"https:\/\/kipiam.agh.edu.pl\/wp-content\/uploads\/2023\/03\/Beznazwy-1.jpg 968w, https:\/\/kipiam.agh.edu.pl\/wp-content\/uploads\/2023\/03\/Beznazwy-1-300x205.jpg 300w, https:\/\/kipiam.agh.edu.pl\/wp-content\/uploads\/2023\/03\/Beznazwy-1-768x525.jpg 768w\" sizes=\"auto, (max-width: 968px) 100vw, 968px\" \/><\/figure>\n<\/div>\n\n\n\n<div class=\"wp-block-column is-layout-flow wp-block-column-is-layout-flow\">\n<figure class=\"wp-block-image size-full\"><img loading=\"lazy\" decoding=\"async\" width=\"968\" height=\"662\" src=\"https:\/\/kipiam.agh.edu.pl\/wp-content\/uploads\/2023\/03\/Beznazwy-2.jpg\" alt=\"\" class=\"wp-image-787\" srcset=\"https:\/\/kipiam.agh.edu.pl\/wp-content\/uploads\/2023\/03\/Beznazwy-2.jpg 968w, https:\/\/kipiam.agh.edu.pl\/wp-content\/uploads\/2023\/03\/Beznazwy-2-300x205.jpg 300w, https:\/\/kipiam.agh.edu.pl\/wp-content\/uploads\/2023\/03\/Beznazwy-2-768x525.jpg 768w\" sizes=\"auto, (max-width: 968px) 100vw, 968px\" \/><\/figure>\n<\/div>\n<\/div>\n\n\n\n<div class=\"wp-block-columns is-layout-flex wp-container-core-columns-is-layout-9d6595d7 wp-block-columns-is-layout-flex\">\n<div class=\"wp-block-column is-layout-flow wp-block-column-is-layout-flow\"><div class=\"wp-block-image\">\n<figure class=\"aligncenter size-full is-resized\"><img loading=\"lazy\" decoding=\"async\" width=\"968\" height=\"662\" src=\"https:\/\/kipiam.agh.edu.pl\/wp-content\/uploads\/2023\/03\/Beznazwy-3.jpg\" alt=\"\" class=\"wp-image-788\" style=\"width:404px;height:281px\" srcset=\"https:\/\/kipiam.agh.edu.pl\/wp-content\/uploads\/2023\/03\/Beznazwy-3.jpg 968w, https:\/\/kipiam.agh.edu.pl\/wp-content\/uploads\/2023\/03\/Beznazwy-3-300x205.jpg 300w, https:\/\/kipiam.agh.edu.pl\/wp-content\/uploads\/2023\/03\/Beznazwy-3-768x525.jpg 768w\" sizes=\"auto, (max-width: 968px) 100vw, 968px\" \/><\/figure>\n<\/div><\/div>\n<\/div>\n","protected":false},"excerpt":{"rendered":"<p>Sk\u0142ad osobowy:Prof. dr hab. in\u017c. Tomasz Moskalewicz &#8211; liderDr Aleksandra B\u0142oniarzDr in\u017c. Aleksandra Fio\u0142ekDr in\u017c. Amelia Zi\u0119baDoktoranci:Mgr in\u017c. Miko\u0142aj MielczarekMgr in\u017c. Tomasz CudakMgr in\u017c. Robert Karpi\u0144ski Opis grupy:Grupa badawcza zajmuje si\u0119 projektowaniem, optymalizacj\u0105 proces\u00f3w wytwarzania i wytwarzaniem oraz charakterystyk\u0105 nowatorskich pow\u0142ok polimerowych, ceramicznych i kompozytowych. Podstawow\u0105 technologi\u0105 jest osadzanie elektroforetyczne i obr\u00f3bka cieplna oraz technologie&#8230;<\/p>\n<p class=\"more-link-wrap\"><a href=\"https:\/\/kipiam.agh.edu.pl\/?page_id=671\" class=\"more-link\">Read More<span class=\"screen-reader-text\"> &ldquo;Grupa badawcza &#8211; Projektowanie i wytwarzanie pow\u0142ok do zastosowa\u0144 biomedycznych&rdquo;<\/span> &raquo;<\/a><\/p>\n","protected":false},"author":1,"featured_media":0,"parent":0,"menu_order":0,"comment_status":"closed","ping_status":"closed","template":"","meta":{"footnotes":""},"class_list":["post-671","page","type-page","status-publish","hentry"],"_links":{"self":[{"href":"https:\/\/kipiam.agh.edu.pl\/index.php?rest_route=\/wp\/v2\/pages\/671","targetHints":{"allow":["GET"]}}],"collection":[{"href":"https:\/\/kipiam.agh.edu.pl\/index.php?rest_route=\/wp\/v2\/pages"}],"about":[{"href":"https:\/\/kipiam.agh.edu.pl\/index.php?rest_route=\/wp\/v2\/types\/page"}],"author":[{"embeddable":true,"href":"https:\/\/kipiam.agh.edu.pl\/index.php?rest_route=\/wp\/v2\/users\/1"}],"replies":[{"embeddable":true,"href":"https:\/\/kipiam.agh.edu.pl\/index.php?rest_route=%2Fwp%2Fv2%2Fcomments&post=671"}],"version-history":[{"count":25,"href":"https:\/\/kipiam.agh.edu.pl\/index.php?rest_route=\/wp\/v2\/pages\/671\/revisions"}],"predecessor-version":[{"id":1032,"href":"https:\/\/kipiam.agh.edu.pl\/index.php?rest_route=\/wp\/v2\/pages\/671\/revisions\/1032"}],"wp:attachment":[{"href":"https:\/\/kipiam.agh.edu.pl\/index.php?rest_route=%2Fwp%2Fv2%2Fmedia&parent=671"}],"curies":[{"name":"wp","href":"https:\/\/api.w.org\/{rel}","templated":true}]}}