{"id":690,"date":"2022-01-20T11:53:47","date_gmt":"2022-01-20T11:53:47","guid":{"rendered":"http:\/\/10.156.112.25\/kipiam\/?page_id=690"},"modified":"2024-10-29T12:28:38","modified_gmt":"2024-10-29T11:28:38","slug":"grupa-badawcza-grupa-analiz-strukturalnych-materialow-metalicznych","status":"publish","type":"page","link":"https:\/\/kipiam.agh.edu.pl\/?page_id=690","title":{"rendered":"Grupa badawcza \u2013 Grupa analiz strukturalnych materia\u0142\u00f3w metalicznych"},"content":{"rendered":"\n<p><strong>Sk\u0142ad osobowy:<\/strong><br><a href=\"https:\/\/kipiam.agh.edu.pl\/?staff-member=stanislaw-dymek\">Prof. dr hab. in\u017c. Stanis\u0142aw Dymek<\/a> &#8211; lider;<br><a href=\"https:\/\/kipiam.agh.edu.pl\/?staff-member=miroslaw-wrobel-prof-agh\">Dr hab. in\u017c. Miros\u0142aw Wr\u00f3bel, prof. AGH<\/a><br><a href=\"https:\/\/kipiam.agh.edu.pl\/?staff-member=izabela-kalemba-rec\">Dr in\u017c. Izabela Kalemba-Rec<\/a><br><a href=\"https:\/\/kipiam.agh.edu.pl\/?staff-member=magdalena-rozmus-gornikowska\">Dr in\u017c. Magdalena Rozmus G\u00f3rnikowska<\/a><br><a href=\"https:\/\/kipiam.agh.edu.pl\/?staff-member=mateusz-kopyscianski\">Dr in\u017c. Mateusz Kopy\u015bcia\u0144ski<\/a><\/p>\n\n\n\n<p><strong>Tematyka badawcza:<\/strong><br>Tematyka badawcza grupy jest aktualnie \u015bci\u015ble zwi\u0105zana z realizacj\u0105 bada\u0144 w ramach dw\u00f3ch grant\u00f3w NCN oraz bada\u0144 cyklicznych wykonywanych na zlecenie przemys\u0142u, g\u0142\u00f3wnie firma Nowoczesne Produkty Aluminiowe, Skawina (NPA).<\/p>\n\n\n\n<p><strong>Cele naukowe bada\u0144 realizowanych w grupie<\/strong>:<\/p>\n\n\n\n<ol style=\"list-style-type:1\" class=\"wp-block-list\">\n<li>Opracowanie metod poprawy w\u0142asno\u015bci mechanicznych element\u00f3w nara\u017conych na \u015bcieranie \u2013 praca w ramach grantu OPUS 15 pt. &#8222;Wieloskalowa analiza zmian mikrostruktury warstw wierzchnich odpornych na \u015bcieranie natryskiwanych plazmowo i przetapianych z wykorzystaniem skoncentrowanych \u017ar\u00f3de\u0142 energii w aspekcie poprawy ich w\u0142asno\u015bci mechanicznych&#8221;. Badania realizowane w ramach konsorcjum z Instytutem Spawalnictwa oraz Instytutem Metali Nie\u017celaznych w Gliwicach (oba instytuty w sieci \u0141ukasiewicz), w kt\u00f3rym AGH jest liderem. Badania b\u0119d\u0105 trwa\u0142y do 2022 roku (b\u0119dziemy starali si\u0119 o przed\u0142u\u017cenie ze wzgl\u0119du na op\u00f3\u017anienia spowodowane pandemi\u0105).<\/li>\n\n\n\n<li>Realizacja grantu OPUS 16 pt. &#8222;Analiza zmian mikrostrukturalnych zachodz\u0105cych podczas zgrzewania tarciowego z mieszaniem materia\u0142u (FSW) stop\u00f3w magnezu oraz stop\u00f3w magnezu ze stopami aluminium i ich wp\u0142yw na w\u0142asno\u015bci mechaniczne po\u0142\u0105cze\u0144&#8221;. Badania realizowane w ramach konsorcjum z Instytutem Spawalnictwa w Gliwicach oraz Politechnik\u0105 Krakowsk\u0105 (do po\u0142owy roku 2021 z Uniwersytetem Pedagogicznym), &nbsp;w kt\u00f3rym AGH jest liderem. Badania b\u0119d\u0105 trwa\u0142y do 2022 roku (b\u0119dziemy starali si\u0119 o przed\u0142u\u017cenie ze wzgl\u0119du na op\u00f3\u017anienia spowodowane pandemi\u0105).<\/li>\n\n\n\n<li>Okre\u015blenie odporno\u015bci na korozj\u0119 z\u0142\u0105czy stop\u00f3w aluminium i stop\u00f3w magnezu wytworzonych metod\u0105 zgrzewania tarciowego z mieszaniem materia\u0142u oraz badania korozyjne pow\u0142ok natryskiwanych plazmowo i przetapianych z wykorzystaniem skoncentrowanych \u017ar\u00f3de\u0142 energii (dotyczy projekt\u00f3w OPUS 15 i OPUS 16).<\/li>\n\n\n\n<li>Rozw\u00f3j metodologii charakterystyki mikrostruktury, tekstury, napr\u0119\u017ce\u0144 wewn\u0119trzych oraz zdefektowania sieci krystalicznej; zastosowanie tej metodologii do niekonwencjonalnych proces\u00f3w odkszta\u0142cenia plastycznego oraz materia\u0142\u00f3w poddanych zu\u017cyciu trybologicznemu.<\/li>\n\n\n\n<li>Zastosowanie technologii Friction Stir Processing do modyfikacji warstwy wierzchniej stop\u00f3w odlewniczych aluminium.<\/li>\n\n\n\n<li>Poprawa technologii wytwarzania walc\u00f3wki ze stop\u00f3w aluminium serii 5000, 6000 i 2000 \u2013 wsp\u00f3\u0142praca z&nbsp; zak\u0142adem Nowoczesne Produkty Aluminiowe (NPA) Skawina.<\/li>\n\n\n\n<li>Badania mikrostruktury i w\u0142asno\u015bci stop\u00f3w niklu stosowanych na \u0142opatki turbin po procesie laserowego odkszta\u0142cania (Laser Shock Processing).<\/li>\n\n\n\n<li>Badania mikrostruktury strefy przej\u015bciowej napoin ze stopu niklu nanoszonych metod\u0105 CMT na pod\u0142o\u017ce stalowe.<\/li>\n<\/ol>\n\n\n\n<p><strong>Szczeg\u00f3\u0142owe cele badawcze:<\/strong><\/p>\n\n\n\n<ul class=\"wp-block-list\">\n<li>Charakterystyka zdefektowania mikrostruktury przypowierzchniowych warstw metali w wyniku zu\u017cycia trybologicznego.<\/li>\n\n\n\n<li>Okre\u015blenie wp\u0142ywu proces\u00f3w FSW i FSP na&nbsp; mikrostruktur\u0119, tekstur\u0119 i wybrane w\u0142asno\u015bci wyrob\u00f3w<\/li>\n\n\n\n<li>Okre\u015blenie wp\u0142ywu asymetrii walcowania na mikrostruktur\u0119, tekstur\u0119 i wybrane w\u0142asno\u015bci u\u017cytkowe aluminium.<\/li>\n\n\n\n<li>Okre\u015blenie wp\u0142ywu parametr\u00f3w procesu technologicznego na mikrostruktur\u0119, w\u0142asno\u015bci mechaniczne i wybrane w\u0142asno\u015bci fizyczne walc\u00f3wki ze stop\u00f3w aluminium serii 5000, 6000 i 2000 wytwarzanej w zak\u0142adzie NPA Skawina.<\/li>\n<\/ul>\n\n\n\n<p><strong>Plan dzia\u0142ania w zakresie projekt\u00f3w badawczych i pozyskiwania \u015brodk\u00f3w na ich realizacj\u0119<\/strong>.<\/p>\n\n\n\n<p>Aktualnie grupa realizuje dwa projekty OPUS oraz dwie umowy z NPA Skawina. Planowane jest podtrzymywanie i dalszy rozw\u00f3j wsp\u00f3\u0142pracy z NPA z nadziej\u0105 pozyskania kolejnych zlece\u0144.<\/p>\n\n\n\n<p>Grupa nawi\u0105za\u0142a i podtrzymuje wsp\u00f3\u0142prac\u0119 ze Zjednoczonym Instytutem Bada\u0144 J\u0105drowych (ZIBJ) w Dubnej (Rosja), w ramach kt\u00f3rej coroczne przygotowywane s\u0105 wnioski o dost\u0119p do unikatowej aparatury znajduj\u0105cej si\u0119 w ZIBJ oraz wnioski badawcze, w ramach kt\u00f3rych pozyskane jest finansowania przez&nbsp; ZIBJ wsp\u00f3lnych projekt\u00f3w badawczych (granty badawcze). Aktualnie wraz z Wydzia\u0142em Fizyki AGH przygotowujemy wniosek dotycz\u0105cy przed\u0142u\u017cenia formalnej wsp\u00f3\u0142pracy AGH i ZBIJ.<\/p>\n\n\n\n<p>Grupa podtrzymuje wsp\u00f3\u0142prac\u0119 naukowo-badawcz\u0105 z jednostkami PAN (Instytut Fizyki J\u0105drowej, Instytut Metalurgii i In\u017cynierii Materia\u0142owej PAN, Instytut Katalizy) oraz wydzia\u0142ami AGH (Wydzia\u0142 Fizyki, Wydzia\u0142 Odlewnictwa, Wydzia\u0142 Metali Nie\u017celaznych).<\/p>\n\n\n\n<p><strong>Plan rozwoju naukowego cz\u0142onk\u00f3w grupy:<\/strong><\/p>\n\n\n\n<ul class=\"wp-block-list\">\n<li><strong>Dr in\u017c. Izabela Kalemba-Rec<\/strong><\/li>\n<\/ul>\n\n\n\n<p>Przygotowywanie monografii&nbsp; stanowi\u0105cej podstaw\u0119 wniosku habilitacyjnego z tematyki dotycz\u0105cej zgrzewania tarciowego z mieszaniem materia\u0142u zgrzeiny. Planowane uko\u0144czenie \u2013 prze\u0142om 2022\/2023.<\/p>\n\n\n\n<p>Tematyka badawcza zgodna z dyscyplin\u0105 <em>in\u017cynieria materia\u0142owa<\/em><\/p>\n\n\n\n<ul class=\"wp-block-list\">\n<li><strong>Dr in\u017c. Magdalena Rozmus-G\u00f3rnikowska<\/strong><\/li>\n<\/ul>\n\n\n\n<p>Przygotowywanie monografii&nbsp; stanowi\u0105cej podstaw\u0119 wniosku habilitacyjnego dotycz\u0105cej pow\u0142ok ochronnych na stale kot\u0142owe. Planowane uko\u0144czenie \u2013 prze\u0142om 2022\/2023.<\/p>\n\n\n\n<p>Tematyka badawcza zgodna z dyscyplin\u0105 <em>in\u017cynieria materia\u0142owa<\/em><\/p>\n\n\n\n<ul class=\"wp-block-list\">\n<li><strong>Dr in\u017c. Mateusz Kopy\u015bcia\u0144ski<\/strong><\/li>\n<\/ul>\n\n\n\n<p>Praca nad wnioskiem habilitacyjnym&nbsp; \u201eZastosowanie proces\u00f3w zgrzewania tarciowego z mieszaniem materia\u0142u zgrzeiny do \u0142\u0105czenia i modyfikowania mikrostruktury stop\u00f3w aluminium\u201d. Planowane uko\u0144czenie \u2013 prze\u0142om 2023\/24.<\/p>\n\n\n\n<p>Tematyka badawcza zgodna z dyscyplin\u0105 <em>in\u017cynieria materia\u0142owa<\/em><\/p>\n\n\n\n<p><strong>Wsp\u00f3\u0142praca<\/strong>:<\/p>\n\n\n\n<ul class=\"wp-block-list\">\n<li>Instytut Katalizy i Fizykochemii Powierzchni im. J. Hubera, PAN, Krak\u00f3w<\/li>\n\n\n\n<li>Instytut&nbsp;Fizyki J\u0105drowej im W. Eliasza-Radzikowskiego, PAN, Krak\u00f3w<\/li>\n<\/ul>\n\n\n\n<p><br><\/p>\n","protected":false},"excerpt":{"rendered":"<p>Sk\u0142ad osobowy:Prof. dr hab. in\u017c. Stanis\u0142aw Dymek &#8211; lider;Dr hab. in\u017c. Miros\u0142aw Wr\u00f3bel, prof. AGHDr in\u017c. Izabela Kalemba-RecDr in\u017c. Magdalena Rozmus G\u00f3rnikowskaDr in\u017c. Mateusz Kopy\u015bcia\u0144ski Tematyka badawcza:Tematyka badawcza grupy jest aktualnie \u015bci\u015ble zwi\u0105zana z realizacj\u0105 bada\u0144 w ramach dw\u00f3ch grant\u00f3w NCN oraz bada\u0144 cyklicznych wykonywanych na zlecenie przemys\u0142u, g\u0142\u00f3wnie firma Nowoczesne Produkty Aluminiowe, Skawina (NPA)&#8230;.<\/p>\n<p class=\"more-link-wrap\"><a href=\"https:\/\/kipiam.agh.edu.pl\/?page_id=690\" class=\"more-link\">Read More<span class=\"screen-reader-text\"> &ldquo;Grupa badawcza \u2013 Grupa analiz strukturalnych materia\u0142\u00f3w metalicznych&rdquo;<\/span> &raquo;<\/a><\/p>\n","protected":false},"author":1,"featured_media":0,"parent":0,"menu_order":0,"comment_status":"closed","ping_status":"closed","template":"","meta":{"footnotes":""},"class_list":["post-690","page","type-page","status-publish","hentry"],"_links":{"self":[{"href":"https:\/\/kipiam.agh.edu.pl\/index.php?rest_route=\/wp\/v2\/pages\/690","targetHints":{"allow":["GET"]}}],"collection":[{"href":"https:\/\/kipiam.agh.edu.pl\/index.php?rest_route=\/wp\/v2\/pages"}],"about":[{"href":"https:\/\/kipiam.agh.edu.pl\/index.php?rest_route=\/wp\/v2\/types\/page"}],"author":[{"embeddable":true,"href":"https:\/\/kipiam.agh.edu.pl\/index.php?rest_route=\/wp\/v2\/users\/1"}],"replies":[{"embeddable":true,"href":"https:\/\/kipiam.agh.edu.pl\/index.php?rest_route=%2Fwp%2Fv2%2Fcomments&post=690"}],"version-history":[{"count":7,"href":"https:\/\/kipiam.agh.edu.pl\/index.php?rest_route=\/wp\/v2\/pages\/690\/revisions"}],"predecessor-version":[{"id":973,"href":"https:\/\/kipiam.agh.edu.pl\/index.php?rest_route=\/wp\/v2\/pages\/690\/revisions\/973"}],"wp:attachment":[{"href":"https:\/\/kipiam.agh.edu.pl\/index.php?rest_route=%2Fwp%2Fv2%2Fmedia&parent=690"}],"curies":[{"name":"wp","href":"https:\/\/api.w.org\/{rel}","templated":true}]}}