{"id":705,"date":"2022-02-02T12:19:02","date_gmt":"2022-02-02T12:19:02","guid":{"rendered":"http:\/\/10.156.112.25\/kipiam\/?page_id=705"},"modified":"2023-09-19T10:57:03","modified_gmt":"2023-09-19T08:57:03","slug":"grupa-badawcza-inzynieria-powierzchni","status":"publish","type":"page","link":"https:\/\/kipiam.agh.edu.pl\/?page_id=705","title":{"rendered":"Grupa badawcza &#8211; In\u017cynieria powierzchni"},"content":{"rendered":"\n<p><strong>Sk\u0142ad osobowy:<\/strong><br><a href=\"https:\/\/kipiam.agh.edu.pl\/?staff-member=slawomir-kac\">Dr hab. in\u017c. S\u0142awomir K\u0105c, prof. AGH <\/a>&#8211; lider;<br><a href=\"https:\/\/kipiam.agh.edu.pl\/?staff-member=agnieszka-kopia\\\">Prof. dr hab. in\u017c. Agnieszka Kopia<\/a><br><a href=\"https:\/\/kipiam.agh.edu.pl\/?staff-member=agnieszka-radziszewska\">Dr hab. in\u017c. Agnieszka Radziszewska, prof. AGH<\/a><br><a href=\"https:\/\/kipiam.agh.edu.pl\/?staff-member=kazimierz-kowalski\">Dr hab. in\u017c. Kazimierz Kowalski, prof. AGH<\/a><br><a href=\"https:\/\/kipiam.agh.edu.pl\/?staff-member=lukasz-cieniek\">Dr in\u017c. \u0141ukasz Cieniek<br><\/a><strong>Doktoranci:<\/strong><br><a href=\"https:\/\/kipiam.agh.edu.pl\/?staff-member=mateusz-motyl\">Mgr in\u017c. Mateusz Motyl<\/a><br><a href=\"https:\/\/kipiam.agh.edu.pl\/?staff-member=andrzej-sikora\">Mgr in\u017c. Andrzej Sikora<\/a><br><a href=\"https:\/\/kipiam.agh.edu.pl\/?staff-member=damian-sierakowski\">Mgr in\u017c. Damian Sierakowski<\/a><br><a href=\"https:\/\/kipiam.agh.edu.pl\/?staff-member=lukasz-blajszczak\">Mgr in\u017c. \u0141ukasz B\u0142ajszczak<\/a><\/p>\n\n\n\n<p><strong>Tematyka badawcza<\/strong><\/p>\n\n\n\n<p>Pracownicy oraz doktoranci grupy badawczej prowadz\u0105 badania naukowe dotycz\u0105ce in\u017cynierii materia\u0142owej, a w szczeg\u00f3lno\u015bci z zakresu in\u017cynierii powierzchni.<br>Tematyka badawcza grupy obejmuje zar\u00f3wno wytwarzanie cienkich warstw (c.w.) i pow\u0142ok, jak r\u00f3wnie\u017c modyfikacj\u0119 warstw wierzchnich materia\u0142\u00f3w. Wykorzystywane techniki wytwarzania cienkich warstw i pow\u0142ok to g\u0142\u00f3wnie:<br>&#8211; osadzanie c.w. z fazy gazowej z wykorzystaniem lasera impulsowego (PLD-Pulsed Laser Deposition);<br>&#8211; osadzanie cienkich warstw z fazy gazowej z wykorzystaniem wi\u0105zki elektron\u00f3w (PED \u2013 Pulsed Electron Deposition);<br>&#8211; laserowa obr\u00f3bka powierzchniowa (hartowanie, stopowanie, napawanie laserowe);<br>&#8211; modyfikacja warstw wierzchnich materia\u0142\u00f3w poprzez ablacj\u0119 laserow\u0105;<br>&#8211; proces kulowania laserowego (laser shot processing).<\/p>\n\n\n\n<p>Tematyka grupy badawczej nakierowana jest r\u00f3wnie\u017c na badania topografii powierzchni, mikrostruktury materia\u0142\u00f3w, analizy sk\u0142adu chemicznego i fazowego. Badania odporno\u015bci korozyjnej, badania proces\u00f3w zu\u017cycia tribologicznego oraz odporno\u015bci na utlenianie wysokotemperaturowe materia\u0142\u00f3w.<\/p>\n\n\n\n<p><\/p>\n\n\n\n<p><strong>Cel naukowy prowadzonych bada\u0144<\/strong><\/p>\n\n\n\n<p>Celem naukowym bada\u0144 prowadzonych w grupie badawczej jest:<br>&#8211; projektowanie i wytwarzanie cienkich warstw i pow\u0142ok;<br>&#8211; analiza wp\u0142ywu parametr\u00f3w proces\u00f3w wytwarzania na mikrostruktur\u0119 i w\u0142asno\u015bci cienkich warstw i pow\u0142ok;<br>&#8211; badania topografii, mikrostruktury, sk\u0142adu chemicznego i fazowego materia\u0142\u00f3w;<br>&#8211; badania w\u0142asno\u015bci mechanicznych, elektrycznych materia\u0142\u00f3w;<br>&#8211; analiza proces\u00f3w korozji (chemicznej, elektrochemicznej, wysokotemperaturowej) materia\u0142\u00f3w;<br>&#8211; analiza proces\u00f3w zu\u017cycia (tribiologicznego, erozyjnego, korozyjnego, itp.)<\/p>\n\n\n\n<p>Pracownicy wykorzystuj\u0105 swoje do\u015bwiadczenie naukowe prowadz\u0105c, \u015bci\u015ble zwi\u0105zane z tematyk\u0105 badawcz\u0105, zaj\u0119cia dydaktyczne, na kt\u00f3rych wykorzystuj\u0105 materia\u0142y uzyskane w ramach bada\u0144 naukowych.<\/p>\n\n\n\n<p><\/p>\n\n\n\n<p><strong>Infrastruktura badawcza<\/strong><\/p>\n\n\n\n<p>Nowoczesna aparatura badawcza, w kt\u00f3r\u0105 wyposa\u017cona jest Katedra In\u017cynierii Powierzchni i Analiz Materia\u0142\u00f3w (KIPiAM) pozwala na charakterystyk\u0119 materia\u0142\u00f3w metodami:<br>&#8211; mikroskopii \u015bwietlnej,<br>&#8211; elektronowej mikroskopii skaningowej i transmisyjnej,<br>&#8211; mikroskopii si\u0142 atomowych,<br>&#8211; profilometrii optycznej,<br>&#8211;&nbsp; mikroanalizy rentgenowskiej,<br>&#8211; rentgenowskiej analizy fazowej.<\/p>\n\n\n\n<p>KIPiAM wyposa\u017cona jest r\u00f3wnie\u017c w urz\u0105dzenie do:<br>&#8211; bada\u0144 w\u0142asno\u015bci elektrycznych materia\u0142\u00f3w;<br>&#8211; bada\u0144 w\u0142asno\u015bci mechanicznych materia\u0142\u00f3w;<br>&#8211; analizy odporno\u015bci na zu\u017cycie \u015bcierne oraz erozyjne w strumieniu cz\u0105stek sta\u0142ych;&nbsp;<br>&#8211; urz\u0105dzenie do wytwarzania monokryszta\u0142\u00f3w.<\/p>\n\n\n\n<p><em>Szczeg\u00f3\u0142owy wykaz aparatury: <\/em><a href=\"https:\/\/kipiam.agh.edu.pl\/?page_id=154\"><em>https:\/\/kipiam.agh.edu.pl\/?page_id=154<\/em><\/a><\/p>\n\n\n\n<p class=\"has-text-align-center\"><strong>Wybrane projekty n-b zrealizowane przez cz\u0142onk\u00f3w grupy badawczej<\/strong><\/p>\n\n\n\n<p><strong>Projekty mi\u0119dzynarodowe, finansowane przez UE:<\/strong><strong><\/strong><\/p>\n\n\n\n<p>1. High Flux Solar Facilities for Europe, 2004-2005, projekt n-b SOLFACE w ramach 6 RP UE.<\/p>\n\n\n\n<p>2. Surfaces of Complex Metallic Alloys, 2005- 2009, projekt n-b CMA, nr NMP3-CT-2005-500140 w ramach Europejskiej Sieci Doskona\u0142o\u015bci<strong>.<\/strong><\/p>\n\n\n\n<p>3. Advancement in storage capability and hydrogen kinetics of hybride storage alloy trough nanocoating with&nbsp; multifunctional hybryd polimer, 2005-2009, projekt n-b UE,&nbsp; HydroNanoPol w ramach 6 RP UE<strong>.<\/strong><\/p>\n\n\n\n<p>4. Supersonic deposition of nanostructured SURFACES, 2009-2013, projekt n-b UE, nr FP7-NMP-2008 LARGE-2 CP-IP 228814-2.<\/p>\n\n\n\n<p><strong>Projekty krajowe:<\/strong><strong><\/strong><\/p>\n\n\n\n<ol class=\"wp-block-list\" type=\"1\">\n<li>Analiza procesu krystalizacji warstwy wierzchniej wybranych stali narz\u0119dziowych przetapianych laserowo, 1999-2001 r. , projekt n-b KBN, nr: 7 T08 C001 17.<\/li>\n\n\n\n<li>Warstwy wierzchnie o du\u017cej odporno\u015bci na \u015bcieranie wytwarzane technik\u0105 laserowego przetapiania na narz\u0119dziach ze stali wysokostopowych, 2000-2001 r., projekt n-b KBN nr: 7 T08C 033 16.<\/li>\n\n\n\n<li>Laserowe stopowanie powierzchniowych warstw stali w\u0119glowych, 2000-2002, projekt n-b KBN nr: 7 T08c 053 19.<\/li>\n\n\n\n<li>Nowe materia\u0142y na osnowie srebra i z dodatkiem srebra do zastosowa\u0144 w nowych dziedzinach gospodarki, 2003-2006, projekt n-b KBN, nr: PBZ-KBN-103\/T08\/2003.<\/li>\n\n\n\n<li>Warstwy powierzchniowe odporne na \u015bcieranie wytwarzane technik\u0105 laserowego napawania na odlewanych stopach Al-S, 2004-2006, projekt n-b KBN, nr 3 T08C 038 27.<\/li>\n\n\n\n<li>Z\u0142o\u017cone stopy metali, 2005-2009, projekt n-b MNiSW, SPB-CMA nr: 797\/6 PR UE\/2008\/7.<\/li>\n\n\n\n<li>Okre\u015blenie parametr\u00f3w transportu masy w cienkowarstwowych tlenkowych przewodnikach jonowych YSZ i GdC, 2006-2008, projekt n-b KBN nr: 3 T08C 001 29.<\/li>\n\n\n\n<li>Poprawienie pojemno\u015bci magazynowania i kinetyki wodoru w stopach wodorkowych przez na\u0142o\u017cenie nanopow\u0142oki wielofunkcyjnego polimeru hybrydowego, 2006-2009, projekt n-b MNiSW SPUB, nr 342\/6PRUE\/2007\/7.<\/li>\n\n\n\n<li>Cienkie warstwy \u03b2-Al-Mg wytwarzane metod\u0105 ablacji laserowej, 2007-2009 r., projekt n-b NCN, nr N507&nbsp;153 32\/4162.<\/li>\n\n\n\n<li>Cienkie warstwy tlenku bizmutu wytwarzane technik\u0105 ablacji laserowej,<a> 2008-2010<\/a>, projekt n-b NCN, nr N N507 447334<strong>.<\/strong><\/li>\n\n\n\n<li>Opracowanie technologii in\u017cynierii materia\u0142owej, in\u017cynierii powierzchni i bioin\u017cynierii dla potrzeb protez serca, zadanie: Wytwarzanie technik\u0105 ablacji laserowej (laser Nd:YAG), analiza struktury i w\u0142asno\u015bci fizycznych pow\u0142ok na pod\u0142o\u017cu polimerowym i metalicznym, 2008-2010 r., projekt n-b NCN&nbsp; (projekt badawczy zamawiany), nr PW\/PO1-PBZ-MNiSW\/2007.<\/li>\n\n\n\n<li>Kszta\u0142towanie mikro\/nanostruktury warstw kwazikrystalicznych w celu poprawy w\u0142a\u015bciwo\u015bci stop\u00f3w tytanu, 2009-2012, projekt badawczy NCN nr: N N507 278436.<\/li>\n\n\n\n<li>Wytwarzanie technologi\u0105 ablacji laserowej cienkiej warstwy tlenku kobaltu domieszkowanego wapniem i lantanem o optymalnych w\u0142asno\u015bciach optycznych, 2009-2013 r., projekt n-b NCN nr N N507 40723.<\/li>\n\n\n\n<li>Charakterystyka struktury i wybranych w\u0142a\u015bciwo\u015bci cienkich warstw b-Al-Mg modyfikowanych Ni i otrzymywanych technik\u0105 ablacji laserowej, 2010-2012,&nbsp; projekt n-b NCN nr: N N507 513138.<\/li>\n\n\n\n<li>Opracowanie wieloskalowego modelu komory wspomagania pracy serca uwzgl\u0119dniaj\u0105cego zjawisko utraty sp\u00f3jno\u015bci na granicy polimer\/biozgodny azotek tytanu, 2012-2014 r., Projekt n-b NCN nr 2011\/01\/D\/ST8\/04087.<\/li>\n\n\n\n<li>Materia\u0142y amorficzno \u2013 krystaliczne otrzymane w wyniku podzia\u0142u w fazie ciek\u0142ej stop\u00f3w z monotektyk\u0105, 2012-2014 r., projekt n-b NCN 2011 02667.<\/li>\n\n\n\n<li>Cienkie warstwy tlenku bizmutu domieszkowanego erbem i niobem wytwarzane technik\u0105 PLD, 2012-2015, projekt n-b NCN (Program OPUS) nr 2011\/03\/B\/ST8\/05152.<\/li>\n\n\n\n<li>Technologie laserowego spawania dla energetyki i ochrony \u015brodowiska, 2012-2015, projekt n-b NCBR (Program Bada\u0144 Stosowanych) nr PBS1\/B5\/13\/2012.<\/li>\n\n\n\n<li>Badanie efektu gigantycznego magnetoopru w funkcji grubo\u015bci przek\u0142adki w wielowarstwowych nanodrutach otrzymywanych metod\u0105 elektrodepozycji i analiza \u017ar\u00f3d\u0142a pochodzenia tego efektu, 2013-2016, projekt n-b NCN nr: UMO-2012\/05\/B\/ST8\/01812.<\/li>\n\n\n\n<li>Ustalenie wp\u0142ywu pierwiastk\u00f3w stopowych na niestabilno\u015b\u0107 mikrostruktury monokrystalicznych nadstop\u00f3w niklu w wysokiej temperaturze z wykorzystaniem nowoczesnych metod analitycznej mikroskopii elektronowej, 2013-2016 r., projekt n-b NCN nr: 2012\/07\/B\/ST8\/03392.<\/li>\n\n\n\n<li>Opracowanie bioaktywnych i biodegradowalnych pow\u0142ok kompozytowych o osnowie polimerowej w celu poprawy w\u0142a\u015bciwo\u015bci osteoinduktywnych stop\u00f3w tytanu, 2013-2017, projekt n-b NCN nr: 2013\/09\/B\/ST8\/00145.<\/li>\n<\/ol>\n\n\n\n<p><\/p>\n\n\n\n<p><strong>Projekty finansowane przez AGH<\/strong><\/p>\n\n\n\n<ol class=\"wp-block-list\" type=\"1\">\n<li>Wybrane zagadnienia in\u017cynierii i analiz materia\u0142\u00f3w metalicznych, 2001-2003, projekt n-b nr: 11.11.110.249, AGH.<\/li>\n\n\n\n<li>Technika laserowego przetapiania warstwy powierzchniowej materia\u0142\u00f3w; Rozw\u00f3j technik otrzymywania pow\u0142ok i cienkich warstw;&nbsp; Rola nowoczesnych technik in\u017cynierii powierzchni oraz metody formowania mikrostruktury metali w kszta\u0142towaniu w\u0142asno\u015bci&nbsp; materia\u0142\u00f3w in\u017cynierskich, Zadanie 3: pt.: Wp\u0142yw laserowego kszta\u0142towania warstw wierzchnich materia\u0142\u00f3w na ich w\u0142asno\u015bci u\u017cytkowe, projekt n-b nr 11.11.110.295; Zadanie 5: Pt.: Badanie&nbsp; struktury i w\u0142asno\u015bci cienkich warstw wykonanych technik\u0105 ablacji laserowej, projekt n-b nr 11.11.110.936, 2003-2017, AGH.<\/li>\n\n\n\n<li>Modyfikacja warstw wierzchnich metali za pomoc\u0105 wi\u0105zki laserowej, 2004-2006, projekt n-b nr 10.10.110.576, AGH.<\/li>\n\n\n\n<li>In\u017cynieria powierzchni &#8211; modelowanie, wytwarzanie oraz analiza struktury i wybranych w\u0142asno\u015bci warstw wierzchnich i&nbsp;pow\u0142ok, &nbsp;2004-2008, praca statutowa AGH nr: 11.11.110.566<\/li>\n\n\n\n<li>Wytwarzanie warstw wierzchnich metod\u0105 ablacji laserowej, 2007, projekt n-b nr: 10.10.110.576, AGH.<\/li>\n\n\n\n<li>Rozw\u00f3j technologii in\u017cynierii powierzchni, 2011-2013, projekt n-b nr: 11.11.110.936, AGH.<\/li>\n\n\n\n<li>Rola nowoczesnych technik in\u017cynierii powierzchni oraz metody formowania mikrostruktury metali w kszta\u0142towaniu w\u0142asno\u015bci&nbsp; materia\u0142\u00f3w in\u017cynierskich, 2014-2018, projekt n-b nr: 11.11.110.295, AGH.<\/li>\n\n\n\n<li>Zastosowanie zaawansowanych technik badawczych do analizy mikrostruktury nowoczesnych materia\u0142\u00f3w in\u017cynierskich, 2020-2023, projekt n-b nr 11.11.110.663, AGH.<\/li>\n\n\n\n<li>Innowacyjne pow\u0142oki ochronne tworzyw konstrukcyjnych, 2013-2014, projekt realizowany ze studenckim Ko\u0142em Naukowym AGH Powierzchnia, grant Rektora AGH.<\/li>\n<\/ol>\n\n\n\n<p><\/p>\n\n\n\n<p><strong>Wsp\u00f3\u0142praca mi\u0119dzynarodowa:<\/strong><\/p>\n\n\n\n<ol class=\"wp-block-list\" type=\"1\">\n<li><a href=\"http:\/\/www.bam.de\/\">Bundesanstalt f\u00fcr Materialforschung und -Pr\u00fcfung<\/a> (BAM) w Berlinie, Niemcy.<\/li>\n\n\n\n<li>VSB \u2013 Technical University of Ostrava, Faculty of Materials Science and Technology, Ostrawa, Czechy.<\/li>\n\n\n\n<li>Universit\u00e9 d&#8217;Artois &#8211; Facult\u00e9 Jean Perrin UCCS &#8211; Unit\u00e9 de catalyse et de Chimie du Solide UMR CNRS 8181.<\/li>\n\n\n\n<li>Universite de Toulon et de la Garde, Toulon, Francja &#8211; wykonanie bada\u0144 w ramach programu Pollonium.<\/li>\n\n\n\n<li>Berner Fachhochschule (School of Engineering and Computer Science), Biel, Szwajcaria<\/li>\n<\/ol>\n","protected":false},"excerpt":{"rendered":"<p>Sk\u0142ad osobowy:Dr hab. in\u017c. S\u0142awomir K\u0105c, prof. AGH &#8211; lider;Prof. dr hab. in\u017c. Agnieszka KopiaDr hab. in\u017c. Agnieszka Radziszewska, prof. AGHDr hab. in\u017c. Kazimierz Kowalski, prof. AGHDr in\u017c. \u0141ukasz CieniekDoktoranci:Mgr in\u017c. Mateusz MotylMgr in\u017c. Andrzej SikoraMgr in\u017c. Damian SierakowskiMgr in\u017c. \u0141ukasz B\u0142ajszczak Tematyka badawcza Pracownicy oraz doktoranci grupy badawczej prowadz\u0105 badania naukowe dotycz\u0105ce in\u017cynierii materia\u0142owej,&#8230;<\/p>\n<p class=\"more-link-wrap\"><a href=\"https:\/\/kipiam.agh.edu.pl\/?page_id=705\" class=\"more-link\">Read More<span class=\"screen-reader-text\"> &ldquo;Grupa badawcza &#8211; In\u017cynieria powierzchni&rdquo;<\/span> &raquo;<\/a><\/p>\n","protected":false},"author":1,"featured_media":0,"parent":0,"menu_order":0,"comment_status":"closed","ping_status":"closed","template":"","meta":{"footnotes":""},"class_list":["post-705","page","type-page","status-publish","hentry"],"_links":{"self":[{"href":"https:\/\/kipiam.agh.edu.pl\/index.php?rest_route=\/wp\/v2\/pages\/705","targetHints":{"allow":["GET"]}}],"collection":[{"href":"https:\/\/kipiam.agh.edu.pl\/index.php?rest_route=\/wp\/v2\/pages"}],"about":[{"href":"https:\/\/kipiam.agh.edu.pl\/index.php?rest_route=\/wp\/v2\/types\/page"}],"author":[{"embeddable":true,"href":"https:\/\/kipiam.agh.edu.pl\/index.php?rest_route=\/wp\/v2\/users\/1"}],"replies":[{"embeddable":true,"href":"https:\/\/kipiam.agh.edu.pl\/index.php?rest_route=%2Fwp%2Fv2%2Fcomments&post=705"}],"version-history":[{"count":11,"href":"https:\/\/kipiam.agh.edu.pl\/index.php?rest_route=\/wp\/v2\/pages\/705\/revisions"}],"predecessor-version":[{"id":866,"href":"https:\/\/kipiam.agh.edu.pl\/index.php?rest_route=\/wp\/v2\/pages\/705\/revisions\/866"}],"wp:attachment":[{"href":"https:\/\/kipiam.agh.edu.pl\/index.php?rest_route=%2Fwp%2Fv2%2Fmedia&parent=705"}],"curies":[{"name":"wp","href":"https:\/\/api.w.org\/{rel}","templated":true}]}}