{"id":838,"date":"2023-09-14T13:52:37","date_gmt":"2023-09-14T11:52:37","guid":{"rendered":"https:\/\/kipiam.agh.edu.pl\/?page_id=838"},"modified":"2024-11-12T13:13:32","modified_gmt":"2024-11-12T12:13:32","slug":"projekty-i-granty","status":"publish","type":"page","link":"https:\/\/kipiam.agh.edu.pl\/?page_id=838","title":{"rendered":"Projekty i granty"},"content":{"rendered":"\n<p class=\"has-medium-font-size\"><strong>Projekty w trakcie realizacji<\/strong><\/p>\n\n\n\n<figure class=\"wp-block-table aligncenter is-style-stripes has-medium-font-size\" style=\"padding-top:0;padding-right:var(--wp--preset--spacing--20);padding-bottom:0;padding-left:var(--wp--preset--spacing--20)\"><table><tbody><tr><td class=\"has-text-align-center\" data-align=\"center\"><img loading=\"lazy\" decoding=\"async\" width=\"150\" height=\"63\" class=\"wp-image-826\" style=\"width: 150px;\" src=\"https:\/\/kipiam.agh.edu.pl\/wp-content\/uploads\/2023\/09\/NCN-1.jpg\" alt=\"\" srcset=\"https:\/\/kipiam.agh.edu.pl\/wp-content\/uploads\/2023\/09\/NCN-1.jpg 1920w, https:\/\/kipiam.agh.edu.pl\/wp-content\/uploads\/2023\/09\/NCN-1-300x127.jpg 300w, https:\/\/kipiam.agh.edu.pl\/wp-content\/uploads\/2023\/09\/NCN-1-1024x432.jpg 1024w, https:\/\/kipiam.agh.edu.pl\/wp-content\/uploads\/2023\/09\/NCN-1-768x324.jpg 768w, https:\/\/kipiam.agh.edu.pl\/wp-content\/uploads\/2023\/09\/NCN-1-1536x648.jpg 1536w\" sizes=\"auto, (max-width: 150px) 100vw, 150px\" \/><\/td><\/tr><\/tbody><\/table><figcaption class=\"wp-element-caption\"><strong>1. Projekt OPUS-23: Bioinspirowane pow\u0142oki z biodegradowalnych polimer\u00f3w anionowych i kationowych oraz naturalnych substancji przeciwdrobnoustrojowych dla implant\u00f3w metalowych, Umowa z NCN: nr UMO-2022\/45\/B\/ST5\/00242, Kierownik <a href=\"https:\/\/kipiam.agh.edu.pl\/?staff-member=tomasz-moskalewicz-prof-agh\">prof. dr hab. in\u017c. Tomasz Moskalewicz<\/a>, okres realizacji: 20.01.2023 \u2013 19.01.2026, projekt we wsp\u00f3\u0142pracy z Uniwersytet Jagiello\u0144ski, Collegium Medicum, Prof. dr hab. n. med. Monika Brzychczy-W\u0142och (kwota projektu: 1 456&nbsp;680 PLN)<\/strong><\/figcaption><\/figure>\n\n\n\n<figure class=\"wp-block-table aligncenter is-style-stripes has-medium-font-size\" style=\"padding-right:0;padding-left:0\"><table><tbody><tr><td class=\"has-text-align-center\" data-align=\"center\"><img loading=\"lazy\" decoding=\"async\" width=\"150\" height=\"106\" class=\"wp-image-847\" style=\"width: 150px;\" src=\"https:\/\/kipiam.agh.edu.pl\/wp-content\/uploads\/2023\/09\/agh_idub_pl_rgb-scaled.jpg\" alt=\"\" srcset=\"https:\/\/kipiam.agh.edu.pl\/wp-content\/uploads\/2023\/09\/agh_idub_pl_rgb-scaled.jpg 2560w, https:\/\/kipiam.agh.edu.pl\/wp-content\/uploads\/2023\/09\/agh_idub_pl_rgb-300x212.jpg 300w, https:\/\/kipiam.agh.edu.pl\/wp-content\/uploads\/2023\/09\/agh_idub_pl_rgb-1024x724.jpg 1024w, https:\/\/kipiam.agh.edu.pl\/wp-content\/uploads\/2023\/09\/agh_idub_pl_rgb-768x543.jpg 768w, https:\/\/kipiam.agh.edu.pl\/wp-content\/uploads\/2023\/09\/agh_idub_pl_rgb-1536x1086.jpg 1536w, https:\/\/kipiam.agh.edu.pl\/wp-content\/uploads\/2023\/09\/agh_idub_pl_rgb-2048x1448.jpg 2048w\" sizes=\"auto, (max-width: 150px) 100vw, 150px\" \/><\/td><\/tr><\/tbody><\/table><figcaption class=\"wp-element-caption\"><strong>2. IDUB Procedura Wspomagaj\u0105ca zatrudnianie najlepszych kandydat\u00f3w na stanowiskach asystent\u00f3w, adiunkt\u00f3w i profesor\u00f3w uczelni &#8211; Pakiet Habilitacyjny, <a href=\"https:\/\/kipiam.agh.edu.pl\/?staff-member=lukasz-cieniek\">dr in\u017c. \u0141ukasz Cieniek<\/a> , wniosek 5169 okres realizacji 1.02.2023 okres realizacji Grantu 24 miesi\u0105ce, kwota: 107 410 PLN<\/strong><\/figcaption><\/figure>\n\n\n\n<figure class=\"wp-block-table aligncenter is-style-stripes has-medium-font-size\"><table><tbody><tr><td class=\"has-text-align-center\" data-align=\"center\"><img loading=\"lazy\" decoding=\"async\" width=\"150\" height=\"106\" class=\"wp-image-847\" style=\"width: 150px;\" src=\"https:\/\/kipiam.agh.edu.pl\/wp-content\/uploads\/2023\/09\/agh_idub_pl_rgb-scaled.jpg\" alt=\"\" srcset=\"https:\/\/kipiam.agh.edu.pl\/wp-content\/uploads\/2023\/09\/agh_idub_pl_rgb-scaled.jpg 2560w, https:\/\/kipiam.agh.edu.pl\/wp-content\/uploads\/2023\/09\/agh_idub_pl_rgb-300x212.jpg 300w, https:\/\/kipiam.agh.edu.pl\/wp-content\/uploads\/2023\/09\/agh_idub_pl_rgb-1024x724.jpg 1024w, https:\/\/kipiam.agh.edu.pl\/wp-content\/uploads\/2023\/09\/agh_idub_pl_rgb-768x543.jpg 768w, https:\/\/kipiam.agh.edu.pl\/wp-content\/uploads\/2023\/09\/agh_idub_pl_rgb-1536x1086.jpg 1536w, https:\/\/kipiam.agh.edu.pl\/wp-content\/uploads\/2023\/09\/agh_idub_pl_rgb-2048x1448.jpg 2048w\" sizes=\"auto, (max-width: 150px) 100vw, 150px\" \/><\/td><\/tr><\/tbody><\/table><figcaption class=\"wp-element-caption\"><strong>3. IDUB Procedura Wspomagaj\u0105ca zatrudnianie najlepszych kandydat\u00f3w na stanowiskach asystent\u00f3w, adiunkt\u00f3w i profesor\u00f3w uczelni &#8211; Pakiet Habilitacyjny, <a href=\"https:\/\/kipiam.agh.edu.pl\/?staff-member=magdalena-rozmus-gornikowska\">dr in\u017c. Magdalena Rozmus-G\u00f3rnikowska<\/a> , wniosek 4967 okres realizacji 1.02.2023 okres realizacji Grantu 24 miesi\u0105ce, kwota: 45 670 PLN<\/strong><\/figcaption><\/figure>\n\n\n\n<figure class=\"wp-block-table aligncenter is-style-stripes has-medium-font-size\"><table><tbody><tr><td class=\"has-text-align-center\" data-align=\"center\"><img loading=\"lazy\" decoding=\"async\" width=\"150\" height=\"57\" class=\"wp-image-975\" style=\"width: 150px;\" src=\"https:\/\/kipiam.agh.edu.pl\/wp-content\/uploads\/2024\/10\/NCBR_logo_PL-e1730201839739.png\" alt=\"\"><\/td><\/tr><\/tbody><\/table><figcaption class=\"wp-element-caption\"><strong>4. Projekt FENG.01.01-IP.01-002\/23 &#8211; \u015bcie\u017cka SMART pt.: &#8222;Opracowanie innowacyjnej pow\u0142oki biob\u00f3jczej do zastosowania na powierzchniach roboczych i zewn\u0119trznych mebli ze stali nierdzewnej wykorzystywanych w gastronomii oraz wdro\u017cenie innowacji w zak\u0142adzie produkcyjnym Stalgast Radom Sp. z o.o.&#8221; Lider projektu: Firma &#8222;Stalgast Radom&#8221; sp. z o.o., kwota dofinansowania: 29 119 344,60 z\u0142; Podwykonawca projektu: AGH (Katedra In\u017cynierii Powierzchni i Analiz Materia\u0142\u00f3w i Katedra Plastycznej Przer\u00f3bki Metali i Metalurgii Ekstrakcyjnej, WIMiIP). Kierownik zadania <a href=\"https:\/\/kipiam.agh.edu.pl\/?staff-member=slawomir-kac\">dr hab. in\u017c. S. K\u0105c, prof. AGH<\/a>, wykonawcy: <a href=\"https:\/\/kipiam.agh.edu.pl\/?staff-member=agnieszka-radziszewska\">dr hab. in\u017c. A. Radziszewska, prof. AGH<\/a>; dr hab. in\u017c. K. Muszka, prof. AGH, okres realizacji projektu: 1.09.2024 &#8211; 30.04.2027; Kwota zadania dla AGH 2 152 500,00 z\u0142<\/strong><\/figcaption><\/figure>\n\n\n\n<p class=\"has-medium-font-size\"><strong>Projekty zrealizowane<\/strong><\/p>\n\n\n\n<p>1. Projekt Opus11: Optymalizacja wsp\u00f3\u0142osadzania elektroforetycznego ceramiki i polimer\u00f3w w celu wytworzenia kompozytowych pow\u0142ok niskotarciowych odpornych na zu\u017cycie \u015bcierne, Umowa z NCN: nr UMO-2016\/21\/B\/ST8\/00238, Kierownik dr hab. in\u017c. Tomasz Moskalewicz, okres realizacji: 16.01.2017 \u2013 15.01.2020, kwota dla AGH: 596 990 PLN<br><br>2. Projekt Opus5: Opracowanie bioaktywnych i biodegradowalnych pow\u0142ok kompozytowych o osnowie polimerowej w celu poprawy w\u0142a\u015bciwo\u015bci osteoinduktywnych stop\u00f3w tytanu, Umowa z NCN: nr UMO-2013\/09\/B\/ST8\/00145, Kierownik dr hab. in\u017c. Tomasz Moskalewicz, okres realizacji: 20.02.2014 \u2013 19.02.2017, kwota dla AGH: 831 950 PLN<br><br>3. Projekt MNiSW\/NCN: Kszta\u0142towanie mikro\/nanostruktury warstw kwazikrystalicznych w celu poprawy w\u0142a\u015bciwo\u015bci stop\u00f3w tytanu, Umowa z MNiSW: nr 2784\/B\/T02\/2009\/36, Kierownik dr in\u017c. Tomasz Moskalewicz, okres realizacji: 04.06.2009\u2013 3.06.2012, kwota dla AGH: 350 000 PLN<br><br>4. Projekt Opus: Analiza czynnik\u00f3w prowadz\u0105cych do laserowej interferencyjnej krystalizacji amorficznych ta\u015bm ze stopu FeSiB(X), Umowa z NCN: nr UMO-2015\/19\/B\/ST8\/01070 z dn. 15.09.2015r., Kierownik Prof. Jan Kusi\u0144ski (mgr in\u017c. Olaf Czy\u017c), okres realizacji: 28.06.2016 \u2013 27.06.2019, kwota dla AGH: 554 400 PLN<br><br>5. Projekt Preludium: Mikrostruktura i w\u0142asno\u015bci pow\u0142ok ze stopu niklu poddanych dzia\u0142aniu agresywnych atmosfer w podwy\u017cszonych temperaturach, Umowa z NCN: nr UMO-2014\/15\/N\/ST8\/02625 z dn. 07.09.2015r., Kierownik mgr in\u017c. Monika Solecka, okres realizacji: 07.09.2015 \u2013 06.09.2018, kwota dla AGH: 150 000 PLN<br><br>6. Projekt Opus: Badania struktury i w\u0142asno\u015bci elektrycznych nanowarstw LaCoO3 i LaFeO3 domieszkowanych strontem, Umowa z NCN: nr UMO-2013\/09\/B\/ST8\/01681, Kierownik Prof. Jan Kusi\u0144ski, okres realizacji: 12.02.2014 \u2013 11.02.2017, kwota dla AGH: 495 094 PLN<br><br>7. Projekt Preludium: Mikrostruktura i w\u0142asno\u015bci mechaniczne metali o strukturze A1 odkszta\u0142canych w warunkach z\u0142o\u017conych odkszta\u0142ce\u0144 plastycznych, Umowa z NCN: nr 2013\/09\/N\/ST8\/04164, Kierownik mgr in\u017c. Agnieszka Uniwersa\u0142, okres realizacji: 24.03.2014 \u2013 23.03.2017, kwota dla AGH: 150 000 PLN<br><br>8. Projekt Opus: Analiza zmian mikrostrukturalnych zachodz\u0105cych podczas \u0142\u0105czenia r\u00f3\u017cnoimiennych stop\u00f3w aluminium metod\u0105 tarciow\u0105 z przemieszaniem materia\u0142u, Umowa z NCN: nr UMO-2013\/11\/B\/ST8\/04409, Kierownik Prof. Stanis\u0142aw Dymek, okres realizacji:16.07.2014 \u2013 15.07.2017, kwota dla AGH: 660 000 PLN<br><br>9. Projekt Sonata: Mikrostrukturalne aspekty zgrzewania tarciowego z mieszaniem materia\u0142u w zastosowaniu do r\u00f3\u017cnoimiennych stop\u00f3w aluminium, Umowa z NCN: nr UMO-2012\/07\/D\/ST8\/02737, Kierownik dr in\u017c. Izabela Kalemba, okres realizacji: 26.09.2013 \u2013 25.09.2016, kwota dla AGH: 300 750 PLN<br><br>10. Grant Dzieka\u0144ski: Charakterystyka pow\u0142ok ze stopu Inconel 625 napawanych technik\u0105 CMT poddanych zu\u017cyciu korozyjno-erozyjnych, Umowa z AGH: nr 15.11.110.345, Kierownik Prof. Jan Kusi\u0144ski (mgr in\u017c. Monika Solecka), okres realizacji: 28.04.2015 \u2013 31.12.2015, kwota dla AGH: 27 000 PLN<br><br>11. Grant Dzieka\u0144ski: Wp\u0142yw temperatury pod\u0142o\u017ca oraz parcjalnego ci\u015bnienia gaz\u00f3w podczas osadzania laserem impulsowym architektury buforowej na miedzi dla zastosowa\u0144 jako ta\u015bmy nadprzewodz\u0105ce II generacji, Umowa z AGH: nr 15.11.110.349, Kierownik Prof. Jan Kusi\u0144ski (mgr in\u017c. Grzegorz Szwachta), okres realizacji: 28.04.2015 &#8211; 31.12.2015, kwota dla AGH: 13 500 PLN<br><br>12. Projekt SEFAGH: Pow\u0142oki z nadstop\u00f3w niklu napawane metod\u0105 CMT na rury i \u015bciany szczelne kot\u0142\u00f3w energetycznych do spalania odpad\u00f3w, umowa z NCBiR: nr PBS1\/B5\/4\/2012 z dn. 5 grudnia 2012r., Kierownik Prof. Jan Kusi\u0144ski, okres realizacji: 01.09.2012 &#8211; 31.08.2015, kwota dla AGH: 850 000 PLN<br><br>13. Projekt Innotech II: Niskoenergetyczne napawanie stalami odpornymi na korozj\u0119 i erozj\u0119 powierzchni element\u00f3w kot\u0142\u00f3w energetycznych opalanych w\u0119glem, umowa z NCBiR: INNOTECH-K2\/IN2\/19\/181966\/NCBR\/12 z dn. 18.12.2012r., Kierownik Prof. Marek Blicharski, okres reazliacji: 01.11.2012 &#8211; 31.10.2014, kwota dla AGH: 1 035 000 PLN<br><br>14. Projekt Las-Energ: Technologie laserowego spawania dla energetyki i ochrony \u015brodowiska, umowa z NCBiR: nr PBS1\/B5\/13\/2012 z dn. 12.12.2012r., Kierownik dr in\u017c. S\u0142awomir K\u0105c, okres realizacji: 01.10.2012 &#8211; 31.12.2015, kwota dla AGH: 800 000 PLN<br><br>15. Projekt Opus: Cienkie warstwy tlenku bizmutu domieszkowanego erbem i niobem wytwarzane technika PLD, umowa z NCN: nr UMO-2011\/03\/B\/ST8\/05152 z dn. 27.07.2012r., Kierownik dr in\u017c. S\u0142awomir K\u0105c, okres realizacji: 27.07.2012 \u2013 26.03.2015, kwota dla AGH: 930 000 PLN<br><br>16. Projekt Sonata: Optymalizacja parametr\u00f3w procesu nanoszenia pow\u0142ok ze stop\u00f3w niklu na pod\u0142o\u017ce stalowe, ze wzgl\u0119du na mikrostruktur\u0119 i w\u0142asno\u015bci, umowa z NCN: DEC-2011\/01\/D\/ST8\/04948, Kierwonik dr in\u017c. Magdalena Rozmus-G\u00f3rnikowska, okres realizacji: 13.12.2011 \u2013 12.12.2014, kwota dla AGH: 375 000 PLN<br><br>17. Projekt NCN: Opracowanie wieloskalowego modelu komory wspomagania pracy serca uwzgl\u0119dniaj\u0105cego zjawisko utraty sp\u00f3jno\u015bci na granicy pomi\u0119dzy biozgodn\u0105 nanopow\u0142ok\u0105 azotku tytanu i polimerem, okres realizacji: 2012-2014<br><br>18. Projekt MNiSW: Mikrostruktura i w\u0142asno\u015bci mechaniczne po\u0142\u0105cze\u0144 stopu Al-Zn-Mg-Cu modyfikowanego Sc wykonanych metod\u0105 zgrzewania tarciowego z mieszaniem materia\u0142u zgrzeiny, umowa: nr N N507 313440, Kierownik dr in\u017c. Mateusz Kopy\u015bcia\u0144ski, okres realizacji: 24.05.2011 \u2013 23.11.2013<br><br>19. Projekt MNiSW: Zastosowanie metody tarciowej z mieszaniem materia\u0142u (FSP) do optymalizacji mikrostruktury i w\u0142asno\u015bci mechanicznych warstwy wierzchniej odlew\u00f3w stop\u00f3w metali, umowa: nr N N507 295439, Kierownik Prof. Marek Blicharski, okres realizacji: 29.10.2010 &#8211; 28.10.2013<br><br>20. Projekt MNiSW: Wp\u0142yw d\u0142ugotrwa\u0142ego wy\u017carzania na mikrostruktur\u0119 i w\u0142asno\u015bci mechaniczne stopu Ni\u201325Mo\u20138Cr, umowa: nr N N507 296739, Kierownik Prof. Stanis\u0142aw Dymek, okres realizacji: 26.10.2010 \u2013 25.04.2013<br><br>21. Si\u00f3dmy Program Ramowy (7PR):&nbsp;Supersonic deposition of nanostructured SURFACES, umowa: nr FP7-NMP-2008 LARGE-2 CP-IP 228814-2, Koordynator Prof. Jan Kusi\u0144ski, okres realizacji: 01.11.2009 \u2013 30.10.2013, partnerzy projektu: MBN Nanomaterialia S.p.A. (W\u0142ochy), Katholieke Universiteit Leuven (Belgia), Cold Gas Technology GmbH (Niemcy), University of Barcelona &#8211; Thermal Spray Centre (Hiszpania), MATRES Scrl. (W\u0142ochy), SKF Aerospace (Francja), ALHENIA AG (Szwajcaria), Institute for Nonferrous and Rare Metals (Rumunia), GRANTA Ltd (Wielka Brytania), Falex Tribology (Holandia)<br><br>22. Projekt MNiSW: Charakterystyka struktury i wybranych w\u0142asno\u015bci cienkich warstw \u03b2-Al-Mg modyfikowanych Ni i otrzymanych technik\u0105 ablacji laserowej, umowa: nr N N507 513138, Kierownik dr in\u017c. Agnieszka Radziszewska, okres realizacji: 21.05.2010 \u2013 20.05.2012<br><br>23. Projekt MNiSW: Wytwarzane technik\u0105 ablacji laserowej cienkie warstwy tlenku kobaltu domieszkowanego wapniem i lantanem o optymalnych w\u0142asno\u015bciach elektrycznych, umowa: nr N N507 407236, Kierownik dr in\u017c. \u0141ukasz Cieniek, okres realizacji: 13.06.2009 &#8211; 12.06.2012<br><br>24. Projekt MNiSW\/NCN: Optymalizacja mikrostruktury i w\u0142asno\u015bci mechanicznych po\u0142\u0105cze\u0144 stop\u00f3w Al-Zn-Mg-Cu modyfikowanych skandem i cyrkonem wykonanych metod\u0105 zgrzewania tarciowego z mieszaniem materia\u0142u zgrzeiny (FSW), umowa: nr 18.18.110.964, Kierownik Prof. Stanis\u0142aw Dymek, okres realizacji: 16.10.2009 &#8211; 15.10.2012<br><br>25. Projekt MNiSW\/NCN: Nowa technologia wytwarzania wyrob\u00f3w ci\u0105gnionych z zastosowaniem zmiennej drogi odkszta\u0142cenia w urz\u0105dzeniu KWC (k\u0105towe wielostopniowe ci\u0105gnienie), okres realizacji: 2011<br><br>26. Projekt: Wytwarzanie technik\u0105 ablacji laserowej (laser Nd:YAG) pow\u0142ok na pod\u0142o\u017cu polimerowym i metalicznym. Optymalizacja parametr\u00f3w techniki ablacji i wytwarzanie pow\u0142ok systemem opartym o laser Nd:YAG na elementach protez, okres realizacji: 2008-2010<br><br>27. Projekt MNSZWiT: Wytwarzanie i analiza w\u0142asno\u015bci katalitycznych cienkich warstw tlenkowych do zastosowania jako czujniki gazu, okres realizacji: 2007-2010<br><br>28. Projekt MNSZWiT: Poprawienie pojemno\u015bci magazynowania i kinetyki wodoru w stopach wodorkowych przez na\u0142o\u017cenie nanopow\u0142oki wielofunkcyjnego polimeru hybrydowego, okres realizacji: 2007-2009<br><br>29. Sz\u00f3sty Program Ramowy (6PR) &#8211; projekt STREP:&nbsp;Advancement in storage capability and hydrogen kinetics of hybride storage alloy trough nanocoating with multifunctional hybryd polymer (HydroNanoPol), okres realizacji: 2006-2009<br><br>30. Sz\u00f3sty Program Ramowy (6PR): Surfaces of Complex Metallic Alloys, okres realizacji: 2005-2009<br><br>31. Sz\u00f3sty Program Ramowy (6PR):&nbsp;High Flux Solar Facilities for Europe (SOLFACE), okres realizacji: 2004-2005<\/p>\n\n\n\n<p>32. Projekt Opus 15: Wieloskalowa analiza zmian mikrostruktury warstw wierzchnich odpornych na \u015bcieranie natryskiwanych plazmowo i przetapianych z wykorzystaniem skoncentrowanych \u017ar\u00f3de\u0142 energii w aspekcie poprawy ich w\u0142asno\u015bci mechanicznych, Umowa z NCN: nr UMO-2018\/29\/B\/ST8\/01206, Kierownik Prof. Stanis\u0142aw Dymek, okres realizacji: 18.02.2019 \u201317.02.2022, kwota: 855 000 PLN<\/p>\n\n\n\n<p>33. Projekt Opus 16: Analiza zmian mikrostrukturalnych zachodz\u0105cych podczas zgrzewania tarciowego z mieszaniem materia\u0142u (FSW) stop\u00f3w magnezu oraz stop\u00f3w magnezu ze stopami aluminium i ich wp\u0142yw na w\u0142asno\u015bci mechaniczne po\u0142\u0105cze\u0144, Umowa z NCN: nr UMO-2018\/31\/B\/ST8\/01594, Kierownik Prof. Stanis\u0142aw Dymek, okres realizacji: 24.07.2019 \u2013 23.07.2022, kwota: 875 000 PLN<\/p>\n\n\n\n<p>34. Projekt: NAWA POLONIUM 2019 (wymiana bilateralna naukowc\u00f3w Polska-Francja) &#8222;Badania heteroz\u0142\u0105cz La2Ti2O7\/LaCoO3: Sr do konwersji energii s\u0142onecznej&#8221;, nr AGH 12.12.110.7045; okres realizacji 1.01.2020 \u2013 31.12.2021<\/p>\n\n\n\n<p>35. Projekt: NAWA POLONIUM 2019 (wymiana bilateralna naukowc\u00f3w Polska-Niemcy) &#8222;Charakterystyka popio\u0142\u00f3w i identyfikacja rodzaj\u00f3w korozyjnych powstaj\u0105cych podczas spalania biomasy&#8221;, nr AGH 12.12.110.7040; okres realizacji 01.01.2019- 31.12.2020<\/p>\n\n\n\n<p>36. Projekt NCN-DFG, Beethoven Classic 3: Development of electrophoretic co-deposition of bioactive and antibacterial ceramics with biodegradable polymers to produce novel composite coatings for biomedical applications, Umowa z NCN: nr UMO-2018\/31\/G\/ST5\/00429, Kierownik dr hab. in\u017c. Tomasz Moskalewicz\/Prof. Aldo R. Boccaccini (Friedrich-Alexander-University Erlangen-Nuremberg, Niemcy, okres realizacji: 15.01.2020 \u201314.01.2023, kwota dla AGH: 996 250 PLN<\/p>\n\n\n\n<p>37. Projekt Miniatura-6: Wp\u0142yw warunk\u00f3w wytwarzania na mikrostruktur\u0119 i wybrane w\u0142a\u015bciwo\u015bci pow\u0142ok politetrafluoroetylenu, Nr DEC-2022\/06\/X\/ST5\/00924, Kierownik dr in\u017c. Aleksandra Fio\u0142ek, okres realizacji: 23.11.2022-22.11.2023, kwota dla AGH: 47 960 PLN<\/p>\n","protected":false},"excerpt":{"rendered":"<p>Projekty w trakcie realizacji 1. Projekt OPUS-23: Bioinspirowane pow\u0142oki z biodegradowalnych polimer\u00f3w anionowych i kationowych oraz naturalnych substancji przeciwdrobnoustrojowych dla implant\u00f3w metalowych, Umowa z NCN: nr UMO-2022\/45\/B\/ST5\/00242, Kierownik prof. dr hab. in\u017c. Tomasz Moskalewicz, okres realizacji: 20.01.2023 \u2013 19.01.2026, projekt we wsp\u00f3\u0142pracy z Uniwersytet Jagiello\u0144ski, Collegium Medicum, Prof. dr hab. n. med. Monika Brzychczy-W\u0142och (kwota&#8230;<\/p>\n<p class=\"more-link-wrap\"><a href=\"https:\/\/kipiam.agh.edu.pl\/?page_id=838\" class=\"more-link\">Read More<span class=\"screen-reader-text\"> &ldquo;Projekty i granty&rdquo;<\/span> &raquo;<\/a><\/p>\n","protected":false},"author":1,"featured_media":0,"parent":0,"menu_order":0,"comment_status":"closed","ping_status":"closed","template":"","meta":{"footnotes":""},"class_list":["post-838","page","type-page","status-publish","hentry"],"_links":{"self":[{"href":"https:\/\/kipiam.agh.edu.pl\/index.php?rest_route=\/wp\/v2\/pages\/838","targetHints":{"allow":["GET"]}}],"collection":[{"href":"https:\/\/kipiam.agh.edu.pl\/index.php?rest_route=\/wp\/v2\/pages"}],"about":[{"href":"https:\/\/kipiam.agh.edu.pl\/index.php?rest_route=\/wp\/v2\/types\/page"}],"author":[{"embeddable":true,"href":"https:\/\/kipiam.agh.edu.pl\/index.php?rest_route=\/wp\/v2\/users\/1"}],"replies":[{"embeddable":true,"href":"https:\/\/kipiam.agh.edu.pl\/index.php?rest_route=%2Fwp%2Fv2%2Fcomments&post=838"}],"version-history":[{"count":12,"href":"https:\/\/kipiam.agh.edu.pl\/index.php?rest_route=\/wp\/v2\/pages\/838\/revisions"}],"predecessor-version":[{"id":995,"href":"https:\/\/kipiam.agh.edu.pl\/index.php?rest_route=\/wp\/v2\/pages\/838\/revisions\/995"}],"wp:attachment":[{"href":"https:\/\/kipiam.agh.edu.pl\/index.php?rest_route=%2Fwp%2Fv2%2Fmedia&parent=838"}],"curies":[{"name":"wp","href":"https:\/\/api.w.org\/{rel}","templated":true}]}}