{"id":970,"date":"2024-10-29T12:12:19","date_gmt":"2024-10-29T11:12:19","guid":{"rendered":"https:\/\/kipiam.agh.edu.pl\/?page_id=970"},"modified":"2024-10-29T12:12:20","modified_gmt":"2024-10-29T11:12:20","slug":"sklad-osobowy","status":"publish","type":"page","link":"https:\/\/kipiam.agh.edu.pl\/?page_id=970","title":{"rendered":"Sk\u0142ad osobowy"},"content":{"rendered":"\n<div class=\"staff-member-listing\"><h3>Kierownik Katedry<\/h3><hr style=\"height: 1px; margin-top: 10px\"><div class=\"staff-member even  last\" id=\"?staff-member=slawomir-kac\"><div class=\"staff-member-info-wrap\"><span class=\"staff-member-name\"><a href=\"https:\/\/kipiam.agh.edu.pl\/?staff-member=slawomir-kac\" rel=\"bookmark\">Dr hab. in\u017c. S\u0142awomir K\u0105c, prof. AGH<\/a><\/span><\/div><\/div> <!-- Close staff-member --><\/div> <!-- Close staff-member-listing --><div class=\"staff-member-listing\"><h3>Profesorowie<\/h3><hr style=\"height: 1px; margin-top: 10px\"><div class=\"staff-member even \" id=\"?staff-member=agnieszka-kopia\"><div class=\"staff-member-info-wrap\"><span class=\"staff-member-name\"><a href=\"https:\/\/kipiam.agh.edu.pl\/?staff-member=agnieszka-kopia\" rel=\"bookmark\">Prof. dr hab. in\u017c. Agnieszka Kopia<\/a><\/span><\/div><\/div> <!-- Close staff-member --><div class=\"staff-member odd \" id=\"?staff-member=tomasz-moskalewicz-prof-agh\"><div class=\"staff-member-info-wrap\"><span class=\"staff-member-name\"><a href=\"https:\/\/kipiam.agh.edu.pl\/?staff-member=tomasz-moskalewicz-prof-agh\" rel=\"bookmark\">Prof. dr hab. in\u017c. Tomasz Moskalewicz<\/a><\/span><\/div><\/div> <!-- Close staff-member --><div class=\"staff-member even \" id=\"?staff-member=agnieszka-radziszewska\"><div class=\"staff-member-info-wrap\"><span class=\"staff-member-name\"><a href=\"https:\/\/kipiam.agh.edu.pl\/?staff-member=agnieszka-radziszewska\" rel=\"bookmark\">Dr hab. in\u017c. Agnieszka Radziszewska, prof. AGH<\/a><\/span><\/div><\/div> <!-- Close staff-member --><div class=\"staff-member odd  last\" id=\"?staff-member=miroslaw-wrobel-prof-agh\"><div class=\"staff-member-info-wrap\"><span class=\"staff-member-name\"><a href=\"https:\/\/kipiam.agh.edu.pl\/?staff-member=miroslaw-wrobel-prof-agh\" rel=\"bookmark\">Dr hab. in\u017c. Miros\u0142aw Wr\u00f3bel, prof. AGH<\/a><\/span><\/div><\/div> <!-- Close staff-member --><\/div> <!-- Close staff-member-listing --><div class=\"staff-member-listing\"><h3>Profesor wizytuj\u0105cy<\/h3><hr style=\"height: 1px; margin-top: 10px\"><div class=\"staff-member even  last\" id=\"?staff-member=benjamin-carter-hamilton\"><div class=\"staff-member-info-wrap\"><span class=\"staff-member-name\"><a href=\"https:\/\/kipiam.agh.edu.pl\/?staff-member=benjamin-carter-hamilton\" rel=\"bookmark\">Prof. Benjamin Carter Hamilton<\/a><\/span><\/div><\/div> <!-- Close staff-member --><\/div> <!-- Close staff-member-listing --><div class=\"staff-member-listing\"><h3>Adiunkci<\/h3><hr style=\"height: 1px; margin-top: 10px\"><div class=\"staff-member even \" id=\"?staff-member=amelia-zieba\"><div class=\"staff-member-info-wrap\"><span class=\"staff-member-name\"><a href=\"https:\/\/kipiam.agh.edu.pl\/?staff-member=amelia-zieba\" rel=\"bookmark\">Dr in\u017c. Amelia Zi\u0119ba<\/a><\/span><\/div><\/div> <!-- Close staff-member --><div class=\"staff-member odd \" id=\"?staff-member=izabela-kalemba-rec\"><div class=\"staff-member-info-wrap\"><span class=\"staff-member-name\"><a href=\"https:\/\/kipiam.agh.edu.pl\/?staff-member=izabela-kalemba-rec\" rel=\"bookmark\">Dr in\u017c. Izabela Kalemba-Rec<\/a><\/span><\/div><\/div> <!-- Close staff-member --><div class=\"staff-member even \" id=\"?staff-member=magdalena-rozmus-gornikowska\"><div class=\"staff-member-info-wrap\"><span class=\"staff-member-name\"><a href=\"https:\/\/kipiam.agh.edu.pl\/?staff-member=magdalena-rozmus-gornikowska\" rel=\"bookmark\">Dr in\u017c. Magdalena Rozmus-G\u00f3rnikowska<\/a><\/span><\/div><\/div> <!-- Close staff-member --><div class=\"staff-member odd \" id=\"?staff-member=aleksandra-bloniarz\"><div class=\"staff-member-info-wrap\"><span class=\"staff-member-name\"><a href=\"https:\/\/kipiam.agh.edu.pl\/?staff-member=aleksandra-bloniarz\" rel=\"bookmark\">Dr Aleksandra B\u0142oniarz<\/a><\/span><\/div><\/div> <!-- Close staff-member --><div class=\"staff-member even \" id=\"?staff-member=aleksandra-kruk\"><div class=\"staff-member-info-wrap\"><span class=\"staff-member-name\"><a href=\"https:\/\/kipiam.agh.edu.pl\/?staff-member=aleksandra-kruk\" rel=\"bookmark\">Dr in\u017c. Aleksandra Fio\u0142ek<\/a><\/span><\/div><\/div> <!-- Close staff-member --><div class=\"staff-member odd \" id=\"?staff-member=lukasz-cieniek\"><div class=\"staff-member-info-wrap\"><span class=\"staff-member-name\"><a href=\"https:\/\/kipiam.agh.edu.pl\/?staff-member=lukasz-cieniek\" rel=\"bookmark\">Dr in\u017c. \u0141ukasz Cieniek<\/a><\/span><\/div><\/div> <!-- Close staff-member --><div class=\"staff-member even  last\" id=\"?staff-member=mateusz-kopyscianski\"><div class=\"staff-member-info-wrap\"><span class=\"staff-member-name\"><a href=\"https:\/\/kipiam.agh.edu.pl\/?staff-member=mateusz-kopyscianski\" rel=\"bookmark\">Dr in\u017c. Mateusz Kopy\u015bcia\u0144ski<\/a><\/span><\/div><\/div> <!-- Close staff-member --><\/div> <!-- Close staff-member-listing --><div class=\"staff-member-listing\"><h3>Pracownicy techniczni<\/h3><hr style=\"height: 1px; margin-top: 10px\"><div class=\"staff-member even \" id=\"?staff-member=jaroslaw-moskalewicz\"><div class=\"staff-member-info-wrap\"><span class=\"staff-member-name\"><a href=\"https:\/\/kipiam.agh.edu.pl\/?staff-member=jaroslaw-moskalewicz\" rel=\"bookmark\"> Jaros\u0142aw Moskalewicz<\/a><\/span><\/div><\/div> <!-- Close staff-member --><div class=\"staff-member odd \" id=\"?staff-member=amelia-zieba\"><div class=\"staff-member-info-wrap\"><span class=\"staff-member-name\"><a href=\"https:\/\/kipiam.agh.edu.pl\/?staff-member=amelia-zieba\" rel=\"bookmark\">Dr in\u017c. Amelia Zi\u0119ba<\/a><\/span><\/div><\/div> <!-- Close staff-member --><div class=\"staff-member even  last\" id=\"?staff-member=lukasz-blajszczak\"><div class=\"staff-member-info-wrap\"><span class=\"staff-member-name\"><a href=\"https:\/\/kipiam.agh.edu.pl\/?staff-member=lukasz-blajszczak\" rel=\"bookmark\">Mgr in\u017c. \u0141ukasz B\u0142ajszczak<\/a><\/span><\/div><\/div> <!-- Close staff-member --><\/div> <!-- Close staff-member-listing --><div class=\"staff-member-listing\"><h3>Sekretariat<\/h3><hr style=\"height: 1px; margin-top: 10px\"><div class=\"staff-member even  last\" id=\"?staff-member=monika-cizak\"><div class=\"staff-member-info-wrap\"><span class=\"staff-member-name\"><a href=\"https:\/\/kipiam.agh.edu.pl\/?staff-member=monika-cizak\" rel=\"bookmark\"> Monika Cizak<\/a><\/span><\/div><\/div> <!-- Close staff-member --><\/div> <!-- Close staff-member-listing --><div class=\"staff-member-listing\"><h3>Doktoranci<\/h3><hr style=\"height: 1px; margin-top: 10px\"><div class=\"staff-member even \" id=\"?staff-member=mateusz-motyl\"><div class=\"staff-member-info-wrap\"><span class=\"staff-member-name\"><a href=\"https:\/\/kipiam.agh.edu.pl\/?staff-member=mateusz-motyl\" rel=\"bookmark\">Mgr in\u017c. Mateusz Motyl<\/a><\/span><\/div><\/div> <!-- Close staff-member --><div class=\"staff-member odd \" id=\"?staff-member=damian-sierakowski\"><div class=\"staff-member-info-wrap\"><span class=\"staff-member-name\"><a href=\"https:\/\/kipiam.agh.edu.pl\/?staff-member=damian-sierakowski\" rel=\"bookmark\">Mgr in\u017c. Damian Sierakowski<\/a><\/span><\/div><\/div> <!-- Close staff-member --><div class=\"staff-member even \" id=\"?staff-member=lukasz-blajszczak\"><div class=\"staff-member-info-wrap\"><span class=\"staff-member-name\"><a href=\"https:\/\/kipiam.agh.edu.pl\/?staff-member=lukasz-blajszczak\" rel=\"bookmark\">Mgr in\u017c. \u0141ukasz B\u0142ajszczak<\/a><\/span><\/div><\/div> <!-- Close staff-member --><div class=\"staff-member odd \" id=\"?staff-member=mikolaj-mielczarek\"><div class=\"staff-member-info-wrap\"><span class=\"staff-member-name\"><a href=\"https:\/\/kipiam.agh.edu.pl\/?staff-member=mikolaj-mielczarek\" rel=\"bookmark\">Mgr in\u017c. Miko\u0142aj Mielczarek<\/a><\/span><\/div><\/div> <!-- Close staff-member --><div class=\"staff-member even \" id=\"?staff-member=robert-karpinski\"><div class=\"staff-member-info-wrap\"><span class=\"staff-member-name\"><a href=\"https:\/\/kipiam.agh.edu.pl\/?staff-member=robert-karpinski\" rel=\"bookmark\">Mgr in\u017c. Robert Karpi\u0144ski<\/a><\/span><\/div><\/div> <!-- Close staff-member --><div class=\"staff-member odd  last\" id=\"?staff-member=tomasz-cudak\"><div class=\"staff-member-info-wrap\"><span class=\"staff-member-name\"><a href=\"https:\/\/kipiam.agh.edu.pl\/?staff-member=tomasz-cudak\" rel=\"bookmark\">Mgr in\u017c. Tomasz Cudak<\/a><\/span><\/div><\/div> <!-- Close staff-member --><\/div> <!-- Close staff-member-listing --><div class=\"staff-member-listing\"><h3>Pracownicy emerytowani<\/h3><hr style=\"height: 1px; margin-top: 10px\"><div class=\"staff-member even \" id=\"?staff-member=wieslaw-brzegowy\"><div class=\"staff-member-info-wrap\"><span class=\"staff-member-name\"><a href=\"https:\/\/kipiam.agh.edu.pl\/?staff-member=wieslaw-brzegowy\" rel=\"bookmark\">Mgr in\u017c. Wies\u0142aw Brzegowy<\/a><\/span><\/div><\/div> <!-- Close staff-member --><div class=\"staff-member odd \" id=\"?staff-member=waclaw-ciesla\"><div class=\"staff-member-info-wrap\"><span class=\"staff-member-name\"><a href=\"https:\/\/kipiam.agh.edu.pl\/?staff-member=waclaw-ciesla\" rel=\"bookmark\">Mgr in\u017c. Wac\u0142aw Cie\u015bla<\/a><\/span><\/div><\/div> <!-- Close staff-member --><div class=\"staff-member even \" id=\"?staff-member=marek-blicharski\"><div class=\"staff-member-info-wrap\"><span class=\"staff-member-name\"><a href=\"https:\/\/kipiam.agh.edu.pl\/?staff-member=marek-blicharski\" rel=\"bookmark\">Prof. dr hab. in\u017c. Marek Blicharski<\/a><\/span><\/div><\/div> <!-- Close staff-member --><div class=\"staff-member odd \" id=\"?staff-member=jan-kusinski\"><div class=\"staff-member-info-wrap\"><span class=\"staff-member-name\"><a href=\"https:\/\/kipiam.agh.edu.pl\/?staff-member=jan-kusinski\" rel=\"bookmark\">Prof. dr hab. in\u017c. Jan Kusi\u0144ski<\/a><\/span><\/div><\/div> <!-- Close staff-member --><div class=\"staff-member even \" id=\"?staff-member=ireneusz-suliga\"><div class=\"staff-member-info-wrap\"><span class=\"staff-member-name\"><a href=\"https:\/\/kipiam.agh.edu.pl\/?staff-member=ireneusz-suliga\" rel=\"bookmark\">Dr in\u017c. Ireneusz Suliga<\/a><\/span><\/div><\/div> <!-- Close staff-member --><div class=\"staff-member odd \" id=\"?staff-member=marta-gora\"><div class=\"staff-member-info-wrap\"><span class=\"staff-member-name\"><a href=\"https:\/\/kipiam.agh.edu.pl\/?staff-member=marta-gora\" rel=\"bookmark\">Mgr Marta G\u00f3ra<\/a><\/span><\/div><\/div> <!-- Close staff-member --><div class=\"staff-member even \" id=\"?staff-member=jan-pietrzyk\"><div class=\"staff-member-info-wrap\"><span class=\"staff-member-name\"><a href=\"https:\/\/kipiam.agh.edu.pl\/?staff-member=jan-pietrzyk\" rel=\"bookmark\">Prof. dr hab. in\u017c. Jan Pietrzyk<\/a><\/span><\/div><\/div> <!-- Close staff-member --><div class=\"staff-member odd \" id=\"?staff-member=stanislaw-gut\"><div class=\"staff-member-info-wrap\"><span class=\"staff-member-name\"><a href=\"https:\/\/kipiam.agh.edu.pl\/?staff-member=stanislaw-gut\" rel=\"bookmark\">Dr in\u017c. Stanis\u0142aw Gut<\/a><\/span><\/div><\/div> <!-- Close staff-member --><div class=\"staff-member even \" id=\"?staff-member=jadwiga-orewczyk\"><div class=\"staff-member-info-wrap\"><span class=\"staff-member-name\"><a href=\"https:\/\/kipiam.agh.edu.pl\/?staff-member=jadwiga-orewczyk\" rel=\"bookmark\">Dr Jadwiga Orewczyk<\/a><\/span><\/div><\/div> <!-- Close staff-member --><div class=\"staff-member odd \" id=\"?staff-member=maria-tarka\"><div class=\"staff-member-info-wrap\"><span class=\"staff-member-name\"><a href=\"https:\/\/kipiam.agh.edu.pl\/?staff-member=maria-tarka\" rel=\"bookmark\"> Maria Tarka<\/a><\/span><\/div><\/div> <!-- Close staff-member --><div class=\"staff-member even \" id=\"?staff-member=stanislaw-dymek\"><div class=\"staff-member-info-wrap\"><span class=\"staff-member-name\"><a href=\"https:\/\/kipiam.agh.edu.pl\/?staff-member=stanislaw-dymek\" rel=\"bookmark\">Prof. dr hab. in\u017c. Stanis\u0142aw Dymek<\/a><\/span><\/div><\/div> <!-- Close staff-member --><div class=\"staff-member odd  last\" id=\"?staff-member=kazimierz-kowalski\"><div class=\"staff-member-info-wrap\"><span class=\"staff-member-name\"><a href=\"https:\/\/kipiam.agh.edu.pl\/?staff-member=kazimierz-kowalski\" rel=\"bookmark\">Dr hab. in\u017c. Kazimierz Kowalski<\/a><\/span><\/div><\/div> <!-- Close staff-member --><\/div> <!-- Close staff-member-listing -->\n","protected":false},"excerpt":{"rendered":"","protected":false},"author":1,"featured_media":0,"parent":0,"menu_order":0,"comment_status":"closed","ping_status":"closed","template":"","meta":{"footnotes":""},"class_list":["post-970","page","type-page","status-publish","hentry"],"_links":{"self":[{"href":"https:\/\/kipiam.agh.edu.pl\/index.php?rest_route=\/wp\/v2\/pages\/970","targetHints":{"allow":["GET"]}}],"collection":[{"href":"https:\/\/kipiam.agh.edu.pl\/index.php?rest_route=\/wp\/v2\/pages"}],"about":[{"href":"https:\/\/kipiam.agh.edu.pl\/index.php?rest_route=\/wp\/v2\/types\/page"}],"author":[{"embeddable":true,"href":"https:\/\/kipiam.agh.edu.pl\/index.php?rest_route=\/wp\/v2\/users\/1"}],"replies":[{"embeddable":true,"href":"https:\/\/kipiam.agh.edu.pl\/index.php?rest_route=%2Fwp%2Fv2%2Fcomments&post=970"}],"version-history":[{"count":1,"href":"https:\/\/kipiam.agh.edu.pl\/index.php?rest_route=\/wp\/v2\/pages\/970\/revisions"}],"predecessor-version":[{"id":971,"href":"https:\/\/kipiam.agh.edu.pl\/index.php?rest_route=\/wp\/v2\/pages\/970\/revisions\/971"}],"wp:attachment":[{"href":"https:\/\/kipiam.agh.edu.pl\/index.php?rest_route=%2Fwp%2Fv2%2Fmedia&parent=970"}],"curies":[{"name":"wp","href":"https:\/\/api.w.org\/{rel}","templated":true}]}}